{"id":204477,"date":"2025-12-25T19:11:42","date_gmt":"2025-12-25T16:11:42","guid":{"rendered":"https:\/\/baldumarket.lt\/?post_type=product&#038;p=204477"},"modified":"2026-02-03T23:21:46","modified_gmt":"2026-02-03T20:21:46","slug":"fotel-fuelta-z-metalowa-podstawa-bydgoskie-meble-skora-l4","status":"publish","type":"product","link":"https:\/\/baldumarket.lt\/lt\/product\/fotel-fuelta-z-metalowa-podstawa-bydgoskie-meble-skora-l4\/","title":{"rendered":"Fotelis Fuelta su metaliniu pagrindu Bydgoskie Meble Leather L4"},"content":{"rendered":"<p>\u201eBydgoskie Meble\u201c \u201eFuelta\u201c fotelis puikiai tinka ie\u0161kantiems i\u0161skirtinio akcento savo svetain\u0117je ar biure. Unikalus, kriaukli\u0173 \u012fkv\u0117ptas dizainas i\u0161 karto patraukia ak\u012f ir suteikia interjerui unikalaus charakterio. Subtilus vertikalus si\u016bli\u0173 si\u016bl\u0117jimas pary\u0161kina form\u0105, o kruop\u0161tus meistri\u0161kumas u\u017etikrina ilgaam\u017ei\u0161kum\u0105.<\/p>\n<p>Didelio elastingumo putplas\u010dio su vingiuota spyruokle s\u0117dyn\u0117je naudojimas garantuoja mink\u0161tum\u0105 ir tinkam\u0105 atram\u0105 atsipalaidavimo metu. Poliuretano putplas\u010dio atlo\u0161as i\u0161laiko elastingum\u0105, u\u017etikrindamas patogi\u0105 nugaros atram\u0105 net ir ilgai s\u0117dint. Apval\u016bs porankiai suteikia papildom\u0105 atram\u0105, pagerindami atsipalaidavim\u0105 po \u012ftemptos dienos.<\/p>\n<p>Fotelio stabilum\u0105 u\u017etikrina juodas metalinis krep\u0161elio formos pagrindas, kuris harmoningai dera su \u012fvairiais apmu\u0161alais. D\u0117l plataus med\u017eiag\u0173 pasirinkimo galite pasirinkti geriausiai j\u016bs\u0173 spalv\u0173 pageidavimus atitinkant\u012f variant\u0105, pabr\u0117\u017edami individual\u0173 j\u016bs\u0173 interjero charakter\u012f. Kruop\u0161\u010diai atlikta apdaila patvirtina auk\u0161t\u0105 panaudot\u0173 med\u017eiag\u0173 kokyb\u0119.<\/p>\n<p>D\u0117l savo matmen\u0173 kr\u0117sl\u0105 patogu pastatyti \u012fvairiose erdv\u0117se. 82 cm plo\u010dio, 77 cm gylio, 87 cm auk\u0161\u010dio ir 46 cm s\u0117dimosios dalies auk\u0161\u010dio \u0161is baldas puikiai atrodo tiek erdvioje svetain\u0117je, tiek jaukesniame kabinete. D\u0117l \u0161i\u0173 proporcij\u0173 kr\u0117sl\u0105 lengva pastatyti \u0161alia kavos staliuko ar knyg\u0173 lentynos.<\/p>\n<p>\u201eFuelta\u201c modelis \u2013 tai kruop\u0161\u010diai suprojektuotas baldas, pary\u0161kinantis \u0161iuolaikinio interjero charakter\u012f. I\u0161skirtini\u0173 linij\u0173, patogios konstrukcijos ir plataus audini\u0173 pasirinkimo derinys leid\u017eia kiekvienam vartotojui susikurti savo darni\u0105 kompozicij\u0105. Tai pasi\u016blymas tiems, kurie vertina komfort\u0105 ir kokybi\u0161k\u0105 meistri\u0161kum\u0105, tuo pa\u010diu metu nor\u0117dami savo kambariui suteikti i\u0161skirtinio, modernaus prisilietimo.<\/p>","protected":false},"excerpt":{"rendered":"<p>Dydis (cm):<br \/>\nPlotis: 82<br \/>\nGylis: 77<br \/>\n\u016agis: 87<br \/>\nS\u0117dyn\u0117s auk\u0161tis: 46<\/p>","protected":false},"featured_media":204481,"comment_status":"open","ping_status":"closed","template":"","meta":[],"product_brand":[],"product_cat":[9133],"product_tag":[],"class_list":{"0":"post-204477","1":"product","2":"type-product","3":"status-publish","4":"has-post-thumbnail","6":"product_cat-grouped","8":"first","9":"instock","10":"shipping-taxable","11":"purchasable","12":"product-type-variable","13":"wvs-archive-product-wrapper"},"_links":{"self":[{"href":"https:\/\/baldumarket.lt\/lt\/wp-json\/wp\/v2\/product\/204477","targetHints":{"allow":["GET"]}}],"collection":[{"href":"https:\/\/baldumarket.lt\/lt\/wp-json\/wp\/v2\/product"}],"about":[{"href":"https:\/\/baldumarket.lt\/lt\/wp-json\/wp\/v2\/types\/product"}],"replies":[{"embeddable":true,"href":"https:\/\/baldumarket.lt\/lt\/wp-json\/wp\/v2\/comments?post=204477"}],"wp:featuredmedia":[{"embeddable":true,"href":"https:\/\/baldumarket.lt\/lt\/wp-json\/wp\/v2\/media\/204481"}],"wp:attachment":[{"href":"https:\/\/baldumarket.lt\/lt\/wp-json\/wp\/v2\/media?parent=204477"}],"wp:term":[{"taxonomy":"product_brand","embeddable":true,"href":"https:\/\/baldumarket.lt\/lt\/wp-json\/wp\/v2\/product_brand?post=204477"},{"taxonomy":"product_cat","embeddable":true,"href":"https:\/\/baldumarket.lt\/lt\/wp-json\/wp\/v2\/product_cat?post=204477"},{"taxonomy":"product_tag","embeddable":true,"href":"https:\/\/baldumarket.lt\/lt\/wp-json\/wp\/v2\/product_tag?post=204477"}],"curies":[{"name":"wp","href":"https:\/\/api.w.org\/{rel}","templated":true}]}}