{"id":204438,"date":"2025-12-25T19:09:38","date_gmt":"2025-12-25T16:09:38","guid":{"rendered":"https:\/\/baldumarket.lt\/?post_type=product&#038;p=204438"},"modified":"2026-02-03T23:21:49","modified_gmt":"2026-02-03T20:21:49","slug":"fotel-goya-15rf-ele-bydgoskie-meble-gr2","status":"publish","type":"product","link":"https:\/\/baldumarket.lt\/lt\/product\/fotel-goya-15rf-ele-bydgoskie-meble-gr2\/","title":{"rendered":"Goya 1.5RF ELE fotelis Bydgoskie Meble Gr2"},"content":{"rendered":"<p>\u201eBydgoskie Meble\u201c \u201eGoya\u201c kolekcijos elektrinis kr\u0117slas buvo sukurtas atsi\u017evelgiant \u012f naudotojo komfort\u0105 ir auk\u0161t\u0105 meistri\u0161kumo kokyb\u0119. Jo konstrukcija pagr\u012fsta didelio elastingumo put\u0173 ir vingiuot\u0173 spyruokli\u0173 deriniu, u\u017etikrinan\u010diu puik\u0173 atram\u0105 ir ilgaam\u017ei\u0161kum\u0105. Atlo\u0161as u\u017epildytas elastingais dir\u017eeliais ir poliuretano putomis, u\u017etikrinan\u010diomis tolyg\u0173 svorio paskirstym\u0105 ir komfort\u0105 net ir ilgai ilsintis.<br \/>\nKruop\u0161\u010diai atrinktos med\u017eiagos ir tiksli apdaila suteikia foteliui unikal\u0173 charakter\u012f ir u\u017etikrina ilgaam\u017ei\u0161kum\u0105. Reguliuojama galvos atrama leid\u017eia pritaikyti pasvirimo kamp\u0105 prie individuali\u0173 poreiki\u0173, taip padidinant kasdien\u012f komfort\u0105. Elektrinis mechanizmas veikia skland\u017eiai ir tyliai, tod\u0117l fotelis lengvai reguliuojamas iki patogiausios pad\u0117ties.<\/p>\n<p>Fotelis yra 94 cm plo\u010dio, 84 cm auk\u0161\u010dio ir 107 cm gylio, tod\u0117l jame yra daug erdv\u0117s poilsiui. D\u0117l \u0161i\u0173 proporcij\u0173 fotelis puikiai tinka tiek didesn\u0117ms svetain\u0117ms, tiek jaukesniems interjerams. Tvirta konstrukcija ant ilg\u0173 medini\u0173 kojeli\u0173 suteikia jam lengvumo poj\u016bt\u012f ir palengvina valym\u0105 po foteliu. Gamintojas si\u016blo pla\u010dias pritaikymo galimybes. Kojel\u0117s yra septyni\u0173 spalv\u0173: venge, sendinta vy\u0161nia, nat\u016bralus bukas, nat\u016bralus \u0105\u017euolas, rie\u0161utmedis, sidabrin\u0117 ir juoda. Tai leid\u017eia pritaikyti fotelio i\u0161vaizd\u0105 prie \u012fvairi\u0173 interjero dizain\u0173 \u2013 nuo klasikinio iki modernesnio.<\/p>\n<p>Be to, galite rinktis i\u0161 daugiau nei 600 apmu\u0161al\u0173 audini\u0173, \u012fskaitant odos variantus. Platus spalv\u0173 ir tekst\u016br\u0173 pasirinkimas leid\u017eia sukurti bald\u0105, kuris puikiai atitikt\u0173 naudotojo skon\u012f ir kambario charakter\u012f. Tai paver\u010dia \u201eGoya\u201c fotel\u012f ne tik poilsio vieta, bet ir i\u0161skirtiniu nam\u0173 baldu.<\/p>","protected":false},"excerpt":{"rendered":"<p>Dydis (cm):<br \/>\nPlotis: 110<br \/>\nGylis: 107<br \/>\n\u016agis: 84<\/p>","protected":false},"featured_media":204469,"comment_status":"open","ping_status":"closed","template":"","meta":[],"product_brand":[],"product_cat":[9133],"product_tag":[],"class_list":{"0":"post-204438","1":"product","2":"type-product","3":"status-publish","4":"has-post-thumbnail","6":"product_cat-grouped","8":"first","9":"instock","10":"shipping-taxable","11":"purchasable","12":"product-type-variable","13":"wvs-archive-product-wrapper"},"_links":{"self":[{"href":"https:\/\/baldumarket.lt\/lt\/wp-json\/wp\/v2\/product\/204438","targetHints":{"allow":["GET"]}}],"collection":[{"href":"https:\/\/baldumarket.lt\/lt\/wp-json\/wp\/v2\/product"}],"about":[{"href":"https:\/\/baldumarket.lt\/lt\/wp-json\/wp\/v2\/types\/product"}],"replies":[{"embeddable":true,"href":"https:\/\/baldumarket.lt\/lt\/wp-json\/wp\/v2\/comments?post=204438"}],"wp:featuredmedia":[{"embeddable":true,"href":"https:\/\/baldumarket.lt\/lt\/wp-json\/wp\/v2\/media\/204469"}],"wp:attachment":[{"href":"https:\/\/baldumarket.lt\/lt\/wp-json\/wp\/v2\/media?parent=204438"}],"wp:term":[{"taxonomy":"product_brand","embeddable":true,"href":"https:\/\/baldumarket.lt\/lt\/wp-json\/wp\/v2\/product_brand?post=204438"},{"taxonomy":"product_cat","embeddable":true,"href":"https:\/\/baldumarket.lt\/lt\/wp-json\/wp\/v2\/product_cat?post=204438"},{"taxonomy":"product_tag","embeddable":true,"href":"https:\/\/baldumarket.lt\/lt\/wp-json\/wp\/v2\/product_tag?post=204438"}],"curies":[{"name":"wp","href":"https:\/\/api.w.org\/{rel}","templated":true}]}}