{"id":204429,"date":"2025-12-25T19:09:00","date_gmt":"2025-12-25T16:09:00","guid":{"rendered":"https:\/\/baldumarket.lt\/?post_type=product&#038;p=204429"},"modified":"2026-02-03T23:21:49","modified_gmt":"2026-02-03T20:21:49","slug":"fotel-goya-15rf-ele-aku-bydgoskie-meble-skora-l2","status":"publish","type":"product","link":"https:\/\/baldumarket.lt\/lt\/product\/fotel-goya-15rf-ele-aku-bydgoskie-meble-skora-l2\/","title":{"rendered":"Goya 1.5RF ELE + AKU fotelis Bydgoskie Meble Leather L2"},"content":{"rendered":"<p>\u201eBydgoskie Meble\u201c elektrinis kr\u0117slas \u201eGoya\u201c \u2013 puikus pasirinkimas tiems, kurie vertina auk\u0161t\u0105 meistri\u0161kumo kokyb\u0119 ir kruop\u0161t\u0173 d\u0117mes\u012f detal\u0117ms. Jo konstrukcija pagaminta i\u0161 med\u017eiag\u0173, kurios u\u017etikrina ilgaam\u017ei\u0161kum\u0105 ir i\u0161skirtin\u012f komfort\u0105 kasdien naudojant. Jo matmenys \u2013 94 cm plo\u010dio, 84 cm auk\u0161\u010dio ir 107 cm gylio \u2013 leid\u017eia j\u012f lanks\u010diai pritaikyti bet kurioje svetain\u0117je, biure ar poilsio kambaryje.<\/p>\n<p>S\u0117dyn\u0117 pagaminta i\u0161 didelio elastingumo putplas\u010dio ir zigzago spyruokli\u0173, kurios u\u017etikrina tinkam\u0105 atram\u0105 ir elastingum\u0105. Atlo\u0161as u\u017epildytas poliuretano putomis ir elastingais dir\u017eeliais, tod\u0117l k\u0117d\u0117 puikiai reaguoja \u012f k\u016bno spaudim\u0105. Kruop\u0161\u010diai parinkti komponentai u\u017etikrina ilgalaik\u0119 form\u0105 ir komfort\u0105 net ir intensyviai naudojant.<\/p>\n<p>Dar didesniam komfortui reguliuojama galvos atrama leid\u017eia individualiai reguliuoti kaklo atramos auk\u0161t\u012f ir kamp\u0105. \u0160is sprendimas skatina visi\u0161k\u0105 atsipalaidavim\u0105 skaitant, \u017ei\u016brint film\u0105 ar trumpai miegant. \u012emontuota baterija leid\u017eia naudoti elektrin\u012f mechanizm\u0105 nereikalaujant nuolatinio maitinimo i\u0161 elektros tinklo. Visas baldas stovi ant medini\u0173 kojeli\u0173, kurios yra septyni\u0173 spalv\u0173: venge, sendinto vy\u0161nios, nat\u016bralaus buko, nat\u016bralaus \u0105\u017euolo, rie\u0161uto, sidabro ir juodos. Tai leid\u017eia foteliui skland\u017eiai \u012fsilieti tiek \u012f \u0161vies\u0173, tiek \u012f tamsesn\u012f interjer\u0105. Tvirtas pagrindas suteikia stabilumo ir pabr\u0117\u017eia dizaino charakter\u012f.<\/p>\n<p>Gamintojas taip pat si\u016blo daugiau nei 600 apmu\u0161al\u0173 audini\u0173, \u012fskaitant nat\u016brali\u0105 od\u0105, tod\u0117l yra pla\u010dios pritaikymo galimyb\u0117s. Klientai gali susikurti bald\u0105, atitinkant\u012f individualius spalv\u0173 ir tekst\u016bros pageidavimus. Tod\u0117l \u201eGoya\u201c fotelis yra investicija \u012f komfort\u0105 ir kokyb\u0119, kuri patenkins net ir i\u0161rankiausi\u0173 vartotoj\u0173 l\u016bkes\u010dius.<\/p>","protected":false},"excerpt":{"rendered":"<p>Dydis (cm):<br \/>\nPlotis: 110<br \/>\nGylis: 107<br \/>\n\u016agis: 84<\/p>","protected":false},"featured_media":204445,"comment_status":"open","ping_status":"closed","template":"","meta":[],"product_brand":[],"product_cat":[9133],"product_tag":[],"class_list":{"0":"post-204429","1":"product","2":"type-product","3":"status-publish","4":"has-post-thumbnail","6":"product_cat-grouped","8":"first","9":"instock","10":"shipping-taxable","11":"purchasable","12":"product-type-variable","13":"wvs-archive-product-wrapper"},"_links":{"self":[{"href":"https:\/\/baldumarket.lt\/lt\/wp-json\/wp\/v2\/product\/204429","targetHints":{"allow":["GET"]}}],"collection":[{"href":"https:\/\/baldumarket.lt\/lt\/wp-json\/wp\/v2\/product"}],"about":[{"href":"https:\/\/baldumarket.lt\/lt\/wp-json\/wp\/v2\/types\/product"}],"replies":[{"embeddable":true,"href":"https:\/\/baldumarket.lt\/lt\/wp-json\/wp\/v2\/comments?post=204429"}],"wp:featuredmedia":[{"embeddable":true,"href":"https:\/\/baldumarket.lt\/lt\/wp-json\/wp\/v2\/media\/204445"}],"wp:attachment":[{"href":"https:\/\/baldumarket.lt\/lt\/wp-json\/wp\/v2\/media?parent=204429"}],"wp:term":[{"taxonomy":"product_brand","embeddable":true,"href":"https:\/\/baldumarket.lt\/lt\/wp-json\/wp\/v2\/product_brand?post=204429"},{"taxonomy":"product_cat","embeddable":true,"href":"https:\/\/baldumarket.lt\/lt\/wp-json\/wp\/v2\/product_cat?post=204429"},{"taxonomy":"product_tag","embeddable":true,"href":"https:\/\/baldumarket.lt\/lt\/wp-json\/wp\/v2\/product_tag?post=204429"}],"curies":[{"name":"wp","href":"https:\/\/api.w.org\/{rel}","templated":true}]}}