{"id":204411,"date":"2025-12-25T19:08:15","date_gmt":"2025-12-25T16:08:15","guid":{"rendered":"https:\/\/baldumarket.lt\/?post_type=product&#038;p=204411"},"modified":"2026-02-03T23:21:50","modified_gmt":"2026-02-03T20:21:50","slug":"fotel-ines-hb-z-relaksem-elektrycznym-bydgoskie-meble-skora-l4","status":"publish","type":"product","link":"https:\/\/baldumarket.lt\/lt\/product\/fotel-ines-hb-z-relaksem-elektrycznym-bydgoskie-meble-skora-l4\/","title":{"rendered":"Ines HB fotelis su elektriniu atsipalaidavimu Bydgoskie Meble Leather L4"},"content":{"rendered":"<p>\u201eBydgoskie Meble\u201c \u201eInes\u201c kolekcijos HB RF(ELE) kr\u0117slas buvo sukurtas siekiant u\u017etikrinti maksimal\u0173 komfort\u0105 atsipalaidavimo metu. Jame \u012frengta elektrin\u0117 atsipalaidavimo funkcija, leid\u017eianti skland\u017eiai reguliuoti atlo\u0161\u0105 ir koj\u0173 atram\u0105, tod\u0117l vartotojas gali pritaikyti pad\u0117t\u012f pagal savo poreikius. \u0160is sprendimas leid\u017eia ilgiau atsipalaiduoti ir u\u017etikrina paprast\u0105 valdym\u0105 vienu mygtuku.<br \/>\nS\u0117dyn\u0117 u\u017epildyta poliuretano putomis ir didelio elastingumo putomis, kurios kartu su vingiuota spyruokle suteikia tinkam\u0105 atram\u0105 ir mink\u0161tum\u0105. Atlo\u0161as, pagamintas i\u0161 elasting\u0173 dir\u017eeli\u0173 ir silikono, dar labiau padidina komfort\u0105, nes leid\u017eia patogiai laikyti nugar\u0105 ir kakl\u0105. Konstrukcija sukurta taip, kad i\u0161laikyt\u0173 stabilum\u0105 net ir da\u017enai atsigulus.<br \/>\nModelis i\u0161siskiria medin\u0117mis kojel\u0117mis, kurios suteikia jam tvirt\u0105 charakter\u012f ir u\u017etikrina tinkam\u0105 laikom\u0105j\u0105 gali\u0105. Galima rinktis i\u0161 keli\u0173 spalv\u0173: venge, sendintos vy\u0161nios, nat\u016bralaus buko, nat\u016bralaus \u0105\u017euolo, rie\u0161uto, sidabrin\u0117s ir juodos, tod\u0117l lengvai priderinama prie \u012fvairi\u0173 interjer\u0173. Pakeltos kojel\u0117s taip pat leid\u017eia lengvai valyti po k\u0117de. Gamintojas si\u016blo plat\u0173 apmu\u0161al\u0173 audini\u0173 pasirinkim\u0105, leid\u017eiant\u012f pritaikyti fotel\u012f pagal individualius spalv\u0173 ir tekst\u016bros pageidavimus. \u0160i parinktis leid\u017eia sukurti unikal\u0173 bald\u0105, kuris papildys tiek modern\u0173, tiek klasikin\u012f interjer\u0105. Apmu\u0161al\u0173 med\u017eiagos yra labai patvarios, u\u017etikrinan\u010dios ilgaam\u017ei\u0161kum\u0105.<\/p>\n<p>Fotelio matmenys sukurti taip, kad b\u016bt\u0173 u\u017etikrintas patogumas, i\u0161laikant tinkamas proporcijas. Jo plotis \u2013 86 cm, gylis \u2013 89 cm, o auk\u0161tis \u2013 111 cm, tod\u0117l jis tinka tiek erdvioms, tiek ma\u017eesn\u0117ms svetain\u0117ms. S\u0117dyn\u0117s auk\u0161tis \u2013 48 cm, tod\u0117l lengviau atsistoti ir atsis\u0117sti, o tai pabr\u0117\u017eia gamintojo d\u0117mes\u012f detal\u0117ms, kurios yra b\u016btinos kasdieniam naudojimui.<\/p>","protected":false},"excerpt":{"rendered":"<p>Dydis (cm):<br \/>\nPlotis: 86<br \/>\nGylis: 89<br \/>\n\u016agis: 111<br \/>\nS\u0117dyn\u0117s auk\u0161tis: 48<\/p>","protected":false},"featured_media":204419,"comment_status":"open","ping_status":"closed","template":"","meta":[],"product_brand":[],"product_cat":[9133],"product_tag":[],"class_list":{"0":"post-204411","1":"product","2":"type-product","3":"status-publish","4":"has-post-thumbnail","6":"product_cat-grouped","8":"first","9":"instock","10":"shipping-taxable","11":"purchasable","12":"product-type-variable","13":"wvs-archive-product-wrapper"},"_links":{"self":[{"href":"https:\/\/baldumarket.lt\/lt\/wp-json\/wp\/v2\/product\/204411","targetHints":{"allow":["GET"]}}],"collection":[{"href":"https:\/\/baldumarket.lt\/lt\/wp-json\/wp\/v2\/product"}],"about":[{"href":"https:\/\/baldumarket.lt\/lt\/wp-json\/wp\/v2\/types\/product"}],"replies":[{"embeddable":true,"href":"https:\/\/baldumarket.lt\/lt\/wp-json\/wp\/v2\/comments?post=204411"}],"wp:featuredmedia":[{"embeddable":true,"href":"https:\/\/baldumarket.lt\/lt\/wp-json\/wp\/v2\/media\/204419"}],"wp:attachment":[{"href":"https:\/\/baldumarket.lt\/lt\/wp-json\/wp\/v2\/media?parent=204411"}],"wp:term":[{"taxonomy":"product_brand","embeddable":true,"href":"https:\/\/baldumarket.lt\/lt\/wp-json\/wp\/v2\/product_brand?post=204411"},{"taxonomy":"product_cat","embeddable":true,"href":"https:\/\/baldumarket.lt\/lt\/wp-json\/wp\/v2\/product_cat?post=204411"},{"taxonomy":"product_tag","embeddable":true,"href":"https:\/\/baldumarket.lt\/lt\/wp-json\/wp\/v2\/product_tag?post=204411"}],"curies":[{"name":"wp","href":"https:\/\/api.w.org\/{rel}","templated":true}]}}