{"id":204388,"date":"2025-12-25T19:06:57","date_gmt":"2025-12-25T16:06:57","guid":{"rendered":"https:\/\/baldumarket.lt\/?post_type=product&#038;p=204388"},"modified":"2026-02-03T23:21:52","modified_gmt":"2026-02-03T20:21:52","slug":"ines-hb-sofa-3rf-man-2xrf-bydgoskie-meble-skora-l3","status":"publish","type":"product","link":"https:\/\/baldumarket.lt\/lt\/product\/ines-hb-sofa-3rf-man-2xrf-bydgoskie-meble-skora-l3\/","title":{"rendered":"Ines HB Sofa 3RF vyras (2xRF) Bydgoskie Meble Leather L3"},"content":{"rendered":"<p>\u201eBydgoskie Meble\u201c \u201eInes\u201c sofa \u2013 puikus pasirinkimas ie\u0161kantiems patogios vietos atsipalaiduoti savo svetain\u0117je. Triviet\u0117 sofa gali b\u016bti naudojama tiek kaip atskiras interjero elementas, tiek kaip viso poilsio kambario dalis. D\u0117l apmu\u0161tos atlo\u0161o j\u0105 galima lengvai pastatyti kambario centre, nestumiant jos prie sienos.<\/p>\n<p>I\u0161skirtin\u012f s\u0117d\u0117jimo komfort\u0105 u\u017etikrina poliuretano ir didelio elastingumo put\u0173 s\u0117dyn\u0117, kuri\u0105 papildo vingiuota spyruokl\u0117, tolygiai paskirstanti k\u016bno svor\u012f. Atlo\u0161as turi elastinius dir\u017eelius ir silikonin\u012f u\u017epild\u0105, kurie skatina ilg\u0105 ir atpalaiduojant\u012f poils\u012f. Papildomas privalumas \u2013 du lauko foteliai su atsipalaidavimo funkcija, leid\u017eiantys reguliuoti pad\u0117t\u012f ir geriau atsipalaiduoti po \u012ftemptos dienos.<\/p>\n<p>Bald\u0173 tvirtum\u0105 sustiprina medin\u0117s kojel\u0117s, kurias galima rinktis i\u0161 keli\u0173 spalv\u0173: veng\u0117s, sendintos vy\u0161nios, nat\u016bralaus buko, nat\u016bralaus \u0105\u017euolo, rie\u0161uto, sidabrin\u0117s ir juodos. Auk\u0161tos kojel\u0117s ne tik palengvina valym\u0105 po sofa, bet ir suteikia konstrukcijai vizualinio lengvumo. D\u0117l kruop\u0161taus meistri\u0161kumo visas baldas i\u0161laiko stabilum\u0105 ir patvarum\u0105 daugel\u012f met\u0173.<\/p>\n<p>\u0160\u012f model\u012f galima pritaikyti pagal j\u016bs\u0173 individualius pageidavimus, naudojant plat\u0173 apmu\u0161al\u0173 audini\u0173 pasirinkim\u0105, tod\u0117l jis papildys \u012fvairius interjero dizainus. Nepriklausomai nuo pasirinktos spalvos ar tekst\u016bros, \u201eInes\u201c sofa sukuria darni\u0105 visum\u0105 tiek su klasikiniais, tiek su modernesniais baldais. Pritaikymo galimyb\u0117s kiekvien\u0105 bald\u0105 paver\u010dia unikaliu bet kurios erdv\u0117s papildymu.<\/p>\n<p>Tiksl\u016bs baldo matmenys: plotis \u2013 185 cm, gylis \u2013 89 cm, auk\u0161tis \u2013 101 cm, o s\u0117dimosios dalies auk\u0161tis \u2013 48 cm. \u0160ie matmenys leid\u017eia patogiai s\u0117d\u0117ti trims \u017emon\u0117ms, o sof\u0105 galima pastatyti \u012fvairaus dyd\u017eio svetain\u0117se. \u201eInes\u201c sofa derina kruop\u0161t\u0173 meistri\u0161kum\u0105 ir apgalvot\u0105 dizain\u0105, tod\u0117l vartotojui tai patvarus ir patogus baldas.<\/p>","protected":false},"excerpt":{"rendered":"<p>Dydis (cm):<br \/>\nPlotis: 185<br \/>\nGylis: 89<br \/>\n\u016agis: 101<br \/>\nS\u0117dyn\u0117s auk\u0161tis: 48<\/p>","protected":false},"featured_media":204400,"comment_status":"open","ping_status":"closed","template":"","meta":[],"product_brand":[],"product_cat":[9133],"product_tag":[],"class_list":{"0":"post-204388","1":"product","2":"type-product","3":"status-publish","4":"has-post-thumbnail","6":"product_cat-grouped","8":"first","9":"instock","10":"shipping-taxable","11":"purchasable","12":"product-type-variable","13":"wvs-archive-product-wrapper"},"_links":{"self":[{"href":"https:\/\/baldumarket.lt\/lt\/wp-json\/wp\/v2\/product\/204388","targetHints":{"allow":["GET"]}}],"collection":[{"href":"https:\/\/baldumarket.lt\/lt\/wp-json\/wp\/v2\/product"}],"about":[{"href":"https:\/\/baldumarket.lt\/lt\/wp-json\/wp\/v2\/types\/product"}],"replies":[{"embeddable":true,"href":"https:\/\/baldumarket.lt\/lt\/wp-json\/wp\/v2\/comments?post=204388"}],"wp:featuredmedia":[{"embeddable":true,"href":"https:\/\/baldumarket.lt\/lt\/wp-json\/wp\/v2\/media\/204400"}],"wp:attachment":[{"href":"https:\/\/baldumarket.lt\/lt\/wp-json\/wp\/v2\/media?parent=204388"}],"wp:term":[{"taxonomy":"product_brand","embeddable":true,"href":"https:\/\/baldumarket.lt\/lt\/wp-json\/wp\/v2\/product_brand?post=204388"},{"taxonomy":"product_cat","embeddable":true,"href":"https:\/\/baldumarket.lt\/lt\/wp-json\/wp\/v2\/product_cat?post=204388"},{"taxonomy":"product_tag","embeddable":true,"href":"https:\/\/baldumarket.lt\/lt\/wp-json\/wp\/v2\/product_tag?post=204388"}],"curies":[{"name":"wp","href":"https:\/\/api.w.org\/{rel}","templated":true}]}}