{"id":204368,"date":"2025-12-25T19:05:48","date_gmt":"2025-12-25T16:05:48","guid":{"rendered":"https:\/\/baldumarket.lt\/?post_type=product&#038;p=204368"},"modified":"2026-03-05T10:27:43","modified_gmt":"2026-03-05T07:27:43","slug":"fotel-legend-rf-man-bydgoskie-meble","status":"publish","type":"product","link":"https:\/\/baldumarket.lt\/lt\/product\/fotel-legend-rf-man-bydgoskie-meble\/","title":{"rendered":"LEGEND RF fotelis. Bydgoskie Meble"},"content":{"rendered":"<p>\u201eBydgoskie Meble\u201c \u201eLegend\u201c fotelis skirtas tiems, kurie vertina modernius sprendimus ir kasdienio poilsio komfort\u0105. Jame \u012fdiegta rankin\u0117 atsipalaidavimo funkcija, leid\u017eianti skland\u017eiai pereiti \u012f gulim\u0105 pad\u0117t\u012f, puikiai tinkan\u010di\u0105 ilgoms akimirkoms su knyga ar vakaro filmu. Reguliuojama galvos atrama leid\u017eia lengvai pritaikyti atram\u0105 pagal individualius poreikius, suteikiant atpalaiduojan\u010di\u0105 apkrov\u0105 kaklui ir pe\u010diams.<\/p>\n<p>Fotelio vidus sukurtas naudojant auk\u0161tos kokyb\u0117s med\u017eiagas. Atlo\u0161as u\u017epildytas elastiniais dir\u017eeliais, poliuretano putomis ir silikoniniu \u012fd\u0117klu, tod\u0117l jis yra i\u0161skirtinai mink\u0161tas ir patvarus. S\u0117dyn\u0119 laiko vingiuota spyruokl\u0117 ir didelio elastingumo putos, u\u017etikrinan\u010dios stabil\u0173, bet maloniai spyruokliuojant\u012f atram\u0105. Visas dizainas sukurtas taip, kad fotelis i\u0161laikyt\u0173 savo form\u0105 daugel\u012f met\u0173.<\/p>\n<p>Tvirtos medin\u0117s kojel\u0117s suteikia konstrukcijai tvirt\u0105 ir subtil\u0173 charakter\u012f. Galima rinktis i\u0161 plataus spalv\u0173 gamo: veng\u0117s, sendintos vy\u0161nios, nat\u016bralaus buko, nat\u016bralaus \u0105\u017euolo, rie\u0161uto, sidabrin\u0117s ir juodos, tod\u0117l fotel\u012f galite priderinti prie \u012fvairaus interjero dizaino. Platus audini\u0173 ir odini\u0173 apmu\u0161al\u0173 pasirinkimas dar labiau padidina suasmeninimo galimybes, tod\u0117l kiekvienas baldas taps unikaliu j\u016bs\u0173 svetain\u0117s akcentu.<\/p>\n<p>Kalbant apie matmenis, kr\u0117slas atitinka net ir i\u0161rankiausi\u0173 vartotoj\u0173 l\u016bkes\u010dius. 105 cm plotis, 89\u2013103 cm auk\u0161tis, 102 cm gylis ir 46 cm s\u0117dyn\u0117s auk\u0161tis u\u017etikrina komfort\u0105 tiek s\u0117dint, tiek gulint. \u0160ios proporcijos sukuria prabangi\u0105 i\u0161vaizd\u0105 neu\u017egriozdindamos erdv\u0117s.<\/p>\n<p>\u201eLegend\u201c fotelis su rankiniu atsipalaidavimo re\u017eimu \u2013 puikus pasirinkimas ie\u0161kantiems rafinuoto poilsio baldo. Kruop\u0161\u010diai parinktos med\u017eiagos, reguliuojamas galvos atlo\u0161as ir platus apdailos pasirinkimas paver\u010dia j\u012f patvariu ir patogiu sprendimu kasdieniam naudojimui. \u0160is baldas pabr\u0117\u0161 j\u016bs\u0173 interjero charakter\u012f ir suteiks i\u0161skirtini\u0173 atsipalaidavimo akimirk\u0173.<\/p>","protected":false},"excerpt":{"rendered":"<p>\u201eBydgoskie Meble\u201c \u201eLegend\u201c fotelis skirtas tiems, kurie vertina modernius sprendimus ir kasdienio poilsio komfort\u0105. \u012erengtas rankinio atsipalaidavimo funkcija, jis leid\u017eia skland\u017eiai pereiti \u012f gulim\u0105 pad\u0117t\u012f, puikiai tinkan\u010di\u0105 ilgoms akimirkoms su knyga ar vakaro filmu. Reguliuojama galvos atrama leid\u017eia lengvai reguliuoti [\u2026]<\/p>","protected":false},"featured_media":204376,"comment_status":"open","ping_status":"closed","template":"","meta":[],"product_brand":[],"product_cat":[9716,634,6033],"product_tag":[],"class_list":{"0":"post-204368","1":"product","2":"type-product","3":"status-publish","4":"has-post-thumbnail","6":"product_cat-upholstered-furniture-legend-bydgoskie","7":"product_cat-armchairs","8":"product_cat-bydgoskie-meble","10":"first","11":"instock","12":"shipping-taxable","13":"product-type-grouped"},"_links":{"self":[{"href":"https:\/\/baldumarket.lt\/lt\/wp-json\/wp\/v2\/product\/204368","targetHints":{"allow":["GET"]}}],"collection":[{"href":"https:\/\/baldumarket.lt\/lt\/wp-json\/wp\/v2\/product"}],"about":[{"href":"https:\/\/baldumarket.lt\/lt\/wp-json\/wp\/v2\/types\/product"}],"replies":[{"embeddable":true,"href":"https:\/\/baldumarket.lt\/lt\/wp-json\/wp\/v2\/comments?post=204368"}],"wp:featuredmedia":[{"embeddable":true,"href":"https:\/\/baldumarket.lt\/lt\/wp-json\/wp\/v2\/media\/204376"}],"wp:attachment":[{"href":"https:\/\/baldumarket.lt\/lt\/wp-json\/wp\/v2\/media?parent=204368"}],"wp:term":[{"taxonomy":"product_brand","embeddable":true,"href":"https:\/\/baldumarket.lt\/lt\/wp-json\/wp\/v2\/product_brand?post=204368"},{"taxonomy":"product_cat","embeddable":true,"href":"https:\/\/baldumarket.lt\/lt\/wp-json\/wp\/v2\/product_cat?post=204368"},{"taxonomy":"product_tag","embeddable":true,"href":"https:\/\/baldumarket.lt\/lt\/wp-json\/wp\/v2\/product_tag?post=204368"}],"curies":[{"name":"wp","href":"https:\/\/api.w.org\/{rel}","templated":true}]}}