{"id":204324,"date":"2025-12-25T19:03:14","date_gmt":"2025-12-25T16:03:14","guid":{"rendered":"https:\/\/baldumarket.lt\/?post_type=product&#038;p=204324"},"modified":"2026-02-03T23:21:55","modified_gmt":"2026-02-03T20:21:55","slug":"fotel-leonardo-bydgoskie-meble-gr1","status":"publish","type":"product","link":"https:\/\/baldumarket.lt\/lt\/product\/fotel-leonardo-bydgoskie-meble-gr1\/","title":{"rendered":"Leonardo fotelis Bydgoskie Meble Gr1"},"content":{"rendered":"<p>\u0160is \u201eLeonardo Bydgoskie Meble\u201c kolekcijos fotelis pasi\u017eymi nesenstan\u010dia forma, kruop\u0161\u010diai pagaminta siekiant u\u017etikrinti i\u0161skirtin\u012f komfort\u0105. Jo forma i\u0161siskiria subtiliomis, \u0161velniomis linijomis, o plati, gili s\u0117dyn\u0117 kvie\u010dia ilgai atsipalaiduoti. Horizontalios si\u016bl\u0117s atlo\u0161e suteikia rafinuotumo, pabr\u0117\u017eiant d\u0117mes\u012f detal\u0117ms.<br \/>\nFotelio vidus buvo sukurtas atsi\u017evelgiant \u012f komfort\u0105 ir ilgaam\u017ei\u0161kum\u0105. S\u0117dyn\u0117 u\u017epildyta vingiuotomis spyruokl\u0117mis ir didelio elastingumo putomis, u\u017etikrinan\u010diomis, kad baldas daugel\u012f met\u0173 i\u0161laikyt\u0173 savo form\u0105 ir atsparum\u0105. Atlo\u0161as pagamintas i\u0161 elasting\u0173 dir\u017eeli\u0173, poliuretano put\u0173 ir silikoninio \u012fd\u0117klo, u\u017etikrinan\u010dio stabili\u0105 nugaros atram\u0105 ir pastebim\u0105 mink\u0161tum\u0105 kasdienio naudojimo metu.<br \/>\nR\u0117m\u0105 laiko medin\u0117s kojel\u0117s, kurios gali b\u016bti \u012fvairi\u0173 spalv\u0173: venge, sendinta vy\u0161nia, nat\u016bralus bukas, nat\u016bralus \u0105\u017euolas, rie\u0161utas, sidabrin\u0117 ir juoda. \u0160is platus pasirinkimas leid\u017eia priderinti spalv\u0173 gam\u0105 prie individuali\u0173 pageidavim\u0173 ir interjero charakterio. Kojel\u0117s suteikia lengvumo poj\u016bt\u012f ir u\u017etikrina stabilum\u0105.<br \/>\nPapildomas privalumas \u2013 galimyb\u0117 pritaikyti apmu\u0161alus pagal individualius poreikius. Gamintojas si\u016blo plat\u0173 audini\u0173 ir od\u0173 asortiment\u0105, leid\u017eiant\u012f sukurti unikali\u0105 kompozicij\u0105, tinkan\u010di\u0105 tiek klasikiniam, tiek moderniam interjerui. Naudodami konfig\u016bratori\u0173, vartotojai gali pasirinkti apdail\u0105, kuri puikiai papildyt\u0173 j\u0173 erdv\u0119.<\/p>\n<p>\u201eLeonardo\u201c fotelis pasi\u017eymi auk\u0161tos kokyb\u0117s med\u017eiagomis ir rafinuotu dizainu. D\u0117l tvirtos konstrukcijos ir kruop\u0161taus meistri\u0161kumo jis puikiai tiks svetainei, biurui ar poilsio zonai, u\u017etikrindamas komfort\u0105 ir ilgaam\u017ei\u0161kum\u0105. Tai puikus pasirinkimas ie\u0161kantiems baldo, kuris derint\u0173 komfort\u0105 su klasikine estetika.<\/p>","protected":false},"excerpt":{"rendered":"<p>Dydis (cm):<br \/>\nPlotis: 91<br \/>\nGylis: 100<br \/>\n\u016agis: 98<\/p>","protected":false},"featured_media":204352,"comment_status":"open","ping_status":"closed","template":"","meta":[],"product_brand":[],"product_cat":[9133],"product_tag":[],"class_list":{"0":"post-204324","1":"product","2":"type-product","3":"status-publish","4":"has-post-thumbnail","6":"product_cat-grouped","8":"first","9":"instock","10":"shipping-taxable","11":"purchasable","12":"product-type-variable","13":"wvs-archive-product-wrapper"},"_links":{"self":[{"href":"https:\/\/baldumarket.lt\/lt\/wp-json\/wp\/v2\/product\/204324","targetHints":{"allow":["GET"]}}],"collection":[{"href":"https:\/\/baldumarket.lt\/lt\/wp-json\/wp\/v2\/product"}],"about":[{"href":"https:\/\/baldumarket.lt\/lt\/wp-json\/wp\/v2\/types\/product"}],"replies":[{"embeddable":true,"href":"https:\/\/baldumarket.lt\/lt\/wp-json\/wp\/v2\/comments?post=204324"}],"wp:featuredmedia":[{"embeddable":true,"href":"https:\/\/baldumarket.lt\/lt\/wp-json\/wp\/v2\/media\/204352"}],"wp:attachment":[{"href":"https:\/\/baldumarket.lt\/lt\/wp-json\/wp\/v2\/media?parent=204324"}],"wp:term":[{"taxonomy":"product_brand","embeddable":true,"href":"https:\/\/baldumarket.lt\/lt\/wp-json\/wp\/v2\/product_brand?post=204324"},{"taxonomy":"product_cat","embeddable":true,"href":"https:\/\/baldumarket.lt\/lt\/wp-json\/wp\/v2\/product_cat?post=204324"},{"taxonomy":"product_tag","embeddable":true,"href":"https:\/\/baldumarket.lt\/lt\/wp-json\/wp\/v2\/product_tag?post=204324"}],"curies":[{"name":"wp","href":"https:\/\/api.w.org\/{rel}","templated":true}]}}