{"id":204323,"date":"2025-12-25T19:03:12","date_gmt":"2025-12-25T16:03:12","guid":{"rendered":"https:\/\/baldumarket.lt\/?post_type=product&#038;p=204323"},"modified":"2026-03-05T10:27:43","modified_gmt":"2026-03-05T07:27:43","slug":"naroznik-leonardo-25f-e-niski-usb-lampka-1rf-1rf-bydgoskie-meble","status":"publish","type":"product","link":"https:\/\/baldumarket.lt\/lt\/product\/naroznik-leonardo-25f-e-niski-usb-lampka-1rf-1rf-bydgoskie-meble\/","title":{"rendered":"Kampin\u0117 sofa LEONARDO 2.5FE LOW USB &amp; LAMP 1RF-1RF Bydgoskie Meble"},"content":{"rendered":"<p>Kampin\u0117 sofa \u201eLeonardo Bydgoskie Meble\u201c \u2013 tai modernus pasirinkimas atpalaiduojan\u010diai erdvei, pasi\u017eymintis \u0161velniomis linijomis ir pla\u010diomis, giliomis s\u0117dyn\u0117mis. L formos dizainas si\u016blomas kair\u0117s ir de\u0161in\u0117s pus\u0117s (K\/D) versijomis, tod\u0117l galite pritaikyti i\u0161planavim\u0105 prie savo kambario i\u0161planavimo. \u0160is modelis pasi\u017eymi nesenstan\u010diu charakteriu ir si\u016blo pla\u010dias audini\u0173 bei nat\u016bralios odos konfig\u016bracijos galimybes.<br \/>\nKampin\u0117s sofos matmenys kruop\u0161\u010diai suplanuoti, siekiant u\u017etikrinti komfort\u0105 kasdien naudojant. Jos plotis \u2013 254 cm, auk\u0161tis \u2013 98 cm, gylis \u2013 241 cm, o s\u0117dimosios dalies auk\u0161tis \u2013 46 cm. Be to, sofa turi delfino miegojimo funkcij\u0105, tod\u0117l jos matmenys \u2013 191 x 120 cm, tod\u0117l patogu retkar\u010diais nakvoti.<br \/>\nKomfort\u0105 didina kruop\u0161\u010diai parinktos med\u017eiagos, naudojamos jo konstrukcijai. S\u0117dyn\u0117 u\u017epildyta zigzago spyruokl\u0117mis ir didelio elastingumo putomis, o atlo\u0161as pagamintas i\u0161 elasting\u0173 dir\u017e\u0173, poliuretano put\u0173 ir silikoninio \u012fd\u0117klo. Tai u\u017etikrina tolyg\u0173 k\u016bno palaikym\u0105 ir mink\u0161t\u0105, spyruokli\u0161k\u0105 poj\u016bt\u012f s\u0117dint.<br \/>\n\u201eLeonardo\u201c modelis apr\u016bpintas moderniais patogumais, kurie padidina komfort\u0105. Dvi s\u0117dyn\u0117s turi elektrin\u0119 atsipalaidavimo funkcij\u0105, o \u012fmontuotas USB \u012fkroviklis ir LED lemput\u0117 leid\u017eia lengvai naudotis mobiliaisiais \u012frenginiais ar skaityti vakarais. Kampin\u0117s sofos konfig\u016bracij\u0105 sudaro 2,5 F (K\/D) + E artimoji lempa ir USB \u2013 1RF \u2013 1RF (K\/D), pabr\u0117\u017eiant jos rafinuot\u0105 dizain\u0105.<\/p>\n<p>Bald\u0173 apdail\u0105 galima pritaikyti pagal j\u016bs\u0173 pageidavimus. Galimas platus audini\u0173 ir od\u0173 pasirinkimas, taip pat \u012fvairios kojeli\u0173 spalvos: venge, sendinta vy\u0161nia, nat\u016bralus bukas, nat\u016bralus \u0105\u017euolas, sidabrinis rie\u0161utmedis ir juoda. Medin\u0117s kojel\u0117s suteikia tvirtumo ir pabr\u0117\u017eia auk\u0161t\u0105 gamybos kokyb\u0119, sukurdamos vientis\u0105 element\u0105 j\u016bs\u0173 svetain\u0117je.<\/p>","protected":false},"excerpt":{"rendered":"<p>Kampin\u0117 sofa \u201eLeonardo Bydgoskie Meble\u201c \u2013 tai modernus pasirinkimas atpalaiduojan\u010diai erdvei, pasi\u017eymintis \u0161velniomis linijomis ir pla\u010diomis, giliomis s\u0117dyn\u0117mis. L formos dizainas si\u016blomas kair\u0117s ir de\u0161in\u0117s pus\u0117s (K\/D) versijomis, tod\u0117l galite pritaikyti i\u0161d\u0117stym\u0105 prie savo kambario i\u0161planavimo. \u0160is modelis pasi\u017eymi nesenstan\u010diu charakteriu ir si\u016blo pla\u010dias konfig\u016bravimo galimybes [\u2026]<\/p>","protected":false},"featured_media":204330,"comment_status":"open","ping_status":"closed","template":"","meta":[],"product_brand":[],"product_cat":[9708,6033,616,1983],"product_tag":[],"class_list":{"0":"post-204323","1":"product","2":"type-product","3":"status-publish","4":"has-post-thumbnail","6":"product_cat-upholstered-furniture-leonardo-bydgoskie","7":"product_cat-bydgoskie-meble","8":"product_cat-corners","9":"product_cat-corners-l","11":"first","12":"instock","13":"shipping-taxable","14":"product-type-grouped"},"_links":{"self":[{"href":"https:\/\/baldumarket.lt\/lt\/wp-json\/wp\/v2\/product\/204323","targetHints":{"allow":["GET"]}}],"collection":[{"href":"https:\/\/baldumarket.lt\/lt\/wp-json\/wp\/v2\/product"}],"about":[{"href":"https:\/\/baldumarket.lt\/lt\/wp-json\/wp\/v2\/types\/product"}],"replies":[{"embeddable":true,"href":"https:\/\/baldumarket.lt\/lt\/wp-json\/wp\/v2\/comments?post=204323"}],"wp:featuredmedia":[{"embeddable":true,"href":"https:\/\/baldumarket.lt\/lt\/wp-json\/wp\/v2\/media\/204330"}],"wp:attachment":[{"href":"https:\/\/baldumarket.lt\/lt\/wp-json\/wp\/v2\/media?parent=204323"}],"wp:term":[{"taxonomy":"product_brand","embeddable":true,"href":"https:\/\/baldumarket.lt\/lt\/wp-json\/wp\/v2\/product_brand?post=204323"},{"taxonomy":"product_cat","embeddable":true,"href":"https:\/\/baldumarket.lt\/lt\/wp-json\/wp\/v2\/product_cat?post=204323"},{"taxonomy":"product_tag","embeddable":true,"href":"https:\/\/baldumarket.lt\/lt\/wp-json\/wp\/v2\/product_tag?post=204323"}],"curies":[{"name":"wp","href":"https:\/\/api.w.org\/{rel}","templated":true}]}}