{"id":204298,"date":"2025-12-25T19:01:53","date_gmt":"2025-12-25T16:01:53","guid":{"rendered":"https:\/\/baldumarket.lt\/?post_type=product&#038;p=204298"},"modified":"2026-03-05T10:27:43","modified_gmt":"2026-03-05T07:27:43","slug":"naroznik-leonardo-25f-e-niski-usblampka-1sk-1rf-bydgoskie-meble","status":"publish","type":"product","link":"https:\/\/baldumarket.lt\/lt\/product\/naroznik-leonardo-25f-e-niski-usblampka-1sk-1rf-bydgoskie-meble\/","title":{"rendered":"Kampin\u0117 sofa LEONARDO 2.5FE LOW USB &amp; LAMP \u2013 1SK-1RF Bydgoskie Meble"},"content":{"rendered":"<p>Moderni \u201eLeonardo Bydgoskie Meble\u201c kampin\u0117 sofa sukurta erdvioms svetain\u0117ms, kuriose svarbus tiek kasdienis komfortas, tiek d\u0117mesys detal\u0117ms. Galima rinktis i\u0161 kair\u0117s arba de\u0161in\u0117s pus\u0117s (K\/D), tod\u0117l j\u0105 galima pritaikyti prie kambario i\u0161planavimo. L formos dizainas sukuria ai\u0161kiai apibr\u0117\u017et\u0105 poilsio zon\u0105.<\/p>\n<p>\u0160is modelis turi delfino miegojimo funkcij\u0105, kurios pavir\u0161ius yra 191 x 120 cm. Po s\u0117dyne esantis stal\u010dius-patalyn\u0117s skyrius leid\u017eia lengvai susid\u0117ti papildom\u0105 patalyn\u0119. Papildomas privalumas \u2013 elektrin\u0117 atsipalaidavimo funkcija, leid\u017eianti patogiai reguliuoti miegojimo pad\u0117t\u012f.<\/p>\n<p>Kampin\u0117s sofos s\u0117dyn\u0117 pagaminta i\u0161 banguotos spyruokl\u0117s ir didelio elastingumo putplas\u010dio, u\u017etikrinan\u010dio tinkam\u0105 atram\u0105 ir ilgaam\u017ei\u0161kum\u0105. Atlo\u0161as turi elastinius dir\u017eelius, poliuretano putas ir silikonin\u012f \u012fd\u0117kl\u0105, u\u017etikrinant\u012f mink\u0161tum\u0105 ir stabili\u0105 form\u0105. 46 cm s\u0117dyn\u0117s auk\u0161tis leid\u017eia patogiai s\u0117d\u0117ti ir stov\u0117ti. Baldo apdail\u0105 galima pasirinkti i\u0161 plataus audini\u0173 ir nat\u016bralios odos pasirinkimo. Medin\u0117s kojel\u0117s gali b\u016bti keli\u0173 atspalvi\u0173: venge, sendinto vy\u0161nios, nat\u016bralaus buko, nat\u016bralaus \u0105\u017euolo, rie\u0161uto, sidabrin\u0117s arba juodos, tod\u0117l sof\u0105 galite priderinti prie savo interjero stiliaus. \u0160ie sprendimai suteikia kiekvienam baldui unikal\u0173 charakter\u012f.<\/p>\n<p>Visas baldas pasi\u017eymi tvirta konstrukcija \u2013 jo plotis \u2013 254 cm, auk\u0161tis \u2013 98 cm, o gylis \u2013 234 cm. \u0160iuolaikin\u0117s technologijos, tokios kaip USB \u012fkroviklis ir LED lemput\u0117, padidina kasdien\u012f komfort\u0105. Kampin\u0117 sofa \u201eLeonardo\u201c derina kruop\u0161t\u0173 meistri\u0161kum\u0105 ir patvarum\u0105, tapdama bet kuri\u0173 nam\u0173 poilsio zonos traukos centru.<\/p>","protected":false},"excerpt":{"rendered":"<p>Moderni \u201eLeonardo Bydgoskie Meble\u201c kampin\u0117 sofa skirta erdvioms svetain\u0117ms, kuriose svarbus tiek kasdienis komfortas, tiek d\u0117mesys detal\u0117ms. Galima rinktis i\u0161 kair\u0117s arba de\u0161in\u0117s pus\u0117s (K\/D), tod\u0117l j\u0105 galima pritaikyti prie kambario i\u0161planavimo. L formos dizainas sukuria ai\u0161kiai apibr\u0117\u017et\u0105 poilsio zon\u0105. \u0160iame modelyje yra delfino miegojimo kampelis [\u2026]<\/p>","protected":false},"featured_media":204310,"comment_status":"open","ping_status":"closed","template":"","meta":[],"product_brand":[],"product_cat":[9708,6033,616,1983],"product_tag":[],"class_list":{"0":"post-204298","1":"product","2":"type-product","3":"status-publish","4":"has-post-thumbnail","6":"product_cat-upholstered-furniture-leonardo-bydgoskie","7":"product_cat-bydgoskie-meble","8":"product_cat-corners","9":"product_cat-corners-l","11":"first","12":"instock","13":"shipping-taxable","14":"product-type-grouped"},"_links":{"self":[{"href":"https:\/\/baldumarket.lt\/lt\/wp-json\/wp\/v2\/product\/204298","targetHints":{"allow":["GET"]}}],"collection":[{"href":"https:\/\/baldumarket.lt\/lt\/wp-json\/wp\/v2\/product"}],"about":[{"href":"https:\/\/baldumarket.lt\/lt\/wp-json\/wp\/v2\/types\/product"}],"replies":[{"embeddable":true,"href":"https:\/\/baldumarket.lt\/lt\/wp-json\/wp\/v2\/comments?post=204298"}],"wp:featuredmedia":[{"embeddable":true,"href":"https:\/\/baldumarket.lt\/lt\/wp-json\/wp\/v2\/media\/204310"}],"wp:attachment":[{"href":"https:\/\/baldumarket.lt\/lt\/wp-json\/wp\/v2\/media?parent=204298"}],"wp:term":[{"taxonomy":"product_brand","embeddable":true,"href":"https:\/\/baldumarket.lt\/lt\/wp-json\/wp\/v2\/product_brand?post=204298"},{"taxonomy":"product_cat","embeddable":true,"href":"https:\/\/baldumarket.lt\/lt\/wp-json\/wp\/v2\/product_cat?post=204298"},{"taxonomy":"product_tag","embeddable":true,"href":"https:\/\/baldumarket.lt\/lt\/wp-json\/wp\/v2\/product_tag?post=204298"}],"curies":[{"name":"wp","href":"https:\/\/api.w.org\/{rel}","templated":true}]}}