{"id":204264,"date":"2025-12-25T18:59:25","date_gmt":"2025-12-25T15:59:25","guid":{"rendered":"https:\/\/baldumarket.lt\/?post_type=product&#038;p=204264"},"modified":"2026-02-03T23:21:59","modified_gmt":"2026-02-03T20:21:59","slug":"krzeslo-loft-podstawa-metalowa-obrotowa-bydgoskie-meble-gr4","status":"publish","type":"product","link":"https:\/\/baldumarket.lt\/lt\/product\/krzeslo-loft-podstawa-metalowa-obrotowa-bydgoskie-meble-gr4\/","title":{"rendered":"Pal\u0117p\u0117s k\u0117d\u0117 su metaliniu pasukamu pagrindu Bydgoskie Meble Gr4"},"content":{"rendered":"<p>\u201eBydgoskie Meble\u201c \u201eLoft\u201c besisukanti k\u0117d\u0117 sukurta moderniam interjerui, kuriame svarbiausia yra patogumas ir tvirta gamyba. Jos plotis \u2013 56 cm, auk\u0161tis \u2013 83 cm, o gylis \u2013 62 cm, tod\u0117l ji puikiai tinka patogiai s\u0117d\u0117ti. 54 cm s\u0117dyn\u0117s auk\u0161tis leid\u017eia jai tilpti prie daugumos valgomojo ir ra\u0161om\u0173j\u0173 stal\u0173.<br \/>\nS\u0117dyn\u0117 u\u017epildyta vingiuotomis spyruokl\u0117mis ir poliuretano putomis, kurios u\u017etikrina mink\u0161tum\u0105 ir ilgalaik\u012f atsparum\u0105 deformacijai. Atlo\u0161as, taip pat u\u017epildytas putomis, suteikia stabili\u0105 nugaros atram\u0105. Tai leid\u017eia patogiai praleisti valandas prie stalo ar dirbant.<br \/>\nK\u0117d\u0117s r\u0117mas turi juod\u0105 metalin\u012f besisukant\u012f pagrind\u0105, u\u017etikrinant\u012f patvarum\u0105 ir atsparum\u0105 apkrovai. Auk\u0161tesn\u0117s kojel\u0117s palengvina valym\u0105 po k\u0117de, o visa konstrukcija atrodo lengvesn\u0117. \u0160is sprendimas pabr\u0117\u017eia jos tvirtum\u0105 ir d\u0117mes\u012f detal\u0117ms.<br \/>\n\u201eLoft\u201c modelis si\u016blo plat\u0173 apmu\u0161al\u0173 audini\u0173 pasirinkim\u0105, leid\u017eiant\u012f pasirinkti spalv\u0173 gam\u0105 pagal individualius pageidavimus. Apmu\u0161al\u0173 med\u017eiagos yra auk\u0161tos kokyb\u0117s, i\u0161laikan\u010dios savo i\u0161vaizd\u0105 net ir intensyviai naudojant. Spalv\u0173 gamos pritaikymas leid\u017eia susikurti k\u0117d\u0119, kuri visi\u0161kai atitikt\u0173 j\u016bs\u0173 nam\u0173 \u016bkio poreikius.<\/p>\n<p>\u0160i k\u0117d\u0117 puikiai tinka modernioms svetain\u0117ms, valgomiesiems ir biurams. Kruop\u0161\u010diai parinktos sudedamosios dalys ir tiksli apdaila paver\u010dia \u0161\u012f bald\u0105 stabil\u0173 ir estetin\u012f patrauklum\u0105 i\u0161laikan\u010diu ilgus metus. Loft k\u0117d\u0117 sustiprins \u0161iuolaikin\u0117s erdv\u0117s charakter\u012f, suteikdama patogi\u0105 viet\u0105 kasdieniam poilsiui ir susitikimams.<\/p>","protected":false},"excerpt":{"rendered":"<p>Dydis (cm):<br \/>\nPlotis: 56<br \/>\nGylis: 62<br \/>\n\u016agis: 83<br \/>\nS\u0117dyn\u0117s auk\u0161tis: 54<\/p>","protected":false},"featured_media":204287,"comment_status":"open","ping_status":"closed","template":"","meta":[],"product_brand":[],"product_cat":[9133],"product_tag":[],"class_list":{"0":"post-204264","1":"product","2":"type-product","3":"status-publish","4":"has-post-thumbnail","6":"product_cat-grouped","8":"first","9":"instock","10":"shipping-taxable","11":"purchasable","12":"product-type-variable","13":"wvs-archive-product-wrapper"},"_links":{"self":[{"href":"https:\/\/baldumarket.lt\/lt\/wp-json\/wp\/v2\/product\/204264","targetHints":{"allow":["GET"]}}],"collection":[{"href":"https:\/\/baldumarket.lt\/lt\/wp-json\/wp\/v2\/product"}],"about":[{"href":"https:\/\/baldumarket.lt\/lt\/wp-json\/wp\/v2\/types\/product"}],"replies":[{"embeddable":true,"href":"https:\/\/baldumarket.lt\/lt\/wp-json\/wp\/v2\/comments?post=204264"}],"wp:featuredmedia":[{"embeddable":true,"href":"https:\/\/baldumarket.lt\/lt\/wp-json\/wp\/v2\/media\/204287"}],"wp:attachment":[{"href":"https:\/\/baldumarket.lt\/lt\/wp-json\/wp\/v2\/media?parent=204264"}],"wp:term":[{"taxonomy":"product_brand","embeddable":true,"href":"https:\/\/baldumarket.lt\/lt\/wp-json\/wp\/v2\/product_brand?post=204264"},{"taxonomy":"product_cat","embeddable":true,"href":"https:\/\/baldumarket.lt\/lt\/wp-json\/wp\/v2\/product_cat?post=204264"},{"taxonomy":"product_tag","embeddable":true,"href":"https:\/\/baldumarket.lt\/lt\/wp-json\/wp\/v2\/product_tag?post=204264"}],"curies":[{"name":"wp","href":"https:\/\/api.w.org\/{rel}","templated":true}]}}