{"id":204221,"date":"2025-12-25T18:56:55","date_gmt":"2025-12-25T15:56:55","guid":{"rendered":"https:\/\/baldumarket.lt\/?post_type=product&#038;p=204221"},"modified":"2026-02-03T23:22:02","modified_gmt":"2026-02-03T20:22:02","slug":"naroznik-malawi-25f-rec-bk-i-rec-bk-25f-bydgoskie-meble-skora-l1","status":"publish","type":"product","link":"https:\/\/baldumarket.lt\/lt\/product\/naroznik-malawi-25f-rec-bk-i-rec-bk-25f-bydgoskie-meble-skora-l1\/","title":{"rendered":"Malawi kampin\u0117 sofa 2.5F-REC\/BK ir REC\/BK-2.5F Bydgoskie Meble Leather L1"},"content":{"rendered":"<p>\u201eBydgoskie Meble\u201c kampin\u0117s sofos \u201eMalawi 2.5F-REC\/BK\u201c ir \u201eREC\/BK-2.5F\u201c \u2013 tai platus m\u016bs\u0173 modulin\u0117s kolekcijos papildymas, leid\u017eiantis susikurti tobulai j\u016bs\u0173 poreikius atitinkant\u012f komplekt\u0105. Su \u201ePuma\u201c miegojimo funkcija ir patalyn\u0117s skyriumi, \u0161i sofa lengvai paver\u010dia j\u016bs\u0173 gyvenam\u0105j\u0105 erdv\u0119 patogia vieta nak\u010diai. Visas baldas stovi ant medini\u0173 kojeli\u0173, kurios yra \u012fvairi\u0173 spalv\u0173.<\/p>\n<p>Kampin\u0117s sofos matmenys buvo tiksliai suderinti, siekiant u\u017etikrinti komfort\u0105 ir tinkamas proporcijas bet kuriame kambaryje. Jos plotis yra 249 cm, auk\u0161tis 76 cm ir gylis 173 cm, tod\u0117l j\u0105 galima lanks\u010diai i\u0161d\u0117styti net ir ne\u012fprastuose svetain\u0117s i\u0161planavimuose. Be to, 59 cm s\u0117dyn\u0117s gylis ir 43 cm s\u0117dyn\u0117s auk\u0161tis garantuoja patogi\u0105 atram\u0105 tiek kasdieniam poilsiui, tiek ilgesniems susib\u016brimams su artimaisiais.<\/p>\n<p>Reguliuojamos galvos atramos padidina komfort\u0105, leisdamos reguliuoti atlo\u0161o kamp\u0105 pagal individualius pageidavimus. Tai leid\u017eia kiekvienam pasiekti ideali\u0105 kaklo ir galvos atram\u0105, skatinant atsipalaidavim\u0105 s\u0117dint ar gulint. Reguliavimo mechanizmas yra sklandus ir paprastas naudoti, tod\u0117l pad\u0117t\u012f keisti lengva.<\/p>\n<p>Gamintojas si\u016blo plat\u0173 konfig\u016bratori\u0173, kuris si\u016blo pla\u010dias apmu\u0161al\u0173 pritaikymo galimybes. Galimas platus audini\u0173, pasi\u017eymin\u010di\u0173 \u012fvairiomis tekst\u016bromis, spalvomis ir savyb\u0117mis, pasirinkimas, tod\u0117l kampin\u0119 sof\u0105 lengva priderinti prie j\u016bs\u0173 interjero dizaino. \u012evairus med\u017eiag\u0173 pasirinkimas leid\u017eia sukurti tiek subtilius, tiek i\u0161rai\u0161kingesnius vizualinius efektus.<\/p>\n<p>Kampin\u0117 sofa \u201eMalawi\u201c \u2013 puikus pasirinkimas tiems, kurie vertina precizi\u0161k\u0105 meistri\u0161kum\u0105 ir auk\u0161tos kokyb\u0117s med\u017eiagas, taip pat galimyb\u0119 pritaikyti bald\u0173 i\u0161vaizd\u0105 pagal savo poreikius. Tvirta konstrukcija ir galimyb\u0117 pritaikyti audinius bei koj\u0173 spalvas leid\u017eia lengvai integruotis \u012f \u012fvairius interjero dizainus. Tai u\u017etikrina, kad sofa daugel\u012f met\u0173 i\u0161liks patraukliu j\u016bs\u0173 svetain\u0117s akcentu kasdieniam naudojimui.<\/p>","protected":false},"excerpt":{"rendered":"<p>Dydis (cm):<br \/>\nPlotis: 249<br \/>\nGylis: 173<br \/>\n\u016agis: 76<br \/>\nS\u0117dyn\u0117s auk\u0161tis: 43<br \/>\nS\u0117dyn\u0117s gylis: 59<\/p>","protected":false},"featured_media":204235,"comment_status":"open","ping_status":"closed","template":"","meta":[],"product_brand":[],"product_cat":[9133],"product_tag":[],"class_list":{"0":"post-204221","1":"product","2":"type-product","3":"status-publish","4":"has-post-thumbnail","6":"product_cat-grouped","8":"first","9":"instock","10":"shipping-taxable","11":"purchasable","12":"product-type-variable","13":"wvs-archive-product-wrapper"},"_links":{"self":[{"href":"https:\/\/baldumarket.lt\/lt\/wp-json\/wp\/v2\/product\/204221","targetHints":{"allow":["GET"]}}],"collection":[{"href":"https:\/\/baldumarket.lt\/lt\/wp-json\/wp\/v2\/product"}],"about":[{"href":"https:\/\/baldumarket.lt\/lt\/wp-json\/wp\/v2\/types\/product"}],"replies":[{"embeddable":true,"href":"https:\/\/baldumarket.lt\/lt\/wp-json\/wp\/v2\/comments?post=204221"}],"wp:featuredmedia":[{"embeddable":true,"href":"https:\/\/baldumarket.lt\/lt\/wp-json\/wp\/v2\/media\/204235"}],"wp:attachment":[{"href":"https:\/\/baldumarket.lt\/lt\/wp-json\/wp\/v2\/media?parent=204221"}],"wp:term":[{"taxonomy":"product_brand","embeddable":true,"href":"https:\/\/baldumarket.lt\/lt\/wp-json\/wp\/v2\/product_brand?post=204221"},{"taxonomy":"product_cat","embeddable":true,"href":"https:\/\/baldumarket.lt\/lt\/wp-json\/wp\/v2\/product_cat?post=204221"},{"taxonomy":"product_tag","embeddable":true,"href":"https:\/\/baldumarket.lt\/lt\/wp-json\/wp\/v2\/product_tag?post=204221"}],"curies":[{"name":"wp","href":"https:\/\/api.w.org\/{rel}","templated":true}]}}