{"id":204182,"date":"2025-12-25T18:55:11","date_gmt":"2025-12-25T15:55:11","guid":{"rendered":"https:\/\/baldumarket.lt\/?post_type=product&#038;p=204182"},"modified":"2026-02-03T23:22:04","modified_gmt":"2026-02-03T20:22:04","slug":"naroznik-mia-15rf-mod-prime-15rf-te-3f-rec-bk-2-akumulatory-bydgoskie-meble-gr2","status":"publish","type":"product","link":"https:\/\/baldumarket.lt\/lt\/product\/naroznik-mia-15rf-mod-prime-15rf-te-3f-rec-bk-2-akumulatory-bydgoskie-meble-gr2\/","title":{"rendered":"Mia 1.5RF-Mod-Prime-1.5RF-TE-3F-REC\/BK kampin\u0117 sofa 2 baterijos Bydgoskie Meble Gr2"},"content":{"rendered":"<p>Modulin\u0117 kampin\u0117 sofa \u201eMia\u201c i\u0161 \u201eBydgoskie Meble\u201c puikiai tinka ie\u0161kantiems patogaus ir modernaus poilsio. Jos nesenstantis dizainas puikiai dera prie \u012fvairi\u0173 interjero dizain\u0173, o auk\u0161tos medin\u0117s kojel\u0117s suteikia visam baldui lengvumo ir modernumo. Tvirta konstrukcija garantuoja stabilum\u0105 ir ilgaam\u017ei\u0161kum\u0105.<\/p>\n<p>Sofa sudaryta i\u0161 dviej\u0173 segment\u0173 su elektrine, baterijomis maitinama atsipalaidavimo funkcija. Tai leid\u017eia lengvai pritaikyti s\u0117d\u0117jimo pad\u0117t\u012f pagal individualius poreikius ir atsipalaiduoti po \u012ftemptos dienos. Reguliuojamos galvos atramos suteikia patogi\u0105 galvos ir kaklo atram\u0105, padidindamos kasdienio poilsio komfort\u0105.<\/p>\n<p>Kampin\u0117 sofa \u201eMia\u201c turi itali\u0161ko stiliaus miegojimo funkcij\u0105, kuri leid\u017eia j\u0105 greitai paversti pilnaverte lova. Papildomas privalumas \u2013 erdvus patalyn\u0117s skyrius, kuriame yra vietos antklod\u0117ms ir pagalv\u0117ms laikyti. D\u0117l \u0161io sprendimo sofa puikiai tinka tiek dienai, tiek nak\u010diai.<\/p>\n<p>Kampin\u0117s sofos centre sta\u010diakampis vidinis modulis atlieka lentynos funkcij\u0105. Jame \u012fmontuotas \u0161viestuvas su i\u0161lenkta teleskopine rankena ir prievadais \u012frenginiams \u012fkrauti \u2013 USB, belaid\u017eiu b\u016bdu arba per V-230 ki\u0161tuk\u0105. \u0160i papildoma funkcija padidina komfort\u0105, leisdama naudotis elektronika nesikeliant.<\/p>\n<p>Mink\u0161ta s\u0117dyn\u0117, patogus atlo\u0161as ir i\u0161lenkti porankiai skatina ilgas atsipalaidavimo akimirkas. Modernus dizainas kartu su auk\u0161tomis medin\u0117mis kojel\u0117mis sukuria harmoning\u0105 visum\u0105, kuri sustiprina bet kurio svetain\u0117s charakter\u012f. \u201eMia\u201c \u2013 tai baldas, kuriame kruop\u0161\u010diai sujungiamos kruop\u0161\u010diai pagamintos detal\u0117s su auk\u0161\u010diausiu komforto lygiu ir kokybi\u0161ku meistri\u0161kumu.<\/p>","protected":false},"excerpt":{"rendered":"<p>Dydis (cm):<br \/>\nPlotis: 372<br \/>\nGylis: 311<br \/>\n\u016agis: 87<br \/>\nS\u0117dyn\u0117s auk\u0161tis: 48<\/p>","protected":false},"featured_media":204210,"comment_status":"open","ping_status":"closed","template":"","meta":[],"product_brand":[],"product_cat":[9133],"product_tag":[],"class_list":{"0":"post-204182","1":"product","2":"type-product","3":"status-publish","4":"has-post-thumbnail","6":"product_cat-grouped","8":"first","9":"instock","10":"shipping-taxable","11":"purchasable","12":"product-type-variable","13":"wvs-archive-product-wrapper"},"_links":{"self":[{"href":"https:\/\/baldumarket.lt\/lt\/wp-json\/wp\/v2\/product\/204182","targetHints":{"allow":["GET"]}}],"collection":[{"href":"https:\/\/baldumarket.lt\/lt\/wp-json\/wp\/v2\/product"}],"about":[{"href":"https:\/\/baldumarket.lt\/lt\/wp-json\/wp\/v2\/types\/product"}],"replies":[{"embeddable":true,"href":"https:\/\/baldumarket.lt\/lt\/wp-json\/wp\/v2\/comments?post=204182"}],"wp:featuredmedia":[{"embeddable":true,"href":"https:\/\/baldumarket.lt\/lt\/wp-json\/wp\/v2\/media\/204210"}],"wp:attachment":[{"href":"https:\/\/baldumarket.lt\/lt\/wp-json\/wp\/v2\/media?parent=204182"}],"wp:term":[{"taxonomy":"product_brand","embeddable":true,"href":"https:\/\/baldumarket.lt\/lt\/wp-json\/wp\/v2\/product_brand?post=204182"},{"taxonomy":"product_cat","embeddable":true,"href":"https:\/\/baldumarket.lt\/lt\/wp-json\/wp\/v2\/product_cat?post=204182"},{"taxonomy":"product_tag","embeddable":true,"href":"https:\/\/baldumarket.lt\/lt\/wp-json\/wp\/v2\/product_tag?post=204182"}],"curies":[{"name":"wp","href":"https:\/\/api.w.org\/{rel}","templated":true}]}}