{"id":204124,"date":"2025-12-25T18:52:31","date_gmt":"2025-12-25T15:52:31","guid":{"rendered":"https:\/\/baldumarket.lt\/?post_type=product&#038;p=204124"},"modified":"2026-02-03T23:22:08","modified_gmt":"2026-02-03T20:22:08","slug":"naroznik-monaco-z-funkcja-spania-i-pojemnikiem-bydgoskie-meble-skora-l3","status":"publish","type":"product","link":"https:\/\/baldumarket.lt\/lt\/product\/naroznik-monaco-z-funkcja-spania-i-pojemnikiem-bydgoskie-meble-skora-l3\/","title":{"rendered":"Monaco kampin\u0117 sofa su miegojimo funkcija ir daiktad\u0117\u017ee Bydgoskie Meble Leather L3"},"content":{"rendered":"<p>\u201eBydgoskie Meble\u201c kampin\u0117 sofa \u201eMonaco\u201c su miegojimo funkcija ir vieta daiktams laikyti \u2013 puikus pasirinkimas tiems, kurie vertina komfort\u0105 ir galimyb\u0119 pritaikyti baldus pagal savo poreikius. \u0160is modelis yra kair\u0117s pus\u0117s (D-REC\/BK-3F-C) ir de\u0161in\u0117s pus\u0117s (C-3F-REC\/BK-D), tod\u0117l j\u012f galima pritaikyti prie kambario i\u0161planavimo. Konstrukcija remiasi \u012f \u017eemas juodas plastikines kojeles, o papildomos reguliuojamos galvos atramos padidina kasdienio poilsio komfort\u0105.<\/p>\n<p>\u0160is baldas buvo sukurtas galvojant apie visi\u0161k\u0105 pritaikym\u0105. \u201eMonaco\u201c kolekcija si\u016blo plat\u0173 moduli\u0173 pasirinkim\u0105, leid\u017eiant\u012f sukurti pla\u010dias konfig\u016bracijas, pritaikytas j\u016bs\u0173 svetain\u0117s erdvei. Besidomintiems detaliomis modifikacijomis, gamintojas rekomenduoja susisiekti su klient\u0173 aptarnavimo tarnyba, kuri leis i\u0161samiai aptarti galimas modifikacijas.<\/p>\n<p>Svarbus privalumas \u2013 itali\u0161ko stiliaus miegojimo funkcija, u\u017etikrinanti stabil\u0173 140 x 200 cm plot\u0105. \u012emontuota patalyn\u0117s lentyna leid\u017eia lengvai susid\u0117ti papildom\u0105 patalyn\u0119, o 48 cm s\u0117dyn\u0117s auk\u0161tis ir 59 cm s\u0117dyn\u0117s gylis u\u017etikrina patog\u0173 kasdien\u012f naudojim\u0105. Tai leid\u017eia kampinei sofai atlikti ir poilsio, ir pilno dyd\u017eio lovos funkcij\u0105.<br \/>\nS\u0117dyni\u0173 vidus u\u017epildytas A formos spyruokl\u0117mis, didelio elastingumo putomis ir ki\u0161en\u0117s formos \u0161erdimi, u\u017etikrinan\u010dia tinkam\u0105 atram\u0105 ir ilgaam\u017ei\u0161kum\u0105. Tuo tarpu atlo\u0161ai remiasi \u012f elastinius dir\u017eelius ir poliuretano putas, kurios yra mink\u0161tos ir kartu i\u0161laiko stabili\u0105 form\u0105. Toks med\u017eiag\u0173 pasirinkimas prisideda prie viso sofos komplekto ilgaam\u017ei\u0161kumo.<\/p>\n<p>Kampin\u0117 sofa yra 293 cm plo\u010dio, 84 cm auk\u0161\u010dio ir 178 cm gylio, tod\u0117l ji puikiai tinka didesn\u0117ms svetain\u0117ms, i\u0161laikant proporcijas, leid\u017eian\u010dias patogiai pastatyti j\u0105 kampe. Pasirinktinai galima \u012fsigyti \u201eCargo\u201c porank\u012f su USB jungtimi ir versijas su subtiliu dygsniavimu, suteikiant\u012f asmenin\u012f akcent\u0105. Platus \u012fvairi\u0173 spalv\u0173 ir tekst\u016br\u0173 audini\u0173 bei od\u0173 pasirinkimas leid\u017eia der\u0117ti su kitais baldais.<\/p>","protected":false},"excerpt":{"rendered":"<p>Dydis (cm):<br \/>\nPlotis: 293<br \/>\nGylis: 178<br \/>\n\u016agis: 84<br \/>\nS\u0117dyn\u0117s auk\u0161tis: 48<br \/>\nS\u0117dyn\u0117s gylis: 59<\/p>","protected":false},"featured_media":204134,"comment_status":"open","ping_status":"closed","template":"","meta":[],"product_brand":[],"product_cat":[9133],"product_tag":[],"class_list":{"0":"post-204124","1":"product","2":"type-product","3":"status-publish","4":"has-post-thumbnail","6":"product_cat-grouped","8":"first","9":"instock","10":"shipping-taxable","11":"purchasable","12":"product-type-variable","13":"wvs-archive-product-wrapper"},"_links":{"self":[{"href":"https:\/\/baldumarket.lt\/lt\/wp-json\/wp\/v2\/product\/204124","targetHints":{"allow":["GET"]}}],"collection":[{"href":"https:\/\/baldumarket.lt\/lt\/wp-json\/wp\/v2\/product"}],"about":[{"href":"https:\/\/baldumarket.lt\/lt\/wp-json\/wp\/v2\/types\/product"}],"replies":[{"embeddable":true,"href":"https:\/\/baldumarket.lt\/lt\/wp-json\/wp\/v2\/comments?post=204124"}],"wp:featuredmedia":[{"embeddable":true,"href":"https:\/\/baldumarket.lt\/lt\/wp-json\/wp\/v2\/media\/204134"}],"wp:attachment":[{"href":"https:\/\/baldumarket.lt\/lt\/wp-json\/wp\/v2\/media?parent=204124"}],"wp:term":[{"taxonomy":"product_brand","embeddable":true,"href":"https:\/\/baldumarket.lt\/lt\/wp-json\/wp\/v2\/product_brand?post=204124"},{"taxonomy":"product_cat","embeddable":true,"href":"https:\/\/baldumarket.lt\/lt\/wp-json\/wp\/v2\/product_cat?post=204124"},{"taxonomy":"product_tag","embeddable":true,"href":"https:\/\/baldumarket.lt\/lt\/wp-json\/wp\/v2\/product_tag?post=204124"}],"curies":[{"name":"wp","href":"https:\/\/api.w.org\/{rel}","templated":true}]}}