{"id":204109,"date":"2025-12-25T18:51:44","date_gmt":"2025-12-25T15:51:44","guid":{"rendered":"https:\/\/baldumarket.lt\/?post_type=product&#038;p=204109"},"modified":"2026-03-05T10:27:24","modified_gmt":"2026-03-05T07:27:24","slug":"krzeslo-scarlet-podstawa-metalowa-obrotowa-bydgoskie-meble","status":"publish","type":"product","link":"https:\/\/baldumarket.lt\/lt\/product\/krzeslo-scarlet-podstawa-metalowa-obrotowa-bydgoskie-meble\/","title":{"rendered":"SCARLET k\u0117d\u0117 su metaliniu pasukamu pagrindu Bydgoskie Meble"},"content":{"rendered":"<p>\u201eBydgoskie Meble\u201c \u201eScarlet\u201c k\u0117d\u0117 skirta tiems, kurie vertina auk\u0161t\u0105 meistri\u0161kumo kokyb\u0119 ir galimyb\u0119 individualizuoti jos i\u0161vaizd\u0105. Konstrukcija stovi ant juodo metalo besisukan\u010dio pagrindo, kuris u\u017etikrina stabilum\u0105 ir skland\u0173 sukim\u0105si, pabr\u0117\u017edamas modern\u0173 baldo charakter\u012f. D\u0117l kruop\u0161taus apdailos \u0161is modelis atrodo solid\u017eiai ir esteti\u0161kai patraukliai \u012fvairiuose interjeruose.<\/p>\n<p>K\u0117d\u0117s s\u0117dyn\u0117 pagaminta i\u0161 B tipo banguotos spyruokl\u0117s ir poliuretano put\u0173, u\u017etikrinan\u010di\u0173 tinkam\u0105 atram\u0105 ir komfort\u0105 s\u0117dint. Atlo\u0161as, taip pat u\u017epildytas poliuretano putomis, leid\u017eia ilgai naudotis k\u0117d\u0117 be diskomforto. Visa konstrukcija sukuria vientis\u0105 strukt\u016br\u0105, kuri skatina patogi\u0105 pad\u0117t\u012f.<\/p>\n<p>\u201eScarlet\u201c modelis pasi\u017eymi gerai apgalvotomis proporcijomis. Jo matmenys: plotis 62 cm, auk\u0161tis 83 cm ir gylis 61 cm, leid\u017eia lanks\u010diai i\u0161d\u0117styti kr\u0117sl\u0105 tiek didesn\u0117se, tiek jaukesn\u0117se erdv\u0117se. S\u0117dyn\u0117s auk\u0161tis yra 54 cm, o gylis \u2013 46 cm, tod\u0117l kr\u0117slas tinka \u012fvairiems stalams ir ra\u0161omiesiems stalams. Verta atkreipti d\u0117mes\u012f \u012f plat\u0173 konfig\u016bratori\u0173, leid\u017eiant\u012f rinktis i\u0161 de\u0161im\u010di\u0173 audini\u0173 su \u012fvairiomis tekst\u016bromis, spalvomis ir savyb\u0117mis. Platus med\u017eiag\u0173 pasirinkimas leid\u017eia sukurti apdail\u0105, puikiai atitinkan\u010di\u0105 j\u016bs\u0173 individualius poreikius ir interjero charakter\u012f. \u0160is sprendimas suteikia visi\u0161k\u0105 laisv\u0119 kuriant unikal\u0173 spalv\u0173 ir tekst\u016br\u0173 derin\u012f.<\/p>\n<p>\u201eScarlet\u201c k\u0117d\u0117 derina d\u0117mes\u012f detal\u0117ms su pritaikymo galimyb\u0117mis. Kruop\u0161\u010diai parinktos med\u017eiagos, tvirtas metalinis besisukantis pagrindas ir patogus s\u0117dyn\u0117s bei atlo\u0161o pamink\u0161tinimas daro \u0161\u012f bald\u0105 patvariu. D\u0117l tikslaus meistri\u0161kumo ir plataus apmu\u0161al\u0173 pasirinkimo ji gali tapti bet kurio valgomojo, svetain\u0117s ar biuro akcentu.<\/p>","protected":false},"excerpt":{"rendered":"<p>The Scarlet chair by Bydgoskie Meble is designed for those who value high-quality craftsmanship and the ability to customize its look. The structure rests on a black metal swivel base, which ensures stability and smooth rotation, emphasizing the furniture&#8217;s modern character. Thanks to its meticulous finish, this model looks solid and aesthetically pleasing in a [&hellip;]<\/p>","protected":false},"featured_media":204106,"comment_status":"open","ping_status":"closed","template":"","meta":[],"product_brand":[],"product_cat":[9726,6033,1930],"product_tag":[],"class_list":{"0":"post-204109","1":"product","2":"type-product","3":"status-publish","4":"has-post-thumbnail","6":"product_cat-upholstered-furniture-scarlet-bydgoskie","7":"product_cat-bydgoskie-meble","8":"product_cat-chairs","10":"first","11":"instock","12":"shipping-taxable","13":"product-type-grouped"},"_links":{"self":[{"href":"https:\/\/baldumarket.lt\/lt\/wp-json\/wp\/v2\/product\/204109","targetHints":{"allow":["GET"]}}],"collection":[{"href":"https:\/\/baldumarket.lt\/lt\/wp-json\/wp\/v2\/product"}],"about":[{"href":"https:\/\/baldumarket.lt\/lt\/wp-json\/wp\/v2\/types\/product"}],"replies":[{"embeddable":true,"href":"https:\/\/baldumarket.lt\/lt\/wp-json\/wp\/v2\/comments?post=204109"}],"wp:featuredmedia":[{"embeddable":true,"href":"https:\/\/baldumarket.lt\/lt\/wp-json\/wp\/v2\/media\/204106"}],"wp:attachment":[{"href":"https:\/\/baldumarket.lt\/lt\/wp-json\/wp\/v2\/media?parent=204109"}],"wp:term":[{"taxonomy":"product_brand","embeddable":true,"href":"https:\/\/baldumarket.lt\/lt\/wp-json\/wp\/v2\/product_brand?post=204109"},{"taxonomy":"product_cat","embeddable":true,"href":"https:\/\/baldumarket.lt\/lt\/wp-json\/wp\/v2\/product_cat?post=204109"},{"taxonomy":"product_tag","embeddable":true,"href":"https:\/\/baldumarket.lt\/lt\/wp-json\/wp\/v2\/product_tag?post=204109"}],"curies":[{"name":"wp","href":"https:\/\/api.w.org\/{rel}","templated":true}]}}