{"id":204068,"date":"2025-12-25T18:49:08","date_gmt":"2025-12-25T15:49:08","guid":{"rendered":"https:\/\/baldumarket.lt\/?post_type=product&#038;p=204068"},"modified":"2026-02-03T23:22:12","modified_gmt":"2026-02-03T20:22:12","slug":"krzeslo-scarlet-wood-obrotowe-bydgoskie-meble-gr2","status":"publish","type":"product","link":"https:\/\/baldumarket.lt\/lt\/product\/krzeslo-scarlet-wood-obrotowe-bydgoskie-meble-gr2\/","title":{"rendered":"Scarlet Wood sukamoji k\u0117d\u0117 Bydgoskie Meble Gr2"},"content":{"rendered":"<p>\u201eBydgoskie Meble\u201c \u201eScarlet Wood\u201c k\u0117d\u0117 \u2013 puikus pasirinkimas ie\u0161kantiems rafinuoto dizaino ir pla\u010di\u0173 pritaikymo galimybi\u0173 k\u0117d\u0117s. Medin\u0117s, pasukamos kojos, kurias galima rinktis i\u0161 septyni\u0173 spalv\u0173, leid\u017eia pritaikyti k\u0117d\u0119 prie bet kokio interjero. D\u0117l plataus konfig\u016bratoriaus galite rinktis i\u0161 daugyb\u0117s audini\u0173 su skirtingomis tekst\u016bromis ir spalvomis, taip sukurdami dizain\u0105, atitinkant\u012f j\u016bs\u0173 individuali\u0105 erdv\u0119.<\/p>\n<p>Komfort\u0105 u\u017etikrina s\u0117dyn\u0117, u\u017epildyta poliuretano putomis ir B tipo banguota spyruokle, u\u017etikrinan\u010dia tinkam\u0105 atram\u0105 ir ilgaam\u017ei\u0161kum\u0105. I\u0161 t\u0173 pa\u010di\u0173 put\u0173 pagamintas atlo\u0161as sukuria vientis\u0105 visum\u0105, skatinan\u010di\u0105 patogi\u0105 s\u0117d\u0117jimo pad\u0117t\u012f. \u0160i konstrukcija u\u017etikrina, kad k\u0117d\u0117 ilg\u0105 laik\u0105 i\u0161laiko savo form\u0105 ir estetin\u012f patrauklum\u0105.<\/p>\n<p>\u0160is modelis pasi\u017eymi tiksliai apibr\u0117\u017etais matmenimis: plotis \u2013 62 cm, auk\u0161tis \u2013 83 cm, o gylis \u2013 61 cm. Be to, 54 cm s\u0117dyn\u0117s auk\u0161tis ir 46 cm gylis leid\u017eia patogiai priderinti k\u0117d\u0119 prie standartinio auk\u0161\u010dio stal\u0173. \u0160ios proporcijos u\u017etikrina komfort\u0105 kasdien naudojant valgomajame, biure ar poilsio zonoje. Medin\u0117s kojel\u0117s suteikia k\u0117dei stabilumo, o pasukimo mechanizmas pabr\u0117\u017eia jos modern\u0173 charakter\u012f. Kruop\u0161\u010diai parinktos med\u017eiagos ir tvirta konstrukcija u\u017etikrina, kad k\u0117d\u0117 i\u0161likt\u0173 puikios net ir intensyviai naudojant. Visas baldas pagamintas su \u201eBydgoskie Meble\u201c b\u016bdingu d\u0117mesiu detal\u0117ms.<\/p>\n<p>\u201eScarlet Wood\u201c k\u0117d\u0117 sujungia auk\u0161t\u0105 meistri\u0161kumo kokyb\u0119 ir visi\u0161k\u0105 laisv\u0119 renkantis audinius bei spalvas. Galimyb\u0117 rinktis i\u0161 \u012fvairi\u0173 variant\u0173 leid\u017eia sukurti unikal\u0173 bald\u0105, kuris harmoningai der\u0117s prie j\u016bs\u0173 planuojamo interjero dizaino. \u0160i k\u0117d\u0117 puikiai tinka tiems, kurie vertina rafinuot\u0105 meistri\u0161kum\u0105 ir pla\u010dias pritaikymo galimybes.<\/p>","protected":false},"excerpt":{"rendered":"<p>Dydis (cm):<br \/>\nPlotis: 62<br \/>\nGylis: 61<br \/>\n\u016agis: 83<br \/>\nS\u0117dyn\u0117s auk\u0161tis: 54<\/p>","protected":false},"featured_media":204096,"comment_status":"open","ping_status":"closed","template":"","meta":[],"product_brand":[],"product_cat":[9133],"product_tag":[],"class_list":{"0":"post-204068","1":"product","2":"type-product","3":"status-publish","4":"has-post-thumbnail","6":"product_cat-grouped","8":"first","9":"instock","10":"shipping-taxable","11":"purchasable","12":"product-type-variable","13":"wvs-archive-product-wrapper"},"_links":{"self":[{"href":"https:\/\/baldumarket.lt\/lt\/wp-json\/wp\/v2\/product\/204068","targetHints":{"allow":["GET"]}}],"collection":[{"href":"https:\/\/baldumarket.lt\/lt\/wp-json\/wp\/v2\/product"}],"about":[{"href":"https:\/\/baldumarket.lt\/lt\/wp-json\/wp\/v2\/types\/product"}],"replies":[{"embeddable":true,"href":"https:\/\/baldumarket.lt\/lt\/wp-json\/wp\/v2\/comments?post=204068"}],"wp:featuredmedia":[{"embeddable":true,"href":"https:\/\/baldumarket.lt\/lt\/wp-json\/wp\/v2\/media\/204096"}],"wp:attachment":[{"href":"https:\/\/baldumarket.lt\/lt\/wp-json\/wp\/v2\/media?parent=204068"}],"wp:term":[{"taxonomy":"product_brand","embeddable":true,"href":"https:\/\/baldumarket.lt\/lt\/wp-json\/wp\/v2\/product_brand?post=204068"},{"taxonomy":"product_cat","embeddable":true,"href":"https:\/\/baldumarket.lt\/lt\/wp-json\/wp\/v2\/product_cat?post=204068"},{"taxonomy":"product_tag","embeddable":true,"href":"https:\/\/baldumarket.lt\/lt\/wp-json\/wp\/v2\/product_tag?post=204068"}],"curies":[{"name":"wp","href":"https:\/\/api.w.org\/{rel}","templated":true}]}}