{"id":204043,"date":"2025-12-25T18:47:47","date_gmt":"2025-12-25T15:47:47","guid":{"rendered":"https:\/\/baldumarket.lt\/?post_type=product&#038;p=204043"},"modified":"2026-03-05T10:27:24","modified_gmt":"2026-03-05T07:27:24","slug":"krzeslo-silla-wood-obrotowe-bydgoskie-meble","status":"publish","type":"product","link":"https:\/\/baldumarket.lt\/lt\/product\/krzeslo-silla-wood-obrotowe-bydgoskie-meble\/","title":{"rendered":"SILLA Wood pasukama k\u0117d\u0117 Bydgoskie Meble"},"content":{"rendered":"<p>\u201eBydgoskie Meble\u201c \u201eSilla Wood\u201c k\u0117d\u0117 \u2013 puikus pasirinkimas ie\u0161kantiems auk\u0161tos kokyb\u0117s bald\u0173 su i\u0161skirtiniu charakteriu. Ji turi medin\u012f besisukant\u012f pagrind\u0105, kur\u012f galima rinktis i\u0161 septyni\u0173 spalv\u0173, tod\u0117l dera prie \u012fvairi\u0173 interjero dizain\u0173. Konstrukcija buvo sukurta galvojant apie patogum\u0105 kasdieniam naudojimui, o k\u0117d\u0117s proporcijos leid\u017eia j\u0105 lengvai pastatyti ant \u012fvairaus auk\u0161\u010dio stal\u0173.<\/p>\n<p>54 cm auk\u0161\u010dio ir 46 cm gylio s\u0117dyn\u0117 u\u017etikrina komfort\u0105 ilgai s\u0117dint. Poliuretano put\u0173 u\u017epildas kartu su B tipo vingiuotomis spyruokl\u0117mis garantuoja pakankam\u0105 elastingum\u0105 ir ilgaam\u017ei\u0161kum\u0105. I\u0161 t\u0173 pa\u010di\u0173 put\u0173 pagaminta atlo\u0161as i\u0161laiko stabili\u0105 form\u0105, palaikydamas nugar\u0105 nat\u016bralioje pad\u0117tyje.<\/p>\n<p>Dizainas leid\u017eia pla\u010diai pritaikyti baldus. Apmu\u0161alus galima rinktis i\u0161 gausios \u201eBydgoskie Meble\u201c pavyzd\u017ei\u0173 kolekcijos, kurioje yra \u012fvairi\u0173 audini\u0173 ir od\u0173. Tai leid\u017eia lengvai pritaikyti k\u0117d\u0119 prie individuali\u0173 spalv\u0173 pageidavim\u0173 ir med\u017eiagos, kuri geriausiai tinka konkre\u010diam kambariui. Bendri matmenys yra 62 cm plo\u010dio, 83 cm auk\u0161\u010dio ir 61 cm gylio, tod\u0117l \u0161i k\u0117d\u0117 tinka tiek valgomajam, tiek nam\u0173 biurui. Kompakti\u0161kas dizainas leid\u017eia lengvai pastatyti j\u0105 aplink didesn\u012f stal\u0105, neribojant jud\u0117jimo laisv\u0117s. Pasukamas pagrindas suteikia komforto susitikim\u0173 prie stalo metu arba dirbant prie ra\u0161omojo stalo.<\/p>\n<p>\u201eSilla Wood\u201c k\u0117d\u0117je derinamos auk\u0161tos kokyb\u0117s med\u017eiagos ir lenk\u0173 prek\u0117s \u017eenklui \u201eBydgoskie Meble\u201c b\u016bdingas tikslus meistri\u0161kumas. Kruop\u0161\u010diai atrinkti komponentai \u2013 nuo med\u017eio masyvo iki patvaraus putplas\u010dio \u2013 sukuria bald\u0105, kuris i\u0161laiko savo savybes ilgus metus. \u0160is pasirinkimas pabr\u0117\u017eia d\u0117mes\u012f detal\u0117ms ir s\u0105moning\u0105 po\u017ei\u016br\u012f \u012f interjero dizain\u0105.<\/p>","protected":false},"excerpt":{"rendered":"<p>The Silla Wood chair by Bydgoskie Meble is a perfect choice for those seeking high-quality furniture with a distinctive character. It features a wooden swivel base available in seven color options, allowing it to complement a variety of interior designs. The structure was designed with comfort in mind for everyday use, and the chair&#8217;s proportions [&hellip;]<\/p>","protected":false},"featured_media":204045,"comment_status":"open","ping_status":"closed","template":"","meta":[],"product_brand":[],"product_cat":[9724,6033,1930],"product_tag":[],"class_list":{"0":"post-204043","1":"product","2":"type-product","3":"status-publish","4":"has-post-thumbnail","6":"product_cat-upholstered-furniture-silla-bydgoskie","7":"product_cat-bydgoskie-meble","8":"product_cat-chairs","10":"first","11":"instock","12":"shipping-taxable","13":"product-type-grouped"},"_links":{"self":[{"href":"https:\/\/baldumarket.lt\/lt\/wp-json\/wp\/v2\/product\/204043","targetHints":{"allow":["GET"]}}],"collection":[{"href":"https:\/\/baldumarket.lt\/lt\/wp-json\/wp\/v2\/product"}],"about":[{"href":"https:\/\/baldumarket.lt\/lt\/wp-json\/wp\/v2\/types\/product"}],"replies":[{"embeddable":true,"href":"https:\/\/baldumarket.lt\/lt\/wp-json\/wp\/v2\/comments?post=204043"}],"wp:featuredmedia":[{"embeddable":true,"href":"https:\/\/baldumarket.lt\/lt\/wp-json\/wp\/v2\/media\/204045"}],"wp:attachment":[{"href":"https:\/\/baldumarket.lt\/lt\/wp-json\/wp\/v2\/media?parent=204043"}],"wp:term":[{"taxonomy":"product_brand","embeddable":true,"href":"https:\/\/baldumarket.lt\/lt\/wp-json\/wp\/v2\/product_brand?post=204043"},{"taxonomy":"product_cat","embeddable":true,"href":"https:\/\/baldumarket.lt\/lt\/wp-json\/wp\/v2\/product_cat?post=204043"},{"taxonomy":"product_tag","embeddable":true,"href":"https:\/\/baldumarket.lt\/lt\/wp-json\/wp\/v2\/product_tag?post=204043"}],"curies":[{"name":"wp","href":"https:\/\/api.w.org\/{rel}","templated":true}]}}