{"id":203992,"date":"2025-12-25T18:45:02","date_gmt":"2025-12-25T15:45:02","guid":{"rendered":"https:\/\/baldumarket.lt\/?post_type=product&#038;p=203992"},"modified":"2026-02-03T23:22:17","modified_gmt":"2026-02-03T20:22:17","slug":"fuelta-fotel-z-nozkami-drewnianymi-bydgoskie-meble-gr5","status":"publish","type":"product","link":"https:\/\/baldumarket.lt\/lt\/product\/fuelta-fotel-z-nozkami-drewnianymi-bydgoskie-meble-gr5\/","title":{"rendered":"Fuelta fotelis su medin\u0117mis kojomis Bydgoskie Meble Gr5"},"content":{"rendered":"<p>\u201eBydgoskie Meble\u201c \u201eFuelta\u201c fotelis \u2013 puikus pasirinkimas tiems, kurie vertina kruop\u0161t\u0173 meistri\u0161kum\u0105 ir i\u0161skirtin\u0119, kriaukl\u0117s formos \u012fkv\u0117pt\u0105 form\u0105. I\u0161skirtin\u0117s vertikalios si\u016bl\u0117s atlo\u0161e sukuria subtil\u0173 \u0161viesos \u017eaism\u0105, o apvalios linijos pabr\u0117\u017eia formos \u0161velnum\u0105. Auk\u0161tos medin\u0117s kojel\u0117s suteikia visai konstrukcijai vizualinio lengvumo ir kartu u\u017etikrina stabilum\u0105.<\/p>\n<p>S\u0117dyn\u0117 pagaminta i\u0161 vingiuot\u0173 spyruokli\u0173 ir didelio elastingumo put\u0173, u\u017etikrinan\u010di\u0173 tinkam\u0105 atram\u0105 ir atsparum\u0105. Atlo\u0161as u\u017epildytas poliuretano putomis, kurios suteikia nugarai tinkam\u0105 atram\u0105 ilgo poilsio metu. \u0160is med\u017eiag\u0173 derinys padidina komfort\u0105 net ir intensyviai naudojant kasdien.<\/p>\n<p>\u201eFuelta\u201c modelis pasi\u017eymi matmenimis, kurie tinka \u012fvairiems interjerams: plotis 82 cm, auk\u0161tis 87 cm, gylis 77 cm ir s\u0117dyn\u0117s auk\u0161tis 46 cm. \u0160ie parametrai daro fotel\u012f harmoningu tiek erdvi\u0173, tiek ma\u017eesni\u0173 svetaini\u0173 akcentu. Proporcijos buvo sukurtos siekiant i\u0161laikyti pusiausvyr\u0105 tarp komforto ir estetikos. Klientai gali rinktis i\u0161 plataus apdailos asortimento. Galima rinktis i\u0161 daugyb\u0117s apmu\u0161al\u0173 audini\u0173, taip pat \u012fvairi\u0173 medini\u0173 koj\u0173 atspalvi\u0173: venge, sendinto vy\u0161nios, nat\u016bralaus buko, nat\u016bralaus \u0105\u017euolo, rie\u0161uto, sidabro ir juodos. Tai leid\u017eia foteliui der\u0117ti prie j\u016bs\u0173 interjero spalv\u0173 gamos ir suteikti jam asmenin\u012f charakter\u012f.<\/p>\n<p>D\u0117l tvirt\u0173 med\u017eiag\u0173 \u2013 kojoms naudojamos medienos ir auk\u0161tos kokyb\u0117s putplas\u010dio \u2013 \u201eFuelta\u201c fotelis tarnaus ilgus metus. Kruop\u0161\u010diai suprojektuota kriaukl\u0117s forma tampa patraukliu akcentu svetain\u0117je, sve\u010di\u0173 kambaryje ar miegamajame, sukurdama patogi\u0105 viet\u0105 atsipalaiduoti. \u0160is baldas sujungia patog\u0173 poils\u012f su i\u0161skirtine, dekoratyvia i\u0161vaizda.<\/p>","protected":false},"excerpt":{"rendered":"<p>Dydis (cm):<br \/>\nPlotis: 82<br \/>\nGylis: 77<br \/>\n\u016agis: 87<br \/>\nS\u0117dyn\u0117s auk\u0161tis: 46<\/p>","protected":false},"featured_media":204008,"comment_status":"open","ping_status":"closed","template":"","meta":[],"product_brand":[],"product_cat":[9133],"product_tag":[],"class_list":{"0":"post-203992","1":"product","2":"type-product","3":"status-publish","4":"has-post-thumbnail","6":"product_cat-grouped","8":"first","9":"instock","10":"shipping-taxable","11":"purchasable","12":"product-type-variable","13":"wvs-archive-product-wrapper"},"_links":{"self":[{"href":"https:\/\/baldumarket.lt\/lt\/wp-json\/wp\/v2\/product\/203992","targetHints":{"allow":["GET"]}}],"collection":[{"href":"https:\/\/baldumarket.lt\/lt\/wp-json\/wp\/v2\/product"}],"about":[{"href":"https:\/\/baldumarket.lt\/lt\/wp-json\/wp\/v2\/types\/product"}],"replies":[{"embeddable":true,"href":"https:\/\/baldumarket.lt\/lt\/wp-json\/wp\/v2\/comments?post=203992"}],"wp:featuredmedia":[{"embeddable":true,"href":"https:\/\/baldumarket.lt\/lt\/wp-json\/wp\/v2\/media\/204008"}],"wp:attachment":[{"href":"https:\/\/baldumarket.lt\/lt\/wp-json\/wp\/v2\/media?parent=203992"}],"wp:term":[{"taxonomy":"product_brand","embeddable":true,"href":"https:\/\/baldumarket.lt\/lt\/wp-json\/wp\/v2\/product_brand?post=203992"},{"taxonomy":"product_cat","embeddable":true,"href":"https:\/\/baldumarket.lt\/lt\/wp-json\/wp\/v2\/product_cat?post=203992"},{"taxonomy":"product_tag","embeddable":true,"href":"https:\/\/baldumarket.lt\/lt\/wp-json\/wp\/v2\/product_tag?post=203992"}],"curies":[{"name":"wp","href":"https:\/\/api.w.org\/{rel}","templated":true}]}}