{"id":203961,"date":"2025-12-25T18:43:46","date_gmt":"2025-12-25T15:43:46","guid":{"rendered":"https:\/\/baldumarket.lt\/?post_type=product&#038;p=203961"},"modified":"2026-02-03T23:22:19","modified_gmt":"2026-02-03T20:22:19","slug":"naroznik-flamingo-bydgoskie-meble-gr4","status":"publish","type":"product","link":"https:\/\/baldumarket.lt\/lt\/product\/naroznik-flamingo-bydgoskie-meble-gr4\/","title":{"rendered":"Flamingo kampin\u0117 sofa Bydgoskie Meble Gr4"},"content":{"rendered":"<p>\u201eBydgoskie Meble\u201c kampin\u0117 sofa \u201eFlamingo\u201c sukurta ie\u0161kantiems i\u0161skirtinio komforto ir modernaus dizaino. \u0160velniai apvalios linijos, gilios s\u0117dyn\u0117s ir i\u0161skirtiniai porankiai suteikia visam baldui \u0161velni\u0105, jauki\u0105 i\u0161vaizd\u0105. \u0160is modelis priklauso FLAMINGO kolekcijai, \u017einomai d\u0117l rafinuoto dizaino ir kruop\u0161\u010diai atrinkt\u0173 med\u017eiag\u0173.<\/p>\n<p>Kampin\u0117 sofa turi elektrin\u012f s\u0117dyn\u0117s gylio reguliavim\u0105 (RF slankiklis) ir atlo\u0161o funkcij\u0105, leid\u017eian\u010di\u0105 pritaikyti pad\u0117t\u012f pagal individualius poreikius. Reguliuojamos galvos atramos suteikia piln\u0105 galvos ir kaklo atram\u0105, padidindamos kasdienio poilsio komfort\u0105. Elektriniai mechanizmai pabr\u0117\u017eia modern\u0173 bald\u0173 charakter\u012f ir u\u017etikrina skland\u0173 veikim\u0105.<\/p>\n<p>S\u0117dyn\u0117s konstrukcij\u0105 palaiko B tipo vingiuotos spyruokl\u0117s ir didelio tankio poliuretano putos, u\u017etikrinan\u010dios pakankam\u0105 elastingum\u0105 ir ilgaam\u017ei\u0161kum\u0105. Atlo\u0161as pagamintas i\u0161 elasting\u0173 dir\u017eeli\u0173 ir poliuretano put\u0173, kurios padeda i\u0161laikyti taisykling\u0105 laikysen\u0105. Tai u\u017etikrina, kad kampin\u0117 sofa i\u0161likt\u0173 savo forma net ir intensyviai naudojant. \u201eFlamingo Etap Sofa 1.5RF-1.5-REC RF slide + RF\u201c modelio matmenys: plotis 279 cm, auk\u0161tis 75(97) cm, gylis 184 cm, s\u0117dyn\u0117s auk\u0161tis 46 cm, s\u0117dyn\u0117s gylis 57 cm, o atlo\u0161o auk\u0161tis 29(51) cm. Poranki\u0173 ilgis yra 19\/64\/107 cm, o 11 cm auk\u0161\u010dio medin\u0117s kojel\u0117s suteikia lengvumo ir stabilumo.<\/p>\n<p>Kampin\u0117 sofa gali b\u016bti aptraukta nat\u016bralia oda arba audiniu. Ji neturi miegojimo funkcijos ar daiktad\u0117\u017e\u0117s, tod\u0117l u\u017etikrina maksimal\u0173 s\u0117d\u0117jimo komfort\u0105. Tvirta konstrukcija ir auk\u0161tos kokyb\u0117s med\u017eiag\u0173 naudojimas paver\u010dia \u201eFlamingo Bydgoskie Meble\u201c investicija \u012f patvarum\u0105 ir komfort\u0105 ateinantiems metams.<\/p>","protected":false},"excerpt":{"rendered":"<p>Dydis (cm):<br \/>\nPlotis: 278<br \/>\nGylis: 184<br \/>\n\u016agis: 75<br \/>\nS\u0117dyn\u0117s auk\u0161tis: 46<br \/>\nS\u0117dyn\u0117s gylis: 57<\/p>","protected":false},"featured_media":203979,"comment_status":"open","ping_status":"closed","template":"","meta":[],"product_brand":[],"product_cat":[9133],"product_tag":[],"class_list":{"0":"post-203961","1":"product","2":"type-product","3":"status-publish","4":"has-post-thumbnail","6":"product_cat-grouped","8":"first","9":"instock","10":"shipping-taxable","11":"purchasable","12":"product-type-variable","13":"wvs-archive-product-wrapper"},"_links":{"self":[{"href":"https:\/\/baldumarket.lt\/lt\/wp-json\/wp\/v2\/product\/203961","targetHints":{"allow":["GET"]}}],"collection":[{"href":"https:\/\/baldumarket.lt\/lt\/wp-json\/wp\/v2\/product"}],"about":[{"href":"https:\/\/baldumarket.lt\/lt\/wp-json\/wp\/v2\/types\/product"}],"replies":[{"embeddable":true,"href":"https:\/\/baldumarket.lt\/lt\/wp-json\/wp\/v2\/comments?post=203961"}],"wp:featuredmedia":[{"embeddable":true,"href":"https:\/\/baldumarket.lt\/lt\/wp-json\/wp\/v2\/media\/203979"}],"wp:attachment":[{"href":"https:\/\/baldumarket.lt\/lt\/wp-json\/wp\/v2\/media?parent=203961"}],"wp:term":[{"taxonomy":"product_brand","embeddable":true,"href":"https:\/\/baldumarket.lt\/lt\/wp-json\/wp\/v2\/product_brand?post=203961"},{"taxonomy":"product_cat","embeddable":true,"href":"https:\/\/baldumarket.lt\/lt\/wp-json\/wp\/v2\/product_cat?post=203961"},{"taxonomy":"product_tag","embeddable":true,"href":"https:\/\/baldumarket.lt\/lt\/wp-json\/wp\/v2\/product_tag?post=203961"}],"curies":[{"name":"wp","href":"https:\/\/api.w.org\/{rel}","templated":true}]}}