{"id":203902,"date":"2025-12-25T18:41:17","date_gmt":"2025-12-25T15:41:17","guid":{"rendered":"https:\/\/baldumarket.lt\/?post_type=product&#038;p=203902"},"modified":"2026-02-03T23:22:21","modified_gmt":"2026-02-03T20:22:21","slug":"naroznik-viva-bydgoskie-meble-gr3","status":"publish","type":"product","link":"https:\/\/baldumarket.lt\/lt\/product\/naroznik-viva-bydgoskie-meble-gr3\/","title":{"rendered":"Viva Bydgoskie Meble Gr3 kampin\u0117 sofa"},"content":{"rendered":"<p>\u201eViva Bydgoskie Meble 2.5F-REC\/BK\u201c kampin\u0117 sofa puikiai tinka ie\u0161kantiems didelio komforto ir modernaus dizaino. Galima \u012fsigyti tiek de\u0161inin\u0117s, tiek kair\u0117s pus\u0117s versij\u0173, tod\u0117l j\u0105 galima pritaikyti \u012fvairiems interjero i\u0161planavimams. Subtili baldo forma ir d\u0117mesys detal\u0117ms paver\u010dia j\u012f i\u0161skirtiniu svetain\u0117s baldu.<\/p>\n<p>Kampin\u0117s sofos konstrukcija paremta B tipo vingiuotomis spyruokl\u0117mis ir poliuretano putomis, u\u017etikrinan\u010diomis tinkam\u0105 atram\u0105 ir ilgaam\u017ei\u0161kum\u0105. Atlo\u0161as pagamintas i\u0161 elasting\u0173 dir\u017eeli\u0173 ir putplas\u010dio bei pluo\u0161to mi\u0161inio u\u017epildo, u\u017etikrinan\u010dio mink\u0161tum\u0105 ir komfort\u0105 atsipalaidavimo metu. Auk\u0161tos, 13 cm metalin\u0117s kojel\u0117s suteikia lengvumo poj\u016bt\u012f ir leid\u017eia lengvai valyti po sofa.<\/p>\n<p>Vienas i\u0161 pagrindini\u0173 \u201eViva\u201c modelio savybi\u0173 \u2013 reguliuojamas atlo\u0161as, leid\u017eiantis keisti s\u0117dyn\u0117s gyl\u012f ir atlo\u0161o auk\u0161t\u012f. Auk\u0161\u010dio diapazonas yra nuo 88 iki 109 cm, tod\u0117l kampin\u0119 sof\u0105 galima pritaikyti individualiems naudotojo poreikiams. Tai leid\u017eia sof\u0105 tiek atsilo\u0161ti, tiek patogiai s\u0117d\u0117ti susib\u016brim\u0173 metu. Kampin\u0117 sofa taip pat turi leopardo miegojimo funkcij\u0105, kuri leid\u017eia j\u0105 lengvai transformuoti \u012f 130 \u00d7 200 cm dyd\u017eio miegojimo pavir\u0161i\u0173. Papildomas privalumas \u2013 patalyn\u0117s skyrius, kuriame patogu laikyti antklodes ir pagalves. \u0160is sprendimas taip pat leid\u017eia sof\u0105 pritaikyti ma\u017eesniems butams, kur svarbus kiekvienas erdv\u0117s centimetras.<\/p>\n<p>Visos sofos plotis yra 247 cm, gylis \u2013 167 cm, o s\u0117dyn\u0117s auk\u0161tis \u2013 46 cm. S\u0117dyn\u0117s gylis \u2013 51 cm, o atlo\u0161o auk\u0161tis \u2013 42 cm. Poranki\u0173 matmenys yra 17\/68\/97 cm, tod\u0117l konstrukcija yra proporcinga. Apmu\u0161alai pagaminti i\u0161 auk\u0161tos kokyb\u0117s audinio, kuris u\u017etikrina malon\u0173 poj\u016bt\u012f odai ir patvarum\u0105 kasdieniam naudojimui.<\/p>\n<p>Kedra audinys, pagalv\u0117l\u0117s ne\u012fskai\u010diuotos.<\/p>","protected":false},"excerpt":{"rendered":"<p>Dydis (cm):<br \/>\nPlotis: 247<br \/>\nGylis: 167<br \/>\n\u016agis: 88\/109<br \/>\nS\u0117dyn\u0117s gylis: 51<br \/>\nTrumpojo \u0161ono gylis: 97<\/p>","protected":false},"featured_media":203922,"comment_status":"open","ping_status":"closed","template":"","meta":[],"product_brand":[],"product_cat":[9133],"product_tag":[],"class_list":{"0":"post-203902","1":"product","2":"type-product","3":"status-publish","4":"has-post-thumbnail","6":"product_cat-grouped","8":"first","9":"instock","10":"shipping-taxable","11":"purchasable","12":"product-type-variable","13":"wvs-archive-product-wrapper"},"_links":{"self":[{"href":"https:\/\/baldumarket.lt\/lt\/wp-json\/wp\/v2\/product\/203902","targetHints":{"allow":["GET"]}}],"collection":[{"href":"https:\/\/baldumarket.lt\/lt\/wp-json\/wp\/v2\/product"}],"about":[{"href":"https:\/\/baldumarket.lt\/lt\/wp-json\/wp\/v2\/types\/product"}],"replies":[{"embeddable":true,"href":"https:\/\/baldumarket.lt\/lt\/wp-json\/wp\/v2\/comments?post=203902"}],"wp:featuredmedia":[{"embeddable":true,"href":"https:\/\/baldumarket.lt\/lt\/wp-json\/wp\/v2\/media\/203922"}],"wp:attachment":[{"href":"https:\/\/baldumarket.lt\/lt\/wp-json\/wp\/v2\/media?parent=203902"}],"wp:term":[{"taxonomy":"product_brand","embeddable":true,"href":"https:\/\/baldumarket.lt\/lt\/wp-json\/wp\/v2\/product_brand?post=203902"},{"taxonomy":"product_cat","embeddable":true,"href":"https:\/\/baldumarket.lt\/lt\/wp-json\/wp\/v2\/product_cat?post=203902"},{"taxonomy":"product_tag","embeddable":true,"href":"https:\/\/baldumarket.lt\/lt\/wp-json\/wp\/v2\/product_tag?post=203902"}],"curies":[{"name":"wp","href":"https:\/\/api.w.org\/{rel}","templated":true}]}}