{"id":203850,"date":"2025-12-25T18:38:30","date_gmt":"2025-12-25T15:38:30","guid":{"rendered":"https:\/\/baldumarket.lt\/?post_type=product&#038;p=203850"},"modified":"2026-02-03T23:22:24","modified_gmt":"2026-02-03T20:22:24","slug":"naroznik-vithon-25-rec-bydgoskie-meble-skora-l1","status":"publish","type":"product","link":"https:\/\/baldumarket.lt\/lt\/product\/naroznik-vithon-25-rec-bydgoskie-meble-skora-l1\/","title":{"rendered":"Vithon 2.5-REC kampin\u0117 sofa Bydgoskie Meble Leather L1"},"content":{"rendered":"<p>\u201eBydgoskie Meble\u201c \u201eVithon 2.5-REC\u201c kampin\u0117 sofa pasi\u017eymi rafinuota forma, proporcijomis ir kokybi\u0161ku meistri\u0161kumu. 291 cm plo\u010dio, 81 cm auk\u0161\u010dio ir 166 cm gylio sofa u\u017etikrina stabilum\u0105 ir kruop\u0161t\u0173 kiekvieno elemento apdail\u0105. Modelis tiekiamas de\u0161inin\u0117s arba kair\u0117s pus\u0117s versijomis, tod\u0117l j\u012f lengva pritaikyti prie bet kokio interjero i\u0161planavimo.<br \/>\nS\u0117d\u0117jimo zona buvo suprojektuota atsi\u017evelgiant \u012f patvarum\u0105 ir tinkam\u0105 atram\u0105. Ji u\u017epildyta B tipo vingiuotomis spyruokl\u0117mis ir poliuretano putomis, kurios u\u017etikrina, kad naudojimo metu ji i\u0161likt\u0173 savo forma. 45 cm auk\u0161\u010dio ir 58 cm gylio s\u0117dyn\u0117 u\u017etikrina patogi\u0105 k\u016bno pad\u0117t\u012f.<br \/>\nKampin\u0117s sofos atlo\u0161as turi elasting\u0173 dir\u017eeli\u0173 ir poliuretano put\u0173 sistem\u0105, u\u017etikrinan\u010di\u0105 tolyg\u0173 nugaros atram\u0105. 36 cm auk\u0161\u010dio atlo\u0161as padeda i\u0161laikyti stabili\u0105 pad\u0117t\u012f poilsio metu. Visa sofa aptraukta patvariu audiniu.<br \/>\n30\/81\/69 cm porankiai padidina s\u0117d\u0117jimo komfort\u0105. 15,5 cm auk\u0161\u010dio metalin\u0117s kojel\u0117s, padengtos matine juoda spalva, suteikia baldui vizualiai lengvumo ir leid\u017eia lengvai i\u0161valyti erdv\u0119 po kampine sofa. Konstrukcija i\u0161lieka stabili net ir intensyviai naudojant.<\/p>\n<p>\u0160is modelis neturi miegojimo funkcijos, n\u0117ra modulinis ir nesi\u016blo patalyn\u0117s laikymo skyriaus ar mechanin\u0117s poilsio funkcijos, tod\u0117l jo specializuota forma skirta tik dienos poilsiui. Kampin\u0117 sofa i\u0161siskiria kruop\u0161\u010diu meistri\u0161kumu, tod\u0117l tai tvirtas baldas bet kokiai gyvenamajai erdvei. D\u0117l darnaus dizaino ji suteikia harmoning\u0105 charakter\u012f bet kokiam interjerui.<\/p>","protected":false},"excerpt":{"rendered":"<p>Dydis (cm):<br \/>\nPlotis: 291<br \/>\nGylis: 166<br \/>\n\u016agis: 81<br \/>\nS\u0117dyn\u0117s auk\u0161tis: 45<br \/>\nS\u0117dyn\u0117s gylis: 58<\/p>","protected":false},"featured_media":203862,"comment_status":"open","ping_status":"closed","template":"","meta":[],"product_brand":[],"product_cat":[9133],"product_tag":[],"class_list":{"0":"post-203850","1":"product","2":"type-product","3":"status-publish","4":"has-post-thumbnail","6":"product_cat-grouped","8":"first","9":"instock","10":"shipping-taxable","11":"purchasable","12":"product-type-variable","13":"wvs-archive-product-wrapper"},"_links":{"self":[{"href":"https:\/\/baldumarket.lt\/lt\/wp-json\/wp\/v2\/product\/203850","targetHints":{"allow":["GET"]}}],"collection":[{"href":"https:\/\/baldumarket.lt\/lt\/wp-json\/wp\/v2\/product"}],"about":[{"href":"https:\/\/baldumarket.lt\/lt\/wp-json\/wp\/v2\/types\/product"}],"replies":[{"embeddable":true,"href":"https:\/\/baldumarket.lt\/lt\/wp-json\/wp\/v2\/comments?post=203850"}],"wp:featuredmedia":[{"embeddable":true,"href":"https:\/\/baldumarket.lt\/lt\/wp-json\/wp\/v2\/media\/203862"}],"wp:attachment":[{"href":"https:\/\/baldumarket.lt\/lt\/wp-json\/wp\/v2\/media?parent=203850"}],"wp:term":[{"taxonomy":"product_brand","embeddable":true,"href":"https:\/\/baldumarket.lt\/lt\/wp-json\/wp\/v2\/product_brand?post=203850"},{"taxonomy":"product_cat","embeddable":true,"href":"https:\/\/baldumarket.lt\/lt\/wp-json\/wp\/v2\/product_cat?post=203850"},{"taxonomy":"product_tag","embeddable":true,"href":"https:\/\/baldumarket.lt\/lt\/wp-json\/wp\/v2\/product_tag?post=203850"}],"curies":[{"name":"wp","href":"https:\/\/api.w.org\/{rel}","templated":true}]}}