{"id":203825,"date":"2025-12-25T18:37:35","date_gmt":"2025-12-25T15:37:35","guid":{"rendered":"https:\/\/baldumarket.lt\/?post_type=product&#038;p=203825"},"modified":"2026-02-03T23:22:25","modified_gmt":"2026-02-03T20:22:25","slug":"naroznik-braga-bydgoskie-meble-skora-l3","status":"publish","type":"product","link":"https:\/\/baldumarket.lt\/lt\/product\/naroznik-braga-bydgoskie-meble-skora-l3\/","title":{"rendered":"Braga kampin\u0117 sofa Bydgoskie Meble Leather L3"},"content":{"rendered":"<p>Kampin\u0117 sofa \u201eBraga Bydgoskie Meble 1HT-REC\u201c pasi\u017eymi minimalistiniu dizainu, kuris padeda sukurti tvarking\u0105 gyvenam\u0105j\u0105 erdv\u0119. Subtil\u016bs dizaino akcentai pabr\u0117\u017eia jos charakter\u012f, ta\u010diau kartu dera prie modernaus dizaino. \u0160is modelis puikiai tinka tiek svetain\u0117ms, tiek poilsio zonoms, kurioms reikalingas harmoningas baldas.<\/p>\n<p>Dizainas paremtas kruop\u0161\u010diai atrinktomis med\u017eiagomis, kurios u\u017etikrina kasdien\u012f komfort\u0105. S\u0117dyn\u0117 pagaminta i\u0161 didelio elastingumo put\u0173, o atlo\u0161as u\u017epildytas kruop\u0161\u010diai parinkto elastingumo putomis. Visa konstrukcija suteikia stabili\u0105 atram\u0105, skatinan\u010di\u0105 ilgalaik\u012f atsipalaidavim\u0105.<\/p>\n<p>Plotis \u2013 277 cm, auk\u0161tis \u2013 72 cm, o gylis \u2013 160 cm, tod\u0117l sukuriama ai\u0161kiai apibr\u0117\u017eta poilsio zona. S\u0117dyn\u0117s auk\u0161tis \u2013 44 cm, o gylis \u2013 64 cm, tod\u0117l k\u016bno pad\u0117tis patogi. 28 cm auk\u0161\u010dio atlo\u0161as suteikia jai u\u017ebaigtumo.<\/p>\n<p>Kampin\u0117 sofa yra de\u0161inin\u0117s arba kair\u0117s pus\u0117s, tod\u0117l galite j\u0105 pritaikyti prie savo kambario i\u0161planavimo. Ji aptraukta audiniu, tod\u0117l atrodo vientisai ir yra maloniai lie\u010diama. Miegojimo funkcijos, modulin\u0117s sistemos ar patalyn\u0117s laikymo vietos nebuvimas pabr\u0117\u017eia jos paskirt\u012f \u2013 naudoti kaip dienos poilsio zonose.<\/p>\n<p>Vis\u0105 bald\u0105 laiko 2,5 cm auk\u0161\u010dio plastikin\u0117s kojel\u0117s, u\u017etikrinan\u010dios stabilum\u0105. Konstrukcija neturi joki\u0173 sulankstymo mechanizm\u0173 ar atsipalaidavimo funkcijos, tod\u0117l jos forma yra kompakti\u0161ka ir rafinuota. \u201eBraga\u201c kampin\u0117 sofa \u2013 puikus pasirinkimas ie\u0161kantiems subalansuoto baldo su rafinuotais eksploataciniais parametrais.<\/p>","protected":false},"excerpt":{"rendered":"<p>Dydis (cm):<br \/>\nPlotis: 277<br \/>\nGylis: 160<br \/>\n\u016agis: 72<br \/>\nS\u0117dyn\u0117s auk\u0161tis: 44<br \/>\nS\u0117dyn\u0117s gylis: 64<\/p>","protected":false},"featured_media":203835,"comment_status":"open","ping_status":"closed","template":"","meta":[],"product_brand":[],"product_cat":[9133],"product_tag":[],"class_list":{"0":"post-203825","1":"product","2":"type-product","3":"status-publish","4":"has-post-thumbnail","6":"product_cat-grouped","8":"first","9":"instock","10":"shipping-taxable","11":"purchasable","12":"product-type-variable","13":"wvs-archive-product-wrapper"},"_links":{"self":[{"href":"https:\/\/baldumarket.lt\/lt\/wp-json\/wp\/v2\/product\/203825","targetHints":{"allow":["GET"]}}],"collection":[{"href":"https:\/\/baldumarket.lt\/lt\/wp-json\/wp\/v2\/product"}],"about":[{"href":"https:\/\/baldumarket.lt\/lt\/wp-json\/wp\/v2\/types\/product"}],"replies":[{"embeddable":true,"href":"https:\/\/baldumarket.lt\/lt\/wp-json\/wp\/v2\/comments?post=203825"}],"wp:featuredmedia":[{"embeddable":true,"href":"https:\/\/baldumarket.lt\/lt\/wp-json\/wp\/v2\/media\/203835"}],"wp:attachment":[{"href":"https:\/\/baldumarket.lt\/lt\/wp-json\/wp\/v2\/media?parent=203825"}],"wp:term":[{"taxonomy":"product_brand","embeddable":true,"href":"https:\/\/baldumarket.lt\/lt\/wp-json\/wp\/v2\/product_brand?post=203825"},{"taxonomy":"product_cat","embeddable":true,"href":"https:\/\/baldumarket.lt\/lt\/wp-json\/wp\/v2\/product_cat?post=203825"},{"taxonomy":"product_tag","embeddable":true,"href":"https:\/\/baldumarket.lt\/lt\/wp-json\/wp\/v2\/product_tag?post=203825"}],"curies":[{"name":"wp","href":"https:\/\/api.w.org\/{rel}","templated":true}]}}