{"id":203782,"date":"2025-12-25T18:35:25","date_gmt":"2025-12-25T15:35:25","guid":{"rendered":"https:\/\/baldumarket.lt\/?post_type=product&#038;p=203782"},"modified":"2026-02-03T23:22:27","modified_gmt":"2026-02-03T20:22:27","slug":"naroznik-floor-3-otm-bydgoskie-meble-skora-l1","status":"publish","type":"product","link":"https:\/\/baldumarket.lt\/lt\/product\/naroznik-floor-3-otm-bydgoskie-meble-skora-l1\/","title":{"rendered":"Kampin\u0117 sofa Grindys 3-OTM Bydgoskie Meble Leather L1"},"content":{"rendered":"<p>\u201eFloor 3-OTM Bydgoskie Meble\u201c kampin\u0117 sofa skirta tiems, kurie vertina apgalvot\u0105 interjero dizain\u0105. Apvalios atlo\u0161o linijos ir subtiliai i\u0161lenktos s\u0117dyn\u0117s skatina kasdien\u012f atsipalaidavim\u0105. \u0160is modelis suteikia kambariui ramyb\u0117s ir subalansuoto komforto atmosfer\u0105.<\/p>\n<p>\u0160i kampin\u0117 sofa pasi\u017eymi rafinuotu dizainu: jos plotis \u2013 305 cm, auk\u0161tis \u2013 70 cm, o gylis \u2013 207 cm. S\u0117dyn\u0117s auk\u0161tis \u2013 41 cm, gylis \u2013 60 cm, o atlo\u0161o auk\u0161tis \u2013 29 cm, tod\u0117l naudojimo metu u\u017etikrinama stabili atrama. Taip pat \u012fmontuoti 28\/70\/98 cm dyd\u017eio \u0161oniniai elementai, kurie papildo bendr\u0105 dizaino harmonij\u0105.<\/p>\n<p>Sofos vidus pagamintas i\u0161 patikrint\u0173 konstrukcini\u0173 med\u017eiag\u0173. S\u0117dyn\u0117 pagaminta i\u0161 vingiuot\u0173 spyruokli\u0173 ir poliuretano put\u0173, o atlo\u0161as \u2013 i\u0161 elasting\u0173 dir\u017e\u0173, sujungt\u0173 su putomis, u\u017etikrinan\u010di\u0173 pakankam\u0105 lankstum\u0105 ir ilgaam\u017ei\u0161kum\u0105. Auk\u0161t\u0105 meistri\u0161kumo kokyb\u0119 dar labiau pabr\u0117\u017eia 2,5 cm auk\u0161\u010dio plastikin\u0117s kojel\u0117s. \u201eFloor 3-OTM\u201c modelis yra audiniu aptraukta kampin\u0117 sofa be miegojimo galimyb\u0117s, patalyn\u0117s laikymo ar poilsio funkcijos. Nepaisant kompakti\u0161kos formos, ji si\u016blo visi\u0161k\u0105 komfort\u0105 d\u0117l kruop\u0161\u010diai parinkt\u0173 med\u017eiag\u0173 ir proporcij\u0173. \u0160is baldas skirtas kasdieniam naudojimui \u012fvairiose gyvenamosiose erdv\u0117se.<\/p>\n<p>\u201eFloor\u201c kolekcija yra modulin\u0117s sistemos dalis, leid\u017eianti pritaikyti form\u0105 prie kambario pavir\u0161iaus ir pasirinkti tinkam\u0105 kampin\u0117s sofos pus\u0119. Pa\u017eangus konfig\u016bratorius leid\u017eia rinktis i\u0161 daugyb\u0117s apmu\u0161al\u0173 variant\u0173, kurie skiriasi spalva, tekst\u016bra ir savyb\u0117mis. Tai leid\u017eia susikurti visi\u0161kai suasmenint\u0105 kampin\u0117s sofos versij\u0105, atspindin\u010di\u0105 j\u016bs\u0173 individuali\u0105 dizaino koncepcij\u0105.<\/p>","protected":false},"excerpt":{"rendered":"<p>Dydis (cm):<br \/>\nPlotis: 320<br \/>\nGylis: 180<br \/>\n\u016agis: 70<br \/>\nS\u0117dyn\u0117s auk\u0161tis: 41<br \/>\nS\u0117dyn\u0117s gylis: 60<\/p>","protected":false},"featured_media":203807,"comment_status":"open","ping_status":"closed","template":"","meta":[],"product_brand":[],"product_cat":[9133],"product_tag":[],"class_list":{"0":"post-203782","1":"product","2":"type-product","3":"status-publish","4":"has-post-thumbnail","6":"product_cat-grouped","8":"first","9":"instock","10":"shipping-taxable","11":"purchasable","12":"product-type-variable","13":"wvs-archive-product-wrapper"},"_links":{"self":[{"href":"https:\/\/baldumarket.lt\/lt\/wp-json\/wp\/v2\/product\/203782","targetHints":{"allow":["GET"]}}],"collection":[{"href":"https:\/\/baldumarket.lt\/lt\/wp-json\/wp\/v2\/product"}],"about":[{"href":"https:\/\/baldumarket.lt\/lt\/wp-json\/wp\/v2\/types\/product"}],"replies":[{"embeddable":true,"href":"https:\/\/baldumarket.lt\/lt\/wp-json\/wp\/v2\/comments?post=203782"}],"wp:featuredmedia":[{"embeddable":true,"href":"https:\/\/baldumarket.lt\/lt\/wp-json\/wp\/v2\/media\/203807"}],"wp:attachment":[{"href":"https:\/\/baldumarket.lt\/lt\/wp-json\/wp\/v2\/media?parent=203782"}],"wp:term":[{"taxonomy":"product_brand","embeddable":true,"href":"https:\/\/baldumarket.lt\/lt\/wp-json\/wp\/v2\/product_brand?post=203782"},{"taxonomy":"product_cat","embeddable":true,"href":"https:\/\/baldumarket.lt\/lt\/wp-json\/wp\/v2\/product_cat?post=203782"},{"taxonomy":"product_tag","embeddable":true,"href":"https:\/\/baldumarket.lt\/lt\/wp-json\/wp\/v2\/product_tag?post=203782"}],"curies":[{"name":"wp","href":"https:\/\/api.w.org\/{rel}","templated":true}]}}