{"id":203771,"date":"2025-12-25T18:35:12","date_gmt":"2025-12-25T15:35:12","guid":{"rendered":"https:\/\/baldumarket.lt\/?post_type=product&#038;p=203771"},"modified":"2026-03-05T10:27:03","modified_gmt":"2026-03-05T07:27:03","slug":"sofa-monaco-3f-bok-e-z-funkcja-spania-bydgoskie-meble","status":"publish","type":"product","link":"https:\/\/baldumarket.lt\/lt\/product\/sofa-monaco-3f-bok-e-z-funkcja-spania-bydgoskie-meble\/","title":{"rendered":"MONACO 3F sofa (E pus\u0117) su miegojimo funkcija Bydgoskie Meble"},"content":{"rendered":"<p>\u201eBydgoskie Meble\u201c \u201eMonaco 3F\u201c sofa (E pus\u0117) pasi\u017eymi kruop\u0161\u010diai sukurtu dizainu, skirtu u\u017etikrinti auk\u0161t\u0105 komfort\u0105 kasdieniam naudojimui. \u0160velnios linijos ir pla\u010dios, gilios s\u0117dyn\u0117s suteikia MONACO kolekcijai atpa\u017e\u012fstam\u0105 charakter\u012f. Paprastas modulinis i\u0161d\u0117stymas leid\u017eia pritaikyti sof\u0105 \u012fvairiems interjero poreikiams.<\/p>\n<p>Sofa turi itali\u0161ko stiliaus miegojimo funkcij\u0105, kuri\u0105 palaiko ant spyruoklini\u0173 lentjuos\u010di\u0173 pad\u0117tas \u010diu\u017einys. Miegamosios dalies matmenys yra 140 x 200 cm, tod\u0117l yra daug vietos nakties poilsiui. Atlo\u0161o mechanizmas sukurtas skland\u017eiam ir stabiliam veikimui.<\/p>\n<p>S\u0117dyn\u0117s konstrukcija paremta A tipo banguota spyruokle, didelio elastingumo putomis ir ki\u0161enini\u0173 spyruokli\u0173 \u012fd\u0117klu, u\u017etikrinan\u010diais patvar\u0173 ir tolyg\u0173 atram\u0105. Atlo\u0161as paremtas elastingais dir\u017eeliais ir poliuretano putomis, tod\u0117l patogu ilgai s\u0117dint. Tokios med\u017eiagos kaip nat\u016brali oda ir apmu\u0161al\u0173 audinys pabr\u0117\u017eia meistri\u0161kumo tvirtum\u0105.<\/p>\n<p>198 cm plo\u010dio, 84 cm auk\u0161\u010dio ir 110 cm gylio sofa yra pilnai funkcionalus bet kurio svetain\u0117s papildymas. Plastikin\u0117s b\u0117gel\u0117s leid\u017eia lengvai perkelti sof\u0105 per grindis. Papildomos parinktys, tokios kaip modulinis i\u0161d\u0117stymas, sofa-lova arba atlo\u0161iama k\u0117d\u0117, leid\u017eia klientams i\u0161pl\u0117sti komplekt\u0105 pagal individualius poreikius.<\/p>\n<p>Naudodamiesi pla\u010diu konfig\u016bratoriumi, klientai gali rinktis i\u0161 daugyb\u0117s audini\u0173 ir od\u0173 su skirtingomis tekst\u016bromis, spalvomis ir eksploataciniais parametrais. Tai leid\u017eia \u201eMonaco 3F\u201c sof\u0105 lengvai pritaikyti prie \u012fvairi\u0173 interjero dizaino koncepcij\u0173. D\u0117l i\u0161samesn\u0117s informacijos apie galimas modifikacijas kreipkit\u0117s \u012f klient\u0173 aptarnavimo tarnyb\u0105.<\/p>","protected":false},"excerpt":{"rendered":"<p>\u201eBydgoskie Meble\u201c \u201eMonaco 3F\u201c sofa (E pus\u0117) pasi\u017eymi kruop\u0161\u010diai sukurtu dizainu, skirtu u\u017etikrinti auk\u0161t\u0105 komfort\u0105 kasdieniam naudojimui. \u0160velnios linijos ir pla\u010dios, gilios s\u0117dyn\u0117s suteikia MONACO kolekcijai atpa\u017e\u012fstam\u0105 charakter\u012f. Paprastas modulinis i\u0161d\u0117stymas leid\u017eia pritaikyti sof\u0105 \u012fvairiems interjero poreikiams. Sofoje yra itali\u0161ko stiliaus miegojimo [\u2026]<\/p>","protected":false},"featured_media":203783,"comment_status":"open","ping_status":"closed","template":"","meta":[],"product_brand":[],"product_cat":[9735,6033,560],"product_tag":[],"class_list":{"0":"post-203771","1":"product","2":"type-product","3":"status-publish","4":"has-post-thumbnail","6":"product_cat-upholstered-furniture-monaco-bydgoskie","7":"product_cat-bydgoskie-meble","8":"product_cat-sofas-and-couches","10":"first","11":"instock","12":"shipping-taxable","13":"product-type-grouped"},"_links":{"self":[{"href":"https:\/\/baldumarket.lt\/lt\/wp-json\/wp\/v2\/product\/203771","targetHints":{"allow":["GET"]}}],"collection":[{"href":"https:\/\/baldumarket.lt\/lt\/wp-json\/wp\/v2\/product"}],"about":[{"href":"https:\/\/baldumarket.lt\/lt\/wp-json\/wp\/v2\/types\/product"}],"replies":[{"embeddable":true,"href":"https:\/\/baldumarket.lt\/lt\/wp-json\/wp\/v2\/comments?post=203771"}],"wp:featuredmedia":[{"embeddable":true,"href":"https:\/\/baldumarket.lt\/lt\/wp-json\/wp\/v2\/media\/203783"}],"wp:attachment":[{"href":"https:\/\/baldumarket.lt\/lt\/wp-json\/wp\/v2\/media?parent=203771"}],"wp:term":[{"taxonomy":"product_brand","embeddable":true,"href":"https:\/\/baldumarket.lt\/lt\/wp-json\/wp\/v2\/product_brand?post=203771"},{"taxonomy":"product_cat","embeddable":true,"href":"https:\/\/baldumarket.lt\/lt\/wp-json\/wp\/v2\/product_cat?post=203771"},{"taxonomy":"product_tag","embeddable":true,"href":"https:\/\/baldumarket.lt\/lt\/wp-json\/wp\/v2\/product_tag?post=203771"}],"curies":[{"name":"wp","href":"https:\/\/api.w.org\/{rel}","templated":true}]}}