{"id":202102,"date":"2025-12-24T23:49:58","date_gmt":"2025-12-24T20:49:58","guid":{"rendered":"https:\/\/baldumarket.lt\/product\/krzeslo-diuna-krzeslo-diuna-mebin\/"},"modified":"2026-02-11T18:39:07","modified_gmt":"2026-02-11T15:39:07","slug":"krzeslo-diuna-krzeslo-diuna-mebin","status":"publish","type":"product","link":"https:\/\/baldumarket.lt\/lt\/product\/krzeslo-diuna-krzeslo-diuna-mebin\/","title":{"rendered":"Diunos k\u0117d\u0117 Diunos k\u0117d\u0117 Mebin"},"content":{"rendered":"<p>Specifikacijos:<br \/>\nGamintojas: Mebin<br \/>\n\u0160alis: Lenkija<br \/>\nMed\u017eiaga: r\u0117mas \u2013 mediena; apmu\u0161alai \u2013 audinys<br \/>\nSpalva: venge<\/p>","protected":false},"excerpt":{"rendered":"<p>Matmenys:<br \/>\nAuk\u0161tis: 92 cm<br \/>\nPlotis: 50 cm<br \/>\nGylis: 56 cm<\/p>","protected":false},"featured_media":202103,"comment_status":"open","ping_status":"open","template":"","meta":[],"product_brand":[],"product_cat":[1930,5573],"product_tag":[],"class_list":{"0":"post-202102","1":"product","2":"type-product","3":"status-publish","4":"has-post-thumbnail","6":"product_cat-chairs","7":"product_cat-mebin","9":"first","10":"instock","11":"product-type-simple"},"_links":{"self":[{"href":"https:\/\/baldumarket.lt\/lt\/wp-json\/wp\/v2\/product\/202102","targetHints":{"allow":["GET"]}}],"collection":[{"href":"https:\/\/baldumarket.lt\/lt\/wp-json\/wp\/v2\/product"}],"about":[{"href":"https:\/\/baldumarket.lt\/lt\/wp-json\/wp\/v2\/types\/product"}],"replies":[{"embeddable":true,"href":"https:\/\/baldumarket.lt\/lt\/wp-json\/wp\/v2\/comments?post=202102"}],"wp:featuredmedia":[{"embeddable":true,"href":"https:\/\/baldumarket.lt\/lt\/wp-json\/wp\/v2\/media\/202103"}],"wp:attachment":[{"href":"https:\/\/baldumarket.lt\/lt\/wp-json\/wp\/v2\/media?parent=202102"}],"wp:term":[{"taxonomy":"product_brand","embeddable":true,"href":"https:\/\/baldumarket.lt\/lt\/wp-json\/wp\/v2\/product_brand?post=202102"},{"taxonomy":"product_cat","embeddable":true,"href":"https:\/\/baldumarket.lt\/lt\/wp-json\/wp\/v2\/product_cat?post=202102"},{"taxonomy":"product_tag","embeddable":true,"href":"https:\/\/baldumarket.lt\/lt\/wp-json\/wp\/v2\/product_tag?post=202102"}],"curies":[{"name":"wp","href":"https:\/\/api.w.org\/{rel}","templated":true}]}}