{"id":202048,"date":"2025-12-24T23:46:29","date_gmt":"2025-12-24T20:46:29","guid":{"rendered":"https:\/\/baldumarket.lt\/product\/witryna-diuna-witryna-szklo-pojed-1ds1d-prawo-z-osw-mebina\/"},"modified":"2026-02-11T18:39:08","modified_gmt":"2026-02-11T15:39:08","slug":"witryna-diuna-witryna-szklo-pojed-1ds1d-prawo-z-osw-mebina","status":"publish","type":"product","link":"https:\/\/baldumarket.lt\/lt\/product\/witryna-diuna-witryna-szklo-pojed-1ds1d-prawo-z-osw-mebina\/","title":{"rendered":"Diuna vitrina Vieno stiklo vitrina 1DS1D de\u0161inin\u0117 su Mebina ap\u0161vietimu"},"content":{"rendered":"<p>Specifikacijos:<br \/>\nGamintojas: Mebin<br \/>\n\u0160alis: Lenkija<br \/>\nMed\u017eiaga: Korpusas \u2013 MDF, laminuotas fanera; Priekin\u0117 dalis \u2013 med\u017eio masyvas;<br \/>\nSpalva: venge<\/p>","protected":false},"excerpt":{"rendered":"<p>Matmenys:<br \/>\n\u016agis: 196 cm<br \/>\nPlotis: 56 cm<br \/>\nGylis: 43 cm<\/p>","protected":false},"featured_media":202049,"comment_status":"open","ping_status":"open","template":"","meta":[],"product_brand":[],"product_cat":[5573,2006],"product_tag":[],"class_list":{"0":"post-202048","1":"product","2":"type-product","3":"status-publish","4":"has-post-thumbnail","6":"product_cat-mebin","7":"product_cat-vitrines","9":"first","10":"instock","11":"product-type-simple"},"_links":{"self":[{"href":"https:\/\/baldumarket.lt\/lt\/wp-json\/wp\/v2\/product\/202048","targetHints":{"allow":["GET"]}}],"collection":[{"href":"https:\/\/baldumarket.lt\/lt\/wp-json\/wp\/v2\/product"}],"about":[{"href":"https:\/\/baldumarket.lt\/lt\/wp-json\/wp\/v2\/types\/product"}],"replies":[{"embeddable":true,"href":"https:\/\/baldumarket.lt\/lt\/wp-json\/wp\/v2\/comments?post=202048"}],"wp:featuredmedia":[{"embeddable":true,"href":"https:\/\/baldumarket.lt\/lt\/wp-json\/wp\/v2\/media\/202049"}],"wp:attachment":[{"href":"https:\/\/baldumarket.lt\/lt\/wp-json\/wp\/v2\/media?parent=202048"}],"wp:term":[{"taxonomy":"product_brand","embeddable":true,"href":"https:\/\/baldumarket.lt\/lt\/wp-json\/wp\/v2\/product_brand?post=202048"},{"taxonomy":"product_cat","embeddable":true,"href":"https:\/\/baldumarket.lt\/lt\/wp-json\/wp\/v2\/product_cat?post=202048"},{"taxonomy":"product_tag","embeddable":true,"href":"https:\/\/baldumarket.lt\/lt\/wp-json\/wp\/v2\/product_tag?post=202048"}],"curies":[{"name":"wp","href":"https:\/\/api.w.org\/{rel}","templated":true}]}}