{"id":202021,"date":"2025-12-24T23:44:57","date_gmt":"2025-12-24T20:44:57","guid":{"rendered":"https:\/\/baldumarket.lt\/product\/corino-stand-stojak-na-wino-i-kieliszki-mebin\/"},"modified":"2026-02-11T18:39:09","modified_gmt":"2026-02-11T15:39:09","slug":"corino-stand-stojak-na-wino-i-kieliszki-mebin","status":"publish","type":"product","link":"https:\/\/baldumarket.lt\/lt\/product\/corino-stand-stojak-na-wino-i-kieliszki-mebin\/","title":{"rendered":"\u201eCorino Stand Mebin\u201c vyno ir tauri\u0173 lentyn\u0117l\u0117"},"content":{"rendered":"<p>Specifikacijos:<br \/>\nGamintojas: Mebin<br \/>\n\u0160alis: Lenkija<br \/>\nMed\u017eiaga: Korpusas \u2013 MDF, laminuotas fanera<br \/>\nSpalva: Nat\u016bralus dab, raudon\u0117lis<\/p>","protected":false},"excerpt":{"rendered":"<p>Matmenys:<br \/>\n\u016agis: 113 cm<br \/>\nPlotis: 40 cm<br \/>\nGylis: 40 cm<\/p>","protected":false},"featured_media":202022,"comment_status":"open","ping_status":"open","template":"","meta":[],"product_brand":[],"product_cat":[1043,5573],"product_tag":[],"class_list":{"0":"post-202021","1":"product","2":"type-product","3":"status-publish","4":"has-post-thumbnail","6":"product_cat-extras","7":"product_cat-mebin","9":"first","10":"instock","11":"product-type-simple"},"_links":{"self":[{"href":"https:\/\/baldumarket.lt\/lt\/wp-json\/wp\/v2\/product\/202021","targetHints":{"allow":["GET"]}}],"collection":[{"href":"https:\/\/baldumarket.lt\/lt\/wp-json\/wp\/v2\/product"}],"about":[{"href":"https:\/\/baldumarket.lt\/lt\/wp-json\/wp\/v2\/types\/product"}],"replies":[{"embeddable":true,"href":"https:\/\/baldumarket.lt\/lt\/wp-json\/wp\/v2\/comments?post=202021"}],"wp:featuredmedia":[{"embeddable":true,"href":"https:\/\/baldumarket.lt\/lt\/wp-json\/wp\/v2\/media\/202022"}],"wp:attachment":[{"href":"https:\/\/baldumarket.lt\/lt\/wp-json\/wp\/v2\/media?parent=202021"}],"wp:term":[{"taxonomy":"product_brand","embeddable":true,"href":"https:\/\/baldumarket.lt\/lt\/wp-json\/wp\/v2\/product_brand?post=202021"},{"taxonomy":"product_cat","embeddable":true,"href":"https:\/\/baldumarket.lt\/lt\/wp-json\/wp\/v2\/product_cat?post=202021"},{"taxonomy":"product_tag","embeddable":true,"href":"https:\/\/baldumarket.lt\/lt\/wp-json\/wp\/v2\/product_tag?post=202021"}],"curies":[{"name":"wp","href":"https:\/\/api.w.org\/{rel}","templated":true}]}}