{"id":201896,"date":"2025-12-24T23:35:42","date_gmt":"2025-12-24T20:35:42","guid":{"rendered":"https:\/\/baldumarket.lt\/product\/regal-corino-regal-wolnostoj-niski-z-podsw-wneki-prawy-mebin\/"},"modified":"2026-02-11T18:39:13","modified_gmt":"2026-02-11T15:39:13","slug":"regal-corino-regal-wolnostoj-niski-z-podsw-wneki-prawy-mebin","status":"publish","type":"product","link":"https:\/\/baldumarket.lt\/lt\/product\/regal-corino-regal-wolnostoj-niski-z-podsw-wneki-prawy-mebin\/","title":{"rendered":"\u201eCorino\u201c knyg\u0173 lentyna, laisvai stovinti, \u017eema knyg\u0173 lentyna su ap\u0161viesta ni\u0161a, de\u0161in\u0117je pus\u0117je"},"content":{"rendered":"<p>Specifikacijos:<br \/>\nGamintojas: Mebin<br \/>\n\u0160alis: Lenkija<br \/>\nMed\u017eiaga: Korpusas \u2013 MDF, laminuotas fanera<br \/>\nSpalva: Nat\u016bralus dab, raudon\u0117lis<\/p>","protected":false},"excerpt":{"rendered":"<p>Matmenys:<br \/>\nAuk\u0161tis: 97 cm<br \/>\nPlotis: 134 cm<br \/>\nGylis: 36 cm<\/p>","protected":false},"featured_media":201897,"comment_status":"open","ping_status":"open","template":"","meta":[],"product_brand":[],"product_cat":[5573,1987],"product_tag":[],"class_list":{"0":"post-201896","1":"product","2":"type-product","3":"status-publish","4":"has-post-thumbnail","6":"product_cat-mebin","7":"product_cat-shelving-units","9":"first","10":"instock","11":"product-type-simple"},"_links":{"self":[{"href":"https:\/\/baldumarket.lt\/lt\/wp-json\/wp\/v2\/product\/201896","targetHints":{"allow":["GET"]}}],"collection":[{"href":"https:\/\/baldumarket.lt\/lt\/wp-json\/wp\/v2\/product"}],"about":[{"href":"https:\/\/baldumarket.lt\/lt\/wp-json\/wp\/v2\/types\/product"}],"replies":[{"embeddable":true,"href":"https:\/\/baldumarket.lt\/lt\/wp-json\/wp\/v2\/comments?post=201896"}],"wp:featuredmedia":[{"embeddable":true,"href":"https:\/\/baldumarket.lt\/lt\/wp-json\/wp\/v2\/media\/201897"}],"wp:attachment":[{"href":"https:\/\/baldumarket.lt\/lt\/wp-json\/wp\/v2\/media?parent=201896"}],"wp:term":[{"taxonomy":"product_brand","embeddable":true,"href":"https:\/\/baldumarket.lt\/lt\/wp-json\/wp\/v2\/product_brand?post=201896"},{"taxonomy":"product_cat","embeddable":true,"href":"https:\/\/baldumarket.lt\/lt\/wp-json\/wp\/v2\/product_cat?post=201896"},{"taxonomy":"product_tag","embeddable":true,"href":"https:\/\/baldumarket.lt\/lt\/wp-json\/wp\/v2\/product_tag?post=201896"}],"curies":[{"name":"wp","href":"https:\/\/api.w.org\/{rel}","templated":true}]}}