{"id":201882,"date":"2025-12-24T23:34:47","date_gmt":"2025-12-24T20:34:47","guid":{"rendered":"https:\/\/baldumarket.lt\/product\/corino-showcase-barek-obrotowy-prosty-prawy-mebin\/"},"modified":"2026-02-11T18:39:13","modified_gmt":"2026-02-11T15:39:13","slug":"corino-showcase-barek-obrotowy-prosty-prawy-mebin","status":"publish","type":"product","link":"https:\/\/baldumarket.lt\/lt\/product\/corino-showcase-barek-obrotowy-prosty-prawy-mebin\/","title":{"rendered":"\u201eCorino\u201c vitrinos pasukamas strypas, tiesus \u012f de\u0161in\u0119, \u201eMebin\u201c"},"content":{"rendered":"<p>Specifikacijos:<br \/>\nGamintojas: Mebin<br \/>\n\u0160alis: Lenkija<br \/>\nMed\u017eiaga: Korpusas \u2013 MDF, laminuotas fanera; Priekin\u0117 dalis \u2013 med\u017eio masyvas;<br \/>\nSpalva: Nat\u016bralus dab, raudon\u0117lis<\/p>","protected":false},"excerpt":{"rendered":"<p>Matmenys:<br \/>\n\u016agis: 193 cm<br \/>\nPlotis: 65 cm<br \/>\nGylis: 50 cm<\/p>","protected":false},"featured_media":201883,"comment_status":"open","ping_status":"open","template":"","meta":[],"product_brand":[],"product_cat":[5573,2006],"product_tag":[],"class_list":{"0":"post-201882","1":"product","2":"type-product","3":"status-publish","4":"has-post-thumbnail","6":"product_cat-mebin","7":"product_cat-vitrines","9":"first","10":"instock","11":"product-type-simple"},"_links":{"self":[{"href":"https:\/\/baldumarket.lt\/lt\/wp-json\/wp\/v2\/product\/201882","targetHints":{"allow":["GET"]}}],"collection":[{"href":"https:\/\/baldumarket.lt\/lt\/wp-json\/wp\/v2\/product"}],"about":[{"href":"https:\/\/baldumarket.lt\/lt\/wp-json\/wp\/v2\/types\/product"}],"replies":[{"embeddable":true,"href":"https:\/\/baldumarket.lt\/lt\/wp-json\/wp\/v2\/comments?post=201882"}],"wp:featuredmedia":[{"embeddable":true,"href":"https:\/\/baldumarket.lt\/lt\/wp-json\/wp\/v2\/media\/201883"}],"wp:attachment":[{"href":"https:\/\/baldumarket.lt\/lt\/wp-json\/wp\/v2\/media?parent=201882"}],"wp:term":[{"taxonomy":"product_brand","embeddable":true,"href":"https:\/\/baldumarket.lt\/lt\/wp-json\/wp\/v2\/product_brand?post=201882"},{"taxonomy":"product_cat","embeddable":true,"href":"https:\/\/baldumarket.lt\/lt\/wp-json\/wp\/v2\/product_cat?post=201882"},{"taxonomy":"product_tag","embeddable":true,"href":"https:\/\/baldumarket.lt\/lt\/wp-json\/wp\/v2\/product_tag?post=201882"}],"curies":[{"name":"wp","href":"https:\/\/api.w.org\/{rel}","templated":true}]}}