{"id":201846,"date":"2025-12-24T23:32:41","date_gmt":"2025-12-24T20:32:41","guid":{"rendered":"https:\/\/baldumarket.lt\/product\/krzeslo-omega-krzeslo-omega-mebin\/"},"modified":"2026-02-11T18:39:14","modified_gmt":"2026-02-11T15:39:14","slug":"krzeslo-omega-krzeslo-omega-mebin","status":"publish","type":"product","link":"https:\/\/baldumarket.lt\/lt\/product\/krzeslo-omega-krzeslo-omega-mebin\/","title":{"rendered":"Omega k\u0117d\u0117 Omega k\u0117d\u0117 Mebin"},"content":{"rendered":"<p>Specifikacijos:<br \/>\nGamintojas: Mebin<br \/>\n\u0160alis: Lenkija<br \/>\nMed\u017eiaga: Apmu\u0161alai \u2013 audinys<\/p>","protected":false},"excerpt":{"rendered":"<p>Matmenys:<br \/>\nAuk\u0161tis: 86 cm<br \/>\nPlotis: 55 cm<br \/>\nGylis: 50 cm<\/p>","protected":false},"featured_media":201847,"comment_status":"open","ping_status":"open","template":"","meta":[],"product_brand":[],"product_cat":[1930,5573],"product_tag":[],"class_list":{"0":"post-201846","1":"product","2":"type-product","3":"status-publish","4":"has-post-thumbnail","6":"product_cat-chairs","7":"product_cat-mebin","9":"first","10":"instock","11":"product-type-simple"},"_links":{"self":[{"href":"https:\/\/baldumarket.lt\/lt\/wp-json\/wp\/v2\/product\/201846","targetHints":{"allow":["GET"]}}],"collection":[{"href":"https:\/\/baldumarket.lt\/lt\/wp-json\/wp\/v2\/product"}],"about":[{"href":"https:\/\/baldumarket.lt\/lt\/wp-json\/wp\/v2\/types\/product"}],"replies":[{"embeddable":true,"href":"https:\/\/baldumarket.lt\/lt\/wp-json\/wp\/v2\/comments?post=201846"}],"wp:featuredmedia":[{"embeddable":true,"href":"https:\/\/baldumarket.lt\/lt\/wp-json\/wp\/v2\/media\/201847"}],"wp:attachment":[{"href":"https:\/\/baldumarket.lt\/lt\/wp-json\/wp\/v2\/media?parent=201846"}],"wp:term":[{"taxonomy":"product_brand","embeddable":true,"href":"https:\/\/baldumarket.lt\/lt\/wp-json\/wp\/v2\/product_brand?post=201846"},{"taxonomy":"product_cat","embeddable":true,"href":"https:\/\/baldumarket.lt\/lt\/wp-json\/wp\/v2\/product_cat?post=201846"},{"taxonomy":"product_tag","embeddable":true,"href":"https:\/\/baldumarket.lt\/lt\/wp-json\/wp\/v2\/product_tag?post=201846"}],"curies":[{"name":"wp","href":"https:\/\/api.w.org\/{rel}","templated":true}]}}