{"id":201800,"date":"2025-12-24T23:29:50","date_gmt":"2025-12-24T20:29:50","guid":{"rendered":"https:\/\/baldumarket.lt\/product\/omega-shelf-regal-lewy-mebin\/"},"modified":"2026-02-11T18:39:16","modified_gmt":"2026-02-11T15:39:16","slug":"omega-shelf-regal-lewy-mebin","status":"publish","type":"product","link":"https:\/\/baldumarket.lt\/lt\/product\/omega-shelf-regal-lewy-mebin\/","title":{"rendered":"Omega lentyn\u0117l\u0117 kairiarankiams Mebin lentyn\u0117l\u0117"},"content":{"rendered":"<p>Specifikacijos:<br \/>\nGamintojas: Mebin<br \/>\n\u0160alis: Lenkija<br \/>\nMed\u017eiaga: Korpusas \u2013 MDF, laminuota fanera<br \/>\nSpalva: Dab Naturalny Lager<\/p>","protected":false},"excerpt":{"rendered":"<p>Matmenys:<br \/>\n\u016agis: 139 cm<br \/>\nPlotis: 116 cm<br \/>\nGylis: 40 cm<\/p>","protected":false},"featured_media":201801,"comment_status":"open","ping_status":"open","template":"","meta":[],"product_brand":[],"product_cat":[5573,1987],"product_tag":[],"class_list":{"0":"post-201800","1":"product","2":"type-product","3":"status-publish","4":"has-post-thumbnail","6":"product_cat-mebin","7":"product_cat-shelving-units","9":"first","10":"instock","11":"product-type-simple"},"_links":{"self":[{"href":"https:\/\/baldumarket.lt\/lt\/wp-json\/wp\/v2\/product\/201800","targetHints":{"allow":["GET"]}}],"collection":[{"href":"https:\/\/baldumarket.lt\/lt\/wp-json\/wp\/v2\/product"}],"about":[{"href":"https:\/\/baldumarket.lt\/lt\/wp-json\/wp\/v2\/types\/product"}],"replies":[{"embeddable":true,"href":"https:\/\/baldumarket.lt\/lt\/wp-json\/wp\/v2\/comments?post=201800"}],"wp:featuredmedia":[{"embeddable":true,"href":"https:\/\/baldumarket.lt\/lt\/wp-json\/wp\/v2\/media\/201801"}],"wp:attachment":[{"href":"https:\/\/baldumarket.lt\/lt\/wp-json\/wp\/v2\/media?parent=201800"}],"wp:term":[{"taxonomy":"product_brand","embeddable":true,"href":"https:\/\/baldumarket.lt\/lt\/wp-json\/wp\/v2\/product_brand?post=201800"},{"taxonomy":"product_cat","embeddable":true,"href":"https:\/\/baldumarket.lt\/lt\/wp-json\/wp\/v2\/product_cat?post=201800"},{"taxonomy":"product_tag","embeddable":true,"href":"https:\/\/baldumarket.lt\/lt\/wp-json\/wp\/v2\/product_tag?post=201800"}],"curies":[{"name":"wp","href":"https:\/\/api.w.org\/{rel}","templated":true}]}}