{"id":201709,"date":"2025-12-24T23:25:53","date_gmt":"2025-12-24T20:25:53","guid":{"rendered":"https:\/\/baldumarket.lt\/product\/etna-tumba-tv-szafka-rtv-maxi-2d2sz-prawa-mebin\/"},"modified":"2026-02-11T18:39:18","modified_gmt":"2026-02-11T15:39:18","slug":"etna-tumba-tv-szafka-rtv-maxi-2d2sz-prawa-mebin","status":"publish","type":"product","link":"https:\/\/baldumarket.lt\/lt\/product\/etna-tumba-tv-szafka-rtv-maxi-2d2sz-prawa-mebin\/","title":{"rendered":"Etna Tumba TV televizoriaus spintel\u0117 maxi 2D2SZ de\u0161in\u0117 Mebin"},"content":{"rendered":"<p>Specifikacijos:<br \/>\nGamintojas: Mebin<br \/>\n\u0160alis: Lenkija<br \/>\nMed\u017eiaga: Korpusas \u2013 MDF, laminuotas fanera; Priekin\u0117 dalis \u2013 med\u017eio masyvas;<br \/>\nSpalva: Nat\u016braliai \u0161viesi<\/p>","protected":false},"excerpt":{"rendered":"<p>Matmenys:<br \/>\nAuk\u0161tis: 50 cm<br \/>\nPlotis: 212 cm<br \/>\nGylis: 50 cm<\/p>","protected":false},"featured_media":201710,"comment_status":"open","ping_status":"open","template":"","meta":[],"product_brand":[],"product_cat":[5573,1175],"product_tag":[],"class_list":{"0":"post-201709","1":"product","2":"type-product","3":"status-publish","4":"has-post-thumbnail","6":"product_cat-mebin","7":"product_cat-tv-stands","9":"first","10":"instock","11":"product-type-simple"},"_links":{"self":[{"href":"https:\/\/baldumarket.lt\/lt\/wp-json\/wp\/v2\/product\/201709","targetHints":{"allow":["GET"]}}],"collection":[{"href":"https:\/\/baldumarket.lt\/lt\/wp-json\/wp\/v2\/product"}],"about":[{"href":"https:\/\/baldumarket.lt\/lt\/wp-json\/wp\/v2\/types\/product"}],"replies":[{"embeddable":true,"href":"https:\/\/baldumarket.lt\/lt\/wp-json\/wp\/v2\/comments?post=201709"}],"wp:featuredmedia":[{"embeddable":true,"href":"https:\/\/baldumarket.lt\/lt\/wp-json\/wp\/v2\/media\/201710"}],"wp:attachment":[{"href":"https:\/\/baldumarket.lt\/lt\/wp-json\/wp\/v2\/media?parent=201709"}],"wp:term":[{"taxonomy":"product_brand","embeddable":true,"href":"https:\/\/baldumarket.lt\/lt\/wp-json\/wp\/v2\/product_brand?post=201709"},{"taxonomy":"product_cat","embeddable":true,"href":"https:\/\/baldumarket.lt\/lt\/wp-json\/wp\/v2\/product_cat?post=201709"},{"taxonomy":"product_tag","embeddable":true,"href":"https:\/\/baldumarket.lt\/lt\/wp-json\/wp\/v2\/product_tag?post=201709"}],"curies":[{"name":"wp","href":"https:\/\/api.w.org\/{rel}","templated":true}]}}