{"id":201360,"date":"2025-12-24T23:05:32","date_gmt":"2025-12-24T20:05:32","guid":{"rendered":"https:\/\/baldumarket.lt\/product\/pik-showcase-witryna-podwojna-z-osw-iii-prawa-mebina\/"},"modified":"2026-02-11T18:39:29","modified_gmt":"2026-02-11T15:39:29","slug":"pik-showcase-witryna-podwojna-z-osw-iii-prawa-mebina","status":"publish","type":"product","link":"https:\/\/baldumarket.lt\/lt\/product\/pik-showcase-witryna-podwojna-z-osw-iii-prawa-mebina\/","title":{"rendered":"Pik vitrina dviguba vitrina su ap\u0161vietimu III de\u0161in\u0117 Mebina"},"content":{"rendered":"<p>Specifikacijos:<br \/>\nGamintojas: Mebin<br \/>\n\u0160alis: Lenkija<br \/>\nMed\u017eiaga: Korpusas \u2013 MDF, laminuotas fanera; Priekin\u0117 dalis \u2013 med\u017eio masyvas;<br \/>\nSpalva: Nat\u016braliai \u0161viesi<\/p>","protected":false},"excerpt":{"rendered":"<p>Matmenys:<br \/>\n\u016agis: 201 cm<br \/>\nPlotis: 100 cm<br \/>\nGylis: 40 cm<\/p>","protected":false},"featured_media":201361,"comment_status":"open","ping_status":"open","template":"","meta":[],"product_brand":[],"product_cat":[5573,2006],"product_tag":[],"class_list":{"0":"post-201360","1":"product","2":"type-product","3":"status-publish","4":"has-post-thumbnail","6":"product_cat-mebin","7":"product_cat-vitrines","9":"first","10":"instock","11":"product-type-simple"},"_links":{"self":[{"href":"https:\/\/baldumarket.lt\/lt\/wp-json\/wp\/v2\/product\/201360","targetHints":{"allow":["GET"]}}],"collection":[{"href":"https:\/\/baldumarket.lt\/lt\/wp-json\/wp\/v2\/product"}],"about":[{"href":"https:\/\/baldumarket.lt\/lt\/wp-json\/wp\/v2\/types\/product"}],"replies":[{"embeddable":true,"href":"https:\/\/baldumarket.lt\/lt\/wp-json\/wp\/v2\/comments?post=201360"}],"wp:featuredmedia":[{"embeddable":true,"href":"https:\/\/baldumarket.lt\/lt\/wp-json\/wp\/v2\/media\/201361"}],"wp:attachment":[{"href":"https:\/\/baldumarket.lt\/lt\/wp-json\/wp\/v2\/media?parent=201360"}],"wp:term":[{"taxonomy":"product_brand","embeddable":true,"href":"https:\/\/baldumarket.lt\/lt\/wp-json\/wp\/v2\/product_brand?post=201360"},{"taxonomy":"product_cat","embeddable":true,"href":"https:\/\/baldumarket.lt\/lt\/wp-json\/wp\/v2\/product_cat?post=201360"},{"taxonomy":"product_tag","embeddable":true,"href":"https:\/\/baldumarket.lt\/lt\/wp-json\/wp\/v2\/product_tag?post=201360"}],"curies":[{"name":"wp","href":"https:\/\/api.w.org\/{rel}","templated":true}]}}