{"id":201312,"date":"2025-12-24T23:03:13","date_gmt":"2025-12-24T20:03:13","guid":{"rendered":"https:\/\/baldumarket.lt\/product\/tango-komoda-szafka-z-barkiem-1ds1d-prawa-z-oswietleniem-mebin\/"},"modified":"2026-02-11T18:39:30","modified_gmt":"2026-02-11T15:39:30","slug":"tango-komoda-szafka-z-barkiem-1ds1d-prawa-z-oswietleniem-mebin","status":"publish","type":"product","link":"https:\/\/baldumarket.lt\/lt\/product\/tango-komoda-szafka-z-barkiem-1ds1d-prawa-z-oswietleniem-mebin\/","title":{"rendered":"Tango komoda 1DS1D de\u0161inin\u0117 su ap\u0161vietimu Mebin"},"content":{"rendered":"<p>Specifikacijos:<br \/>\nGamintojas: Mebin<br \/>\n\u0160alis: Lenkija<br \/>\nMed\u017eiaga: korpusas \u2013 MDF; priekis \u2013 MDF, laminuotas; kojos \u2013 medin\u0117s<br \/>\nSpalva: auksin\u0117, kaimi\u0161ka<\/p>","protected":false},"excerpt":{"rendered":"<p>Matmenys:<br \/>\nAuk\u0161tis: 140 cm<br \/>\nPlotis: 111 cm<br \/>\nGylis: 45 cm<\/p>","protected":false},"featured_media":201313,"comment_status":"open","ping_status":"open","template":"","meta":[],"product_brand":[],"product_cat":[1173,5573],"product_tag":[],"class_list":{"0":"post-201312","1":"product","2":"type-product","3":"status-publish","4":"has-post-thumbnail","6":"product_cat-chests-of-drawers","7":"product_cat-mebin","9":"first","10":"instock","11":"product-type-simple"},"_links":{"self":[{"href":"https:\/\/baldumarket.lt\/lt\/wp-json\/wp\/v2\/product\/201312","targetHints":{"allow":["GET"]}}],"collection":[{"href":"https:\/\/baldumarket.lt\/lt\/wp-json\/wp\/v2\/product"}],"about":[{"href":"https:\/\/baldumarket.lt\/lt\/wp-json\/wp\/v2\/types\/product"}],"replies":[{"embeddable":true,"href":"https:\/\/baldumarket.lt\/lt\/wp-json\/wp\/v2\/comments?post=201312"}],"wp:featuredmedia":[{"embeddable":true,"href":"https:\/\/baldumarket.lt\/lt\/wp-json\/wp\/v2\/media\/201313"}],"wp:attachment":[{"href":"https:\/\/baldumarket.lt\/lt\/wp-json\/wp\/v2\/media?parent=201312"}],"wp:term":[{"taxonomy":"product_brand","embeddable":true,"href":"https:\/\/baldumarket.lt\/lt\/wp-json\/wp\/v2\/product_brand?post=201312"},{"taxonomy":"product_cat","embeddable":true,"href":"https:\/\/baldumarket.lt\/lt\/wp-json\/wp\/v2\/product_cat?post=201312"},{"taxonomy":"product_tag","embeddable":true,"href":"https:\/\/baldumarket.lt\/lt\/wp-json\/wp\/v2\/product_tag?post=201312"}],"curies":[{"name":"wp","href":"https:\/\/api.w.org\/{rel}","templated":true}]}}