{"id":201301,"date":"2025-12-24T23:02:39","date_gmt":"2025-12-24T20:02:39","guid":{"rendered":"https:\/\/baldumarket.lt\/product\/tango-showcase-witryna-pojedyncza-1ds-lewa-z-oswietleniem-mebin\/"},"modified":"2026-02-11T18:39:30","modified_gmt":"2026-02-11T15:39:30","slug":"tango-showcase-witryna-pojedyncza-1ds-lewa-z-oswietleniem-mebin","status":"publish","type":"product","link":"https:\/\/baldumarket.lt\/lt\/product\/tango-showcase-witryna-pojedyncza-1ds-lewa-z-oswietleniem-mebin\/","title":{"rendered":"Tango vitrina, viengul\u0117 spintel\u0117, 1DS, kairin\u0117, su ap\u0161vietimu, Mebin"},"content":{"rendered":"<p>Specifikacijos:<br \/>\nGamintojas: Mebin<br \/>\n\u0160alis: Lenkija<br \/>\nMed\u017eiaga: korpusas \u2013 MDF; priekis \u2013 MDF, laminuotas; kojos \u2013 medin\u0117s<br \/>\nSpalva: auksin\u0117, kaimi\u0161ka<\/p>","protected":false},"excerpt":{"rendered":"<p>Matmenys:<br \/>\n\u016agis: 201 cm<br \/>\nPlotis: 60 cm<br \/>\nGylis: 45 cm<\/p>","protected":false},"featured_media":201302,"comment_status":"open","ping_status":"open","template":"","meta":[],"product_brand":[],"product_cat":[5573,2006],"product_tag":[],"class_list":{"0":"post-201301","1":"product","2":"type-product","3":"status-publish","4":"has-post-thumbnail","6":"product_cat-mebin","7":"product_cat-vitrines","9":"first","10":"instock","11":"product-type-simple"},"_links":{"self":[{"href":"https:\/\/baldumarket.lt\/lt\/wp-json\/wp\/v2\/product\/201301","targetHints":{"allow":["GET"]}}],"collection":[{"href":"https:\/\/baldumarket.lt\/lt\/wp-json\/wp\/v2\/product"}],"about":[{"href":"https:\/\/baldumarket.lt\/lt\/wp-json\/wp\/v2\/types\/product"}],"replies":[{"embeddable":true,"href":"https:\/\/baldumarket.lt\/lt\/wp-json\/wp\/v2\/comments?post=201301"}],"wp:featuredmedia":[{"embeddable":true,"href":"https:\/\/baldumarket.lt\/lt\/wp-json\/wp\/v2\/media\/201302"}],"wp:attachment":[{"href":"https:\/\/baldumarket.lt\/lt\/wp-json\/wp\/v2\/media?parent=201301"}],"wp:term":[{"taxonomy":"product_brand","embeddable":true,"href":"https:\/\/baldumarket.lt\/lt\/wp-json\/wp\/v2\/product_brand?post=201301"},{"taxonomy":"product_cat","embeddable":true,"href":"https:\/\/baldumarket.lt\/lt\/wp-json\/wp\/v2\/product_cat?post=201301"},{"taxonomy":"product_tag","embeddable":true,"href":"https:\/\/baldumarket.lt\/lt\/wp-json\/wp\/v2\/product_tag?post=201301"}],"curies":[{"name":"wp","href":"https:\/\/api.w.org\/{rel}","templated":true}]}}