{"id":199012,"date":"2025-12-24T04:35:10","date_gmt":"2025-12-24T01:35:10","guid":{"rendered":"https:\/\/baldumarket.lt\/product\/witryna-smart-sm06\/"},"modified":"2026-02-19T11:51:34","modified_gmt":"2026-02-19T08:51:34","slug":"witryna-smart-sm06","status":"publish","type":"product","link":"https:\/\/baldumarket.lt\/lt\/product\/witryna-smart-sm06\/","title":{"rendered":"I\u0160MANIOJI VITRINA SM06"},"content":{"rendered":"<p>SMART sistema \u2013 vietoje surinktos ir pagamintos \u017ealiavos, atsi\u017evelgiant \u012f ekologij\u0105, u\u017etikrinan\u010dios kokyb\u0119, ilgaam\u017ei\u0161kum\u0105 ir puikias gamybos s\u0105lygas. Nat\u016bralus \u0105\u017euolo fanera suteikia interjerui elegancijos ir \u0161ilumos, kuri\u0105 sustiprina lakuot\u0173 plienini\u0173 pagrind\u0173 kontrastas. Lengva ir skaidri form\u0173 forma sukuria gra\u017e\u0173 r\u0117m\u0105 moderniam gyvenimo b\u016bdui.<br \/>\nTechninis apra\u0161ymas:<br \/>\n\u2013 Baldai neda\u017eyto \u0105\u017euolo spalvos<br \/>\n\u2013 Apdaila \u2013 matinis skaidrus lakas<br \/>\n\u2013 Korpusas \u2013 bald\u0173 plok\u0161t\u0117, dengta \u0105\u017euolo fanera<br \/>\n\u2013 Stalvir\u0161iai \u2013 MDF plok\u0161t\u0117, padengta \u0105\u017euolo fanera<br \/>\n\u2013 Priekin\u0117 dalis \u2013 bald\u0173 lenta, dengta \u0105\u017euolo fanera<br \/>\n\u2013 Baldo pagrindas \u2013 metalin\u0117 matin\u0117s juodos spalvos koja<br \/>\n\u2013 Rankena \u2013 matin\u0117s juodos spalvos aliuminio<br \/>\n\u2013 Stal\u010di\u0173 d\u0117\u017e\u0117s \u2013 juodos spalvos laminuota plok\u0161t\u0117<\/p>","protected":false},"excerpt":{"rendered":"<p>Produkto matmenys:<br \/>\nPlotis: 92,00 cm<br \/>\n\u016agis: 195,50 cm<br \/>\nGylis: 37,50 cm<\/p>","protected":false},"featured_media":199013,"comment_status":"open","ping_status":"open","template":"","meta":[],"product_brand":[],"product_cat":[9672,5571],"product_tag":[],"class_list":{"0":"post-199012","1":"product","2":"type-product","3":"status-publish","4":"has-post-thumbnail","6":"product_cat-furniture-system-smart-art-futuro","7":"product_cat-art-futuro","9":"first","10":"instock","11":"product-type-simple"},"_links":{"self":[{"href":"https:\/\/baldumarket.lt\/lt\/wp-json\/wp\/v2\/product\/199012","targetHints":{"allow":["GET"]}}],"collection":[{"href":"https:\/\/baldumarket.lt\/lt\/wp-json\/wp\/v2\/product"}],"about":[{"href":"https:\/\/baldumarket.lt\/lt\/wp-json\/wp\/v2\/types\/product"}],"replies":[{"embeddable":true,"href":"https:\/\/baldumarket.lt\/lt\/wp-json\/wp\/v2\/comments?post=199012"}],"wp:featuredmedia":[{"embeddable":true,"href":"https:\/\/baldumarket.lt\/lt\/wp-json\/wp\/v2\/media\/199013"}],"wp:attachment":[{"href":"https:\/\/baldumarket.lt\/lt\/wp-json\/wp\/v2\/media?parent=199012"}],"wp:term":[{"taxonomy":"product_brand","embeddable":true,"href":"https:\/\/baldumarket.lt\/lt\/wp-json\/wp\/v2\/product_brand?post=199012"},{"taxonomy":"product_cat","embeddable":true,"href":"https:\/\/baldumarket.lt\/lt\/wp-json\/wp\/v2\/product_cat?post=199012"},{"taxonomy":"product_tag","embeddable":true,"href":"https:\/\/baldumarket.lt\/lt\/wp-json\/wp\/v2\/product_tag?post=199012"}],"curies":[{"name":"wp","href":"https:\/\/api.w.org\/{rel}","templated":true}]}}