{"id":198975,"date":"2025-12-24T04:33:42","date_gmt":"2025-12-24T01:33:42","guid":{"rendered":"https:\/\/baldumarket.lt\/product\/witryna-rennes-rn06\/"},"modified":"2026-02-19T11:58:58","modified_gmt":"2026-02-19T08:58:58","slug":"witryna-rennes-rn06","status":"publish","type":"product","link":"https:\/\/baldumarket.lt\/lt\/product\/witryna-rennes-rn06\/","title":{"rendered":"RENNES VITRINA RN06"},"content":{"rendered":"<p>\u201eRennes\u201c kolekcija buvo sukurta galvojant apie i\u0161rank\u0173 klient\u0105. Paprastos formos, juodo arba auksinio metalo apdaila ir dekoratyvin\u0117s lamel\u0117s primena lofto stili\u0173.<\/p>\n<p>Techninis apra\u0161ymas:<br \/>\n\u2013 Standartin\u0117 bald\u0173 spalva: neda\u017eytas \u0105\u017euolas arba matin\u0117 juoda ant med\u017eio<br \/>\n\u2013 \u0104\u017euolo faneruot\u0117s korpusas ir fasadai<br \/>\n\u2013 Auksin\u0117s arba juodos metalin\u0117s kojel\u0117s<br \/>\n\u2013 Durys su pasl\u0117ptais vyriais<br \/>\n\u2013 Stal\u010di\u0173 komodos ir korpuso vidus: juoda laminuota plok\u0161t\u0117<br \/>\n\u2013 Auksin\u0117 arba juoda metalin\u0117 rankena<\/p>","protected":false},"excerpt":{"rendered":"<p>Produkto matmenys:<br \/>\nPlotis: 54,00 cm<br \/>\n\u016agis: 198,00 cm<br \/>\nGylis: 44,00 cm<\/p>","protected":false},"featured_media":198976,"comment_status":"open","ping_status":"open","template":"","meta":[],"product_brand":[],"product_cat":[9678,5571],"product_tag":[],"class_list":{"0":"post-198975","1":"product","2":"type-product","3":"status-publish","4":"has-post-thumbnail","6":"product_cat-furniture-system-rennes-art-futuro","7":"product_cat-art-futuro","9":"first","10":"instock","11":"product-type-simple"},"_links":{"self":[{"href":"https:\/\/baldumarket.lt\/lt\/wp-json\/wp\/v2\/product\/198975","targetHints":{"allow":["GET"]}}],"collection":[{"href":"https:\/\/baldumarket.lt\/lt\/wp-json\/wp\/v2\/product"}],"about":[{"href":"https:\/\/baldumarket.lt\/lt\/wp-json\/wp\/v2\/types\/product"}],"replies":[{"embeddable":true,"href":"https:\/\/baldumarket.lt\/lt\/wp-json\/wp\/v2\/comments?post=198975"}],"wp:featuredmedia":[{"embeddable":true,"href":"https:\/\/baldumarket.lt\/lt\/wp-json\/wp\/v2\/media\/198976"}],"wp:attachment":[{"href":"https:\/\/baldumarket.lt\/lt\/wp-json\/wp\/v2\/media?parent=198975"}],"wp:term":[{"taxonomy":"product_brand","embeddable":true,"href":"https:\/\/baldumarket.lt\/lt\/wp-json\/wp\/v2\/product_brand?post=198975"},{"taxonomy":"product_cat","embeddable":true,"href":"https:\/\/baldumarket.lt\/lt\/wp-json\/wp\/v2\/product_cat?post=198975"},{"taxonomy":"product_tag","embeddable":true,"href":"https:\/\/baldumarket.lt\/lt\/wp-json\/wp\/v2\/product_tag?post=198975"}],"curies":[{"name":"wp","href":"https:\/\/api.w.org\/{rel}","templated":true}]}}