{"id":198915,"date":"2025-12-24T04:31:13","date_gmt":"2025-12-24T01:31:13","guid":{"rendered":"https:\/\/baldumarket.lt\/product\/witryna-narozna-hawana-h23\/"},"modified":"2026-02-19T11:50:10","modified_gmt":"2026-02-19T08:50:10","slug":"witryna-narozna-hawana-h23","status":"publish","type":"product","link":"https:\/\/baldumarket.lt\/lt\/product\/witryna-narozna-hawana-h23\/","title":{"rendered":"HAWANA KAMPAS EKSPONUOJAMASIS STALAS H23"},"content":{"rendered":"<p>HAVANA\u2026 \u2013 tai gra\u017eus, romanti\u0161kas interjeras, primenantis pra\u0117jusi\u0105 epoch\u0105, kurio \u017eavesiui sunku atsispirti.<br \/>\nTai subtilus stili\u0173, koncepcij\u0173 ir dabartini\u0173 tendencij\u0173 derinys\u2026<br \/>\nTai tvirtumo ir rafinuoto skonio derinys\u2026<br \/>\nTai faneros ir med\u017eio masyvo elegancija\u2026<br \/>\nTai prabanga, kuri i\u0161laikys savo gro\u017e\u012f ir nesenstant\u012f stili\u0173 net ir po daugelio met\u0173\u2026<br \/>\nLeiskit\u0117s b\u016bti suvilioti, leiskit\u0117s \u012f emocin\u0119 kelion\u0119!!!<br \/>\nTechninis apra\u0161ymas:<br \/>\n\u2013 korpusas ir priekin\u0117 dalis, tiek viduje, tiek i\u0161or\u0117je, pagaminti i\u0161 \u0105\u017euolo faneros,<br \/>\n\u2013 vainiko elementai pagaminti i\u0161 vientisos alksnio medienos,<br \/>\n\u2013 baldai standartin\u0117s 16 spalvos arba kitos pasirinktos spalvos pagal pageidavim\u0105,<br \/>\n\u2013 rankenos: sendinto aukso spalvos aliuminis<br \/>\n\u2013 komodos su stal\u010diais: laminuota plok\u0161t\u0117.<\/p>","protected":false},"excerpt":{"rendered":"<p>Produkto matmenys:<br \/>\nPlotis: 86,00 cm<br \/>\n\u016agis: 203,00 cm<br \/>\nGylis: 70,00 cm<\/p>","protected":false},"featured_media":198916,"comment_status":"open","ping_status":"open","template":"","meta":[],"product_brand":[],"product_cat":[9671,5571],"product_tag":[],"class_list":{"0":"post-198915","1":"product","2":"type-product","3":"status-publish","4":"has-post-thumbnail","6":"product_cat-furniture-system-hawana-art-futuro","7":"product_cat-art-futuro","9":"first","10":"instock","11":"product-type-simple"},"_links":{"self":[{"href":"https:\/\/baldumarket.lt\/lt\/wp-json\/wp\/v2\/product\/198915","targetHints":{"allow":["GET"]}}],"collection":[{"href":"https:\/\/baldumarket.lt\/lt\/wp-json\/wp\/v2\/product"}],"about":[{"href":"https:\/\/baldumarket.lt\/lt\/wp-json\/wp\/v2\/types\/product"}],"replies":[{"embeddable":true,"href":"https:\/\/baldumarket.lt\/lt\/wp-json\/wp\/v2\/comments?post=198915"}],"wp:featuredmedia":[{"embeddable":true,"href":"https:\/\/baldumarket.lt\/lt\/wp-json\/wp\/v2\/media\/198916"}],"wp:attachment":[{"href":"https:\/\/baldumarket.lt\/lt\/wp-json\/wp\/v2\/media?parent=198915"}],"wp:term":[{"taxonomy":"product_brand","embeddable":true,"href":"https:\/\/baldumarket.lt\/lt\/wp-json\/wp\/v2\/product_brand?post=198915"},{"taxonomy":"product_cat","embeddable":true,"href":"https:\/\/baldumarket.lt\/lt\/wp-json\/wp\/v2\/product_cat?post=198915"},{"taxonomy":"product_tag","embeddable":true,"href":"https:\/\/baldumarket.lt\/lt\/wp-json\/wp\/v2\/product_tag?post=198915"}],"curies":[{"name":"wp","href":"https:\/\/api.w.org\/{rel}","templated":true}]}}