{"id":198885,"date":"2025-12-24T04:30:02","date_gmt":"2025-12-24T01:30:02","guid":{"rendered":"https:\/\/baldumarket.lt\/product\/witryna-mons-mn07\/"},"modified":"2026-02-19T11:54:21","modified_gmt":"2026-02-19T08:54:21","slug":"witryna-mons-mn07","status":"publish","type":"product","link":"https:\/\/baldumarket.lt\/lt\/product\/witryna-mons-mn07\/","title":{"rendered":"MONS MN07 VITRINA"},"content":{"rendered":"<p>\u201eMons\u201c kolekcija skirta paprast\u0173, bet eleganti\u0161k\u0173 interjer\u0173 m\u0117g\u0117jams. Apvalios formos, grioveliai ant fasad\u0173 ir matin\u0117s juodos spalvos apdaila pavers kitaip bebru\u010dius kambarius svajoni\u0173 namais, o harmoninga ir subtili erdv\u0117 panardins savinink\u0105 \u012f palaiming\u0105 atsipalaidavimo b\u016bsen\u0105.<\/p>\n<p>Techninis apra\u0161ymas:<br \/>\n\u2013 Baldai standartin\u0117s spalvos Nr. 37 \u2013 \u0161altai ruda \/ matin\u0117 juoda<br \/>\n\u2013 Korpusas ir priekin\u0117 dalis pagaminti i\u0161 faneruotos MDF plok\u0161t\u0117s, lakuotos i\u0161 abiej\u0173 pusi\u0173<br \/>\n\u2013 Baldo pagrindas \u2013 juodos metalin\u0117s koja<br \/>\n\u2013 \u012eleid\u017eiama rankena \u2013 juodas aliuminis<br \/>\n\u2013 Komodos su stal\u010diais \u2013 juoda laminuota plok\u0161t\u0117<br \/>\n\u2013 Stikliniai fasadai \u2013 juodas aliuminio r\u0117mas, skaidrus stiklas<\/p>","protected":false},"excerpt":{"rendered":"<p>Produkto matmenys:<br \/>\nPlotis: 105,00 cm<br \/>\nAuk\u0161tis: 120,00 cm<br \/>\nGylis: 41,00 cm<\/p>","protected":false},"featured_media":198886,"comment_status":"open","ping_status":"open","template":"","meta":[],"product_brand":[],"product_cat":[9674,5571],"product_tag":[],"class_list":{"0":"post-198885","1":"product","2":"type-product","3":"status-publish","4":"has-post-thumbnail","6":"product_cat-furniture-system-mons-art-futuro","7":"product_cat-art-futuro","9":"first","10":"instock","11":"product-type-simple"},"_links":{"self":[{"href":"https:\/\/baldumarket.lt\/lt\/wp-json\/wp\/v2\/product\/198885","targetHints":{"allow":["GET"]}}],"collection":[{"href":"https:\/\/baldumarket.lt\/lt\/wp-json\/wp\/v2\/product"}],"about":[{"href":"https:\/\/baldumarket.lt\/lt\/wp-json\/wp\/v2\/types\/product"}],"replies":[{"embeddable":true,"href":"https:\/\/baldumarket.lt\/lt\/wp-json\/wp\/v2\/comments?post=198885"}],"wp:featuredmedia":[{"embeddable":true,"href":"https:\/\/baldumarket.lt\/lt\/wp-json\/wp\/v2\/media\/198886"}],"wp:attachment":[{"href":"https:\/\/baldumarket.lt\/lt\/wp-json\/wp\/v2\/media?parent=198885"}],"wp:term":[{"taxonomy":"product_brand","embeddable":true,"href":"https:\/\/baldumarket.lt\/lt\/wp-json\/wp\/v2\/product_brand?post=198885"},{"taxonomy":"product_cat","embeddable":true,"href":"https:\/\/baldumarket.lt\/lt\/wp-json\/wp\/v2\/product_cat?post=198885"},{"taxonomy":"product_tag","embeddable":true,"href":"https:\/\/baldumarket.lt\/lt\/wp-json\/wp\/v2\/product_tag?post=198885"}],"curies":[{"name":"wp","href":"https:\/\/api.w.org\/{rel}","templated":true}]}}