{"id":198869,"date":"2025-12-24T04:29:28","date_gmt":"2025-12-24T01:29:28","guid":{"rendered":"https:\/\/baldumarket.lt\/product\/witryna-madera-dr06\/"},"modified":"2026-02-19T11:55:28","modified_gmt":"2026-02-19T08:55:28","slug":"witryna-madera-dr06","status":"publish","type":"product","link":"https:\/\/baldumarket.lt\/lt\/product\/witryna-madera-dr06\/","title":{"rendered":"MADERA DR06 VITRINA"},"content":{"rendered":"<p>\u201eMadera DR06\u201c vitrina i\u0161 \u201eArt-Futuro\u201c \u201eModera\u201c kolekcijos apjungia elegancij\u0105, funkcionalum\u0105 ir modern\u0173 dizain\u0105. 90 cm plo\u010dio, 200 cm auk\u0161\u010dio ir 50 cm gylio, tai puikus pasirinkimas erdvioms svetain\u0117ms, valgomiesiems ar biurams, nes si\u016blo daug vietos dekoratyvini\u0173 daikt\u0173 laikymui ir eksponavimui.<br \/>\nSpintel\u0117s korpusas pagamintas i\u0161 nat\u016bralaus, neda\u017eyto \u0105\u017euolo, o matin\u0117 apdaila pabr\u0117\u017eia subtili\u0105 baldo elegancij\u0105. Priekin\u0117s dalys, pagamintos i\u0161 lakuotos, balk\u0161vos spalvos MDF plok\u0161t\u0117s, suteikia spintelei modern\u0173, gaiv\u0173 vaizd\u0105, kuris puikiai dera su likusiu interjeru. Lakuotas \u0105\u017euolo faneruot\u0117s stalvir\u0161is i\u0161ry\u0161kina nat\u016bral\u0173 medienos gro\u017e\u012f, u\u017etikrina patvarum\u0105 ir atsparum\u0105 kasdieniam naudojimui.<br \/>\nSpintel\u0117 turi keturias duris, pro kurias patogu patekti \u012f vid\u0173. Pasl\u0117pti vyriai su \u0161velnaus u\u017edarymo mechanizmu u\u017etikrina tyl\u0173 ir skland\u0173 dur\u0173 u\u017edarym\u0105, o aukso spalvos plienin\u0117s rankenos suteikia prabangos. Med\u017eio masyvo kojel\u0117s u\u017etikrina stabilum\u0105 ir elegancij\u0105.<\/p>\n<p>U\u017e papildom\u0105 mokest\u012f galima \u012fsigyti papildom\u0105 ap\u0161vietim\u0105, kuris leid\u017eia sukurti atmosferin\u012f ap\u0161vietimo efekt\u0105, i\u0161ry\u0161kinant\u012f vitrinos turin\u012f ir suteikiant\u012f kambariui unikali\u0105 atmosfer\u0105. \u201eMadera DR06\u201c vitrina \u2013 puikus pasirinkimas ie\u0161kantiems eleganti\u0161ko, funkcionalaus baldo, kuriame der\u0117t\u0173 auk\u0161tos kokyb\u0117s meistri\u0161kumas, modernus stilius ir pritaikymo galimyb\u0117s.<\/p>","protected":false},"excerpt":{"rendered":"<p>Produkto matmenys:<br \/>\nPlotis: 86,00 cm<br \/>\nAuk\u0161tis: 200,00 cm<br \/>\nGylis: 50,00 cm<\/p>","protected":false},"featured_media":198870,"comment_status":"open","ping_status":"open","template":"","meta":[],"product_brand":[],"product_cat":[9675,5571],"product_tag":[],"class_list":{"0":"post-198869","1":"product","2":"type-product","3":"status-publish","4":"has-post-thumbnail","6":"product_cat-furniture-system-madera-art-futuro","7":"product_cat-art-futuro","9":"first","10":"instock","11":"product-type-simple"},"_links":{"self":[{"href":"https:\/\/baldumarket.lt\/lt\/wp-json\/wp\/v2\/product\/198869","targetHints":{"allow":["GET"]}}],"collection":[{"href":"https:\/\/baldumarket.lt\/lt\/wp-json\/wp\/v2\/product"}],"about":[{"href":"https:\/\/baldumarket.lt\/lt\/wp-json\/wp\/v2\/types\/product"}],"replies":[{"embeddable":true,"href":"https:\/\/baldumarket.lt\/lt\/wp-json\/wp\/v2\/comments?post=198869"}],"wp:featuredmedia":[{"embeddable":true,"href":"https:\/\/baldumarket.lt\/lt\/wp-json\/wp\/v2\/media\/198870"}],"wp:attachment":[{"href":"https:\/\/baldumarket.lt\/lt\/wp-json\/wp\/v2\/media?parent=198869"}],"wp:term":[{"taxonomy":"product_brand","embeddable":true,"href":"https:\/\/baldumarket.lt\/lt\/wp-json\/wp\/v2\/product_brand?post=198869"},{"taxonomy":"product_cat","embeddable":true,"href":"https:\/\/baldumarket.lt\/lt\/wp-json\/wp\/v2\/product_cat?post=198869"},{"taxonomy":"product_tag","embeddable":true,"href":"https:\/\/baldumarket.lt\/lt\/wp-json\/wp\/v2\/product_tag?post=198869"}],"curies":[{"name":"wp","href":"https:\/\/api.w.org\/{rel}","templated":true}]}}