{"id":198861,"date":"2025-12-24T04:29:09","date_gmt":"2025-12-24T01:29:09","guid":{"rendered":"https:\/\/baldumarket.lt\/product\/witryna-madera-dr04\/"},"modified":"2026-02-19T11:55:28","modified_gmt":"2026-02-19T08:55:28","slug":"witryna-madera-dr04","status":"publish","type":"product","link":"https:\/\/baldumarket.lt\/lt\/product\/witryna-madera-dr04\/","title":{"rendered":"MADERA VITRINA DR04"},"content":{"rendered":"<p>\u201eArt-Futuro\u201c \u201eMadera DR04\u201c vitrina \u2013 eleganti\u0161kas ir funkcionalus pasirinkimas, interjerui suteikiantis modernaus stiliaus su klasikiniu prisilietimu. 136 cm plo\u010dio, 200 cm auk\u0161\u010dio ir 50 cm gylio spintel\u0117 suteikia daug vietos m\u0117gstamiems daiktams laikyti ir eksponuoti. Ji puikiai tinka erdvioms svetain\u0117ms, valgomiesiems ar biurams.<\/p>\n<p>Spintel\u0117s korpusas pagamintas i\u0161 nat\u016bralaus, neda\u017eyto \u0105\u017euolo, kuris kartu su matiniu pavir\u0161iumi suteikia elegancijos ir subtilumo. Priekin\u0117s dalys, pagamintos i\u0161 lakuotos, balk\u0161vos spalvos MDF plok\u0161t\u0117s, puikiai papildo bendr\u0105 dizain\u0105, suteikdamos baldui lengvumo ir nesenstan\u010dio charakterio. Lakuotas \u0105\u017euolo faneruot\u0117s stalvir\u0161is sustiprina nat\u016bral\u0173 medienos \u017eaves\u012f, kartu i\u0161laikydamas \u0161ilt\u0105 ir jauki\u0105 i\u0161vaizd\u0105.<\/p>\n<p>Spintel\u0117 turi \u0161e\u0161ias dureles, u\u017etikrinan\u010dias patog\u0173 pri\u0117jim\u0105 prie vidaus, puikiai tinkan\u010dias tiek dokumentams, tiek dekoratyviniams daiktams laikyti. Pasl\u0117pti vyriai su \u0161velnaus u\u017edarymo mechanizmu u\u017etikrina tyl\u0173 ir skland\u0173 dur\u0173 u\u017edarym\u0105. Aukso spalvos plienin\u0117s rankenos suteikia vitrinai prabangos i\u0161vaizd\u0105, harmoningai dera prie bendro dizaino. Med\u017eio masyvo kojel\u0117s suteikia stabilumo ir eleganti\u0161k\u0105 akcent\u0105 spintel\u0117s apa\u010dioje.<\/p>\n<p>U\u017e papildom\u0105 mokest\u012f galima \u012fsigyti papildom\u0105 ap\u0161vietim\u0105, kuris leid\u017eia sukurti unikali\u0105 atmosfer\u0105 kambaryje, i\u0161ry\u0161kinti vitrinos turin\u012f ir suteikti jai modernumo. \u201eMadera DR04\u201c vitrina \u2013 puikus pasirinkimas ie\u0161kantiems funkcionalaus, bet eleganti\u0161ko baldo, kuriame der\u0117t\u0173 auk\u0161tos kokyb\u0117s meistri\u0161kumas ir \u0161iuolaiki\u0161kas dizainas.<\/p>","protected":false},"excerpt":{"rendered":"<p>Produkto matmenys:<br \/>\nPlotis: 136,00 cm<br \/>\nAuk\u0161tis: 200,00 cm<br \/>\nGylis: 50,00 cm<\/p>","protected":false},"featured_media":198862,"comment_status":"open","ping_status":"open","template":"","meta":[],"product_brand":[],"product_cat":[9675,5571],"product_tag":[],"class_list":{"0":"post-198861","1":"product","2":"type-product","3":"status-publish","4":"has-post-thumbnail","6":"product_cat-furniture-system-madera-art-futuro","7":"product_cat-art-futuro","9":"first","10":"instock","11":"product-type-simple"},"_links":{"self":[{"href":"https:\/\/baldumarket.lt\/lt\/wp-json\/wp\/v2\/product\/198861","targetHints":{"allow":["GET"]}}],"collection":[{"href":"https:\/\/baldumarket.lt\/lt\/wp-json\/wp\/v2\/product"}],"about":[{"href":"https:\/\/baldumarket.lt\/lt\/wp-json\/wp\/v2\/types\/product"}],"replies":[{"embeddable":true,"href":"https:\/\/baldumarket.lt\/lt\/wp-json\/wp\/v2\/comments?post=198861"}],"wp:featuredmedia":[{"embeddable":true,"href":"https:\/\/baldumarket.lt\/lt\/wp-json\/wp\/v2\/media\/198862"}],"wp:attachment":[{"href":"https:\/\/baldumarket.lt\/lt\/wp-json\/wp\/v2\/media?parent=198861"}],"wp:term":[{"taxonomy":"product_brand","embeddable":true,"href":"https:\/\/baldumarket.lt\/lt\/wp-json\/wp\/v2\/product_brand?post=198861"},{"taxonomy":"product_cat","embeddable":true,"href":"https:\/\/baldumarket.lt\/lt\/wp-json\/wp\/v2\/product_cat?post=198861"},{"taxonomy":"product_tag","embeddable":true,"href":"https:\/\/baldumarket.lt\/lt\/wp-json\/wp\/v2\/product_tag?post=198861"}],"curies":[{"name":"wp","href":"https:\/\/api.w.org\/{rel}","templated":true}]}}