{"id":198662,"date":"2025-12-24T04:21:01","date_gmt":"2025-12-24T01:21:01","guid":{"rendered":"https:\/\/baldumarket.lt\/product\/witryna-hampton-drewno-konfiguruj-kolor\/"},"modified":"2026-02-11T18:39:34","modified_gmt":"2026-02-11T15:39:34","slug":"witryna-hampton-drewno-konfiguruj-kolor","status":"publish","type":"product","link":"https:\/\/baldumarket.lt\/lt\/product\/witryna-hampton-drewno-konfiguruj-kolor\/","title":{"rendered":"HAMPTON MEDIN\u0116S VITRIN\u0116S SPINTEL\u0116S KONFIG\u016aRUOKITE SPALV\u0104"},"content":{"rendered":"<p>\u201eHampton\u201c vitrina i\u0161 \u201eArt-Futuro\u201c \u201eModera\u201c kolekcijos \u2013 tai unikalus baldas, kur\u012f galima visi\u0161kai pritaikyti pagal u\u017esakym\u0105, renkantis korpuso ir fasad\u0173 spalvas i\u0161 RAL palet\u0117s. \u0160i parinktis leid\u017eia vitrin\u0105 puikiai pritaikyti prie individuali\u0173 poreiki\u0173 ir bet kokio interjero stiliaus. 130 cm plo\u010dio, 124 cm auk\u0161\u010dio ir 45 cm gylio ji puikiai tinka \u012fvairioms erdv\u0117ms, tokioms kaip svetain\u0117, valgomasis ar biuras.<\/p>\n<p>Vitrina pagaminta i\u0161 auk\u0161tos kokyb\u0117s med\u017eiag\u0173, o matin\u0117 apdaila pabr\u0117\u017eia subtil\u0173 jos elegancij\u0105. Lakuoti MDF fasadai, kuriuos taip pat galima \u012fsigyti RAL spalvomis, suteikia spintelei modernumo, kartu u\u017etikrindami patvarum\u0105 ir lengv\u0105 prie\u017ei\u016br\u0105. Lakuotas MDF stalvir\u0161is papildo dizain\u0105, suteikdamas interjerui nat\u016bralios medienos \u0161ilum\u0105.<\/p>\n<p>Vitrina turi dvejas duris, kurios suteikia daug vietos daiktams susid\u0117ti, o aukso spalvos plienin\u0117s rankenos suteikia prabangos. Vieno lapo vyriai be \u0161velnaus u\u017edarymo mechanizmo leid\u017eia greitai atidaryti duris. Vitrinos cokolio kojel\u0117s u\u017etikrina stabilum\u0105 ir eleganti\u0161k\u0105 i\u0161vaizd\u0105.<\/p>\n<p>U\u017e papildom\u0105 mokest\u012f galima \u012fsigyti papildom\u0105 ap\u0161vietim\u0105, kuris dar labiau i\u0161ry\u0161kina vitrinos turin\u012f ir sukuria jauki\u0105 atmosfer\u0105. \u201eHampton\u201c vitrina \u2013 tai eleganti\u0161kas, funkcionalus ir visi\u0161kai pritaikomas baldas, puikiai tinkantis moderniam interjerui, pasi\u017eymintis auk\u0161tos kokyb\u0117s meistri\u0161kumu ir visomis pritaikymo galimyb\u0117mis.<\/p>","protected":false},"excerpt":{"rendered":"<p>Produkto matmenys:<br \/>\nPlotis: 130,00 cm<br \/>\n\u016agis: 124,00 cm<br \/>\nGylis: 45,00 cm<\/p>","protected":false},"featured_media":198663,"comment_status":"open","ping_status":"open","template":"","meta":[],"product_brand":[],"product_cat":[5571,2006],"product_tag":[],"class_list":{"0":"post-198662","1":"product","2":"type-product","3":"status-publish","4":"has-post-thumbnail","6":"product_cat-art-futuro","7":"product_cat-vitrines","9":"first","10":"instock","11":"product-type-simple"},"_links":{"self":[{"href":"https:\/\/baldumarket.lt\/lt\/wp-json\/wp\/v2\/product\/198662","targetHints":{"allow":["GET"]}}],"collection":[{"href":"https:\/\/baldumarket.lt\/lt\/wp-json\/wp\/v2\/product"}],"about":[{"href":"https:\/\/baldumarket.lt\/lt\/wp-json\/wp\/v2\/types\/product"}],"replies":[{"embeddable":true,"href":"https:\/\/baldumarket.lt\/lt\/wp-json\/wp\/v2\/comments?post=198662"}],"wp:featuredmedia":[{"embeddable":true,"href":"https:\/\/baldumarket.lt\/lt\/wp-json\/wp\/v2\/media\/198663"}],"wp:attachment":[{"href":"https:\/\/baldumarket.lt\/lt\/wp-json\/wp\/v2\/media?parent=198662"}],"wp:term":[{"taxonomy":"product_brand","embeddable":true,"href":"https:\/\/baldumarket.lt\/lt\/wp-json\/wp\/v2\/product_brand?post=198662"},{"taxonomy":"product_cat","embeddable":true,"href":"https:\/\/baldumarket.lt\/lt\/wp-json\/wp\/v2\/product_cat?post=198662"},{"taxonomy":"product_tag","embeddable":true,"href":"https:\/\/baldumarket.lt\/lt\/wp-json\/wp\/v2\/product_tag?post=198662"}],"curies":[{"name":"wp","href":"https:\/\/api.w.org\/{rel}","templated":true}]}}