{"id":198472,"date":"2025-12-24T04:13:32","date_gmt":"2025-12-24T01:13:32","guid":{"rendered":"https:\/\/baldumarket.lt\/product\/witryna-barocco-br09\/"},"modified":"2026-02-17T10:09:48","modified_gmt":"2026-02-17T07:09:48","slug":"witryna-barocco-br09","status":"publish","type":"product","link":"https:\/\/baldumarket.lt\/lt\/product\/witryna-barocco-br09\/","title":{"rendered":"BAROCCO BR09 VITRINA"},"content":{"rendered":"<p>\u201eBarocco New Collection\u201c \u2013 tai klasika su moderniu prieskoniu\u2026<br \/>\nTai gilumas, paslaptis ir magija\u2026<\/p>\n<p>Tai blizgan\u010di\u0173 pavir\u0161i\u0173 gro\u017eis\u2026<br \/>\n\u00a0<br \/>\nTechninis apra\u0161ymas:<\/p>\n<p>\u2013 Standartin\u0117 bald\u0173 spalva: korpusas ir fasadai \u2013 blizgus lakas, grynai baltas 9003, arba kita J\u016bs\u0173 pasirinkta blizgi spalva<\/p>\n<p>\u2013 Kolekcijoje taip pat yra stal\u0173, k\u0117d\u017ei\u0173 ir kavos staliuk\u0173<\/p>\n<p>\u2013 Korpusas pagamintas i\u0161 MDF plok\u0161t\u0117s, tiek viduje, tiek i\u0161or\u0117je<\/p>\n<p>\u2013 Baldus taip pat galima \u012fsigyti su \u0105\u017euolo fanera ir pla\u010diu spalv\u0173 pasirinkimu<\/p>\n<p>\u2013 Rankenos: aliuminio<\/p>\n<p>\u2013 Stal\u010di\u0173 blokai: laminuota plok\u0161t\u0117<\/p>\n<p>\u2013 Baldai klientui pristatomi pilnai surinkti.<\/p>","protected":false},"excerpt":{"rendered":"<p>Produkto matmenys:<br \/>\nPlotis: 95,00 cm<br \/>\n\u016agis: 186,00 cm<br \/>\nGylis: 45,00 cm<\/p>","protected":false},"featured_media":198473,"comment_status":"open","ping_status":"open","template":"","meta":[],"product_brand":[],"product_cat":[9663,5571,2006],"product_tag":[],"class_list":{"0":"post-198472","1":"product","2":"type-product","3":"status-publish","4":"has-post-thumbnail","6":"product_cat-furniture-system-barocco-art-futuro","7":"product_cat-art-futuro","8":"product_cat-vitrines","10":"first","11":"instock","12":"product-type-simple"},"_links":{"self":[{"href":"https:\/\/baldumarket.lt\/lt\/wp-json\/wp\/v2\/product\/198472","targetHints":{"allow":["GET"]}}],"collection":[{"href":"https:\/\/baldumarket.lt\/lt\/wp-json\/wp\/v2\/product"}],"about":[{"href":"https:\/\/baldumarket.lt\/lt\/wp-json\/wp\/v2\/types\/product"}],"replies":[{"embeddable":true,"href":"https:\/\/baldumarket.lt\/lt\/wp-json\/wp\/v2\/comments?post=198472"}],"wp:featuredmedia":[{"embeddable":true,"href":"https:\/\/baldumarket.lt\/lt\/wp-json\/wp\/v2\/media\/198473"}],"wp:attachment":[{"href":"https:\/\/baldumarket.lt\/lt\/wp-json\/wp\/v2\/media?parent=198472"}],"wp:term":[{"taxonomy":"product_brand","embeddable":true,"href":"https:\/\/baldumarket.lt\/lt\/wp-json\/wp\/v2\/product_brand?post=198472"},{"taxonomy":"product_cat","embeddable":true,"href":"https:\/\/baldumarket.lt\/lt\/wp-json\/wp\/v2\/product_cat?post=198472"},{"taxonomy":"product_tag","embeddable":true,"href":"https:\/\/baldumarket.lt\/lt\/wp-json\/wp\/v2\/product_tag?post=198472"}],"curies":[{"name":"wp","href":"https:\/\/api.w.org\/{rel}","templated":true}]}}