{"id":19833,"date":"2025-11-14T11:36:05","date_gmt":"2025-11-14T08:36:05","guid":{"rendered":"https:\/\/baldumarket.lt\/product\/livio\/"},"modified":"2026-03-29T12:52:06","modified_gmt":"2026-03-29T09:52:06","slug":"livio","status":"publish","type":"product","link":"https:\/\/baldumarket.lt\/lt\/product\/livio\/","title":{"rendered":"Livija"},"content":{"rendered":"<p>\u201eLivio\u201c \u2013 patogi, paprastos i\u0161vaizdos, ta\u010diau erdvi ir jauki kampin\u0117 sofa, kurios matmenys \u2013 237 x 150 x 90 cm. Kampin\u0117 sofa \u201eLivio\u201c u\u017epildyta T25 putomis, kurios yra atsparios deformacijai ir u\u017etikrina maksimal\u0173 komfort\u0105. Papildomas privalumas \u2013 miegojimo funkcija ir patalyn\u0117s skyrius, esantis pufe. I\u0161skleista sofa tampa 125 x 195 cm dyd\u017eio lova.<\/p>","protected":false},"excerpt":{"rendered":"<p>\u201eLivio\u201c \u2013 patogi, paprastos i\u0161vaizdos, ta\u010diau erdvi ir jauki kampin\u0117 sofa, kurios matmenys \u2013 237 x 150 x 90 cm. Kampin\u0117 sofa \u201eLivio\u201c u\u017epildyta T25 putomis, kurios yra atsparios deformacijai ir u\u017etikrina maksimal\u0173 komfort\u0105. Papildomas privalumas \u2013 miegojimo funkcija ir patalyn\u0117s skyrius, esantis pufe. I\u0161skleista sofa tampa [\u2026]<\/p>","protected":false},"featured_media":19834,"comment_status":"open","ping_status":"open","template":"","meta":[],"product_brand":[],"product_cat":[616,1983,2012,9166],"product_tag":[],"class_list":{"0":"post-19833","1":"product","2":"type-product","3":"status-publish","4":"has-post-thumbnail","6":"product_cat-corners","7":"product_cat-corners-l","8":"product_cat-eltap","9":"product_cat-narozniki-eltap","11":"first","12":"instock","13":"purchasable","14":"product-type-variable","15":"wvs-archive-product-wrapper"},"_links":{"self":[{"href":"https:\/\/baldumarket.lt\/lt\/wp-json\/wp\/v2\/product\/19833","targetHints":{"allow":["GET"]}}],"collection":[{"href":"https:\/\/baldumarket.lt\/lt\/wp-json\/wp\/v2\/product"}],"about":[{"href":"https:\/\/baldumarket.lt\/lt\/wp-json\/wp\/v2\/types\/product"}],"replies":[{"embeddable":true,"href":"https:\/\/baldumarket.lt\/lt\/wp-json\/wp\/v2\/comments?post=19833"}],"wp:featuredmedia":[{"embeddable":true,"href":"https:\/\/baldumarket.lt\/lt\/wp-json\/wp\/v2\/media\/19834"}],"wp:attachment":[{"href":"https:\/\/baldumarket.lt\/lt\/wp-json\/wp\/v2\/media?parent=19833"}],"wp:term":[{"taxonomy":"product_brand","embeddable":true,"href":"https:\/\/baldumarket.lt\/lt\/wp-json\/wp\/v2\/product_brand?post=19833"},{"taxonomy":"product_cat","embeddable":true,"href":"https:\/\/baldumarket.lt\/lt\/wp-json\/wp\/v2\/product_cat?post=19833"},{"taxonomy":"product_tag","embeddable":true,"href":"https:\/\/baldumarket.lt\/lt\/wp-json\/wp\/v2\/product_tag?post=19833"}],"curies":[{"name":"wp","href":"https:\/\/api.w.org\/{rel}","templated":true}]}}