{"id":198228,"date":"2025-12-24T04:04:18","date_gmt":"2025-12-24T01:04:18","guid":{"rendered":"https:\/\/baldumarket.lt\/product\/szafka-tv-kashmir-r03\/"},"modified":"2026-02-19T11:53:20","modified_gmt":"2026-02-19T08:53:20","slug":"szafka-tv-kashmir-r03","status":"publish","type":"product","link":"https:\/\/baldumarket.lt\/lt\/product\/szafka-tv-kashmir-r03\/","title":{"rendered":"KA\u0160MYRO TV SPINTEL\u0116 R03"},"content":{"rendered":"<p>\u201eKa\u0161myro\u201c kolekcija \u2013 tai i\u0161skirtiniai baldai su siela, sukuriantys unikali\u0105, nepakartojam\u0105 interjero atmosfer\u0105.<br \/>\nTechninis apra\u0161ymas:<br \/>\n\u2013 korpusas ir priekin\u0117 dalis, tiek viduje, tiek i\u0161or\u0117je, pagaminti i\u0161 \u0105\u017euolo faneros,<br \/>\n\u2013 pagrindas pagamintas i\u0161 tvirtos buko medienos,<br \/>\n\u2013 standartin\u0117s 11 spalvos arba kitos pasirinktos spalvos baldai,<br \/>\n\u2013 pusiau matinis lakas arba blizgus \u201cpoliesterio\u201d lakas (u\u017e papildom\u0105 mokest\u012f),<br \/>\n\u2013 antikinio aukso spalvos aliuminio rankenos,<br \/>\n\u2013 komodos su stal\u010diais i\u0161 laminuotos plok\u0161t\u0117s.<\/p>","protected":false},"excerpt":{"rendered":"<p>Produkto matmenys:<br \/>\nPlotis: 156,00 cm<br \/>\nAuk\u0161tis: 69,00 cm<br \/>\nGylis: 45,00 cm<\/p>","protected":false},"featured_media":198229,"comment_status":"open","ping_status":"open","template":"","meta":[],"product_brand":[],"product_cat":[9673,5571],"product_tag":[],"class_list":{"0":"post-198228","1":"product","2":"type-product","3":"status-publish","4":"has-post-thumbnail","6":"product_cat-furniture-system-kashmir-art-futuro","7":"product_cat-art-futuro","9":"first","10":"instock","11":"product-type-simple"},"_links":{"self":[{"href":"https:\/\/baldumarket.lt\/lt\/wp-json\/wp\/v2\/product\/198228","targetHints":{"allow":["GET"]}}],"collection":[{"href":"https:\/\/baldumarket.lt\/lt\/wp-json\/wp\/v2\/product"}],"about":[{"href":"https:\/\/baldumarket.lt\/lt\/wp-json\/wp\/v2\/types\/product"}],"replies":[{"embeddable":true,"href":"https:\/\/baldumarket.lt\/lt\/wp-json\/wp\/v2\/comments?post=198228"}],"wp:featuredmedia":[{"embeddable":true,"href":"https:\/\/baldumarket.lt\/lt\/wp-json\/wp\/v2\/media\/198229"}],"wp:attachment":[{"href":"https:\/\/baldumarket.lt\/lt\/wp-json\/wp\/v2\/media?parent=198228"}],"wp:term":[{"taxonomy":"product_brand","embeddable":true,"href":"https:\/\/baldumarket.lt\/lt\/wp-json\/wp\/v2\/product_brand?post=198228"},{"taxonomy":"product_cat","embeddable":true,"href":"https:\/\/baldumarket.lt\/lt\/wp-json\/wp\/v2\/product_cat?post=198228"},{"taxonomy":"product_tag","embeddable":true,"href":"https:\/\/baldumarket.lt\/lt\/wp-json\/wp\/v2\/product_tag?post=198228"}],"curies":[{"name":"wp","href":"https:\/\/api.w.org\/{rel}","templated":true}]}}