{"id":198164,"date":"2025-12-24T04:01:44","date_gmt":"2025-12-24T01:01:44","guid":{"rendered":"https:\/\/baldumarket.lt\/product\/szafka-tv-charleston-ce01\/"},"modified":"2026-02-11T01:35:19","modified_gmt":"2026-02-10T22:35:19","slug":"szafka-tv-charleston-ce01","status":"publish","type":"product","link":"https:\/\/baldumarket.lt\/lt\/product\/szafka-tv-charleston-ce01\/","title":{"rendered":"\u010cARLSTONO CE01 TV SPINTEL\u0116"},"content":{"rendered":"<p>\u201eCharleston\u201c kolekcija derina modern\u0173 dizain\u0105 su nesenstan\u010diu med\u017eio \u017eavesiu. Pramonini\u0173 lameli\u0173 ir blizgi\u0173 lakuot\u0173 element\u0173 derinys sukuria unikal\u0173 bald\u0105, suteikiant\u012f svetainei ir valgomajam nepakartojam\u0105 atmosfer\u0105. Kolekcijos priekin\u0117 atidarymo sistema be ranken\u0117li\u0173 padidina bald\u0173 funkcionalum\u0105, tod\u0117l jie yra esteti\u0161kai patraukl\u016bs ir prakti\u0161ki. \u201eCharleston\u201c sukurti taip, kad atlikt\u0173 bet kok\u012f vaidmen\u012f. Be to, stalvir\u0161is papuo\u0161tas stiklo plok\u0161te, tod\u0117l j\u012f lengviau valyti. Standartin\u0117s kojel\u0117s ir cokolio elementai buvo panaikinti, juose \u012frengtos simetri\u0161kai i\u0161d\u0117stytos medin\u0117s stalvir\u0161i\u0173 plok\u0161t\u0117s. \u0160i kolekcija atitinka dabartines tendencijas ir patraukli modernaus bei industrinio interjero m\u0117g\u0117jams.<\/p>","protected":false},"excerpt":{"rendered":"<p>Produkto matmenys:<br \/>\nPlotis: 157,00 cm<br \/>\nAuk\u0161tis: 49,00 cm<br \/>\nGylis: 45,00 cm<\/p>","protected":false},"featured_media":198165,"comment_status":"open","ping_status":"open","template":"","meta":[],"product_brand":[],"product_cat":[5571,1175],"product_tag":[],"class_list":{"0":"post-198164","1":"product","2":"type-product","3":"status-publish","4":"has-post-thumbnail","6":"product_cat-art-futuro","7":"product_cat-tv-stands","9":"first","10":"instock","11":"product-type-simple"},"_links":{"self":[{"href":"https:\/\/baldumarket.lt\/lt\/wp-json\/wp\/v2\/product\/198164","targetHints":{"allow":["GET"]}}],"collection":[{"href":"https:\/\/baldumarket.lt\/lt\/wp-json\/wp\/v2\/product"}],"about":[{"href":"https:\/\/baldumarket.lt\/lt\/wp-json\/wp\/v2\/types\/product"}],"replies":[{"embeddable":true,"href":"https:\/\/baldumarket.lt\/lt\/wp-json\/wp\/v2\/comments?post=198164"}],"wp:featuredmedia":[{"embeddable":true,"href":"https:\/\/baldumarket.lt\/lt\/wp-json\/wp\/v2\/media\/198165"}],"wp:attachment":[{"href":"https:\/\/baldumarket.lt\/lt\/wp-json\/wp\/v2\/media?parent=198164"}],"wp:term":[{"taxonomy":"product_brand","embeddable":true,"href":"https:\/\/baldumarket.lt\/lt\/wp-json\/wp\/v2\/product_brand?post=198164"},{"taxonomy":"product_cat","embeddable":true,"href":"https:\/\/baldumarket.lt\/lt\/wp-json\/wp\/v2\/product_cat?post=198164"},{"taxonomy":"product_tag","embeddable":true,"href":"https:\/\/baldumarket.lt\/lt\/wp-json\/wp\/v2\/product_tag?post=198164"}],"curies":[{"name":"wp","href":"https:\/\/api.w.org\/{rel}","templated":true}]}}