{"id":198158,"date":"2025-12-24T04:01:26","date_gmt":"2025-12-24T01:01:26","guid":{"rendered":"https:\/\/baldumarket.lt\/product\/szafka-tv-carmen-cn01\/"},"modified":"2026-02-19T11:39:21","modified_gmt":"2026-02-19T08:39:21","slug":"szafka-tv-carmen-cn01","status":"publish","type":"product","link":"https:\/\/baldumarket.lt\/lt\/product\/szafka-tv-carmen-cn01\/","title":{"rendered":"CARMEN CN01 TV SPINTEL\u0116"},"content":{"rendered":"<p>\u201eCarmen\u201c kolekcija skirta paprast\u0173, bet eleganti\u0161k\u0173 interjer\u0173 m\u0117g\u0117jams. Apvalios formos, grioveliai ant fasad\u0173 ir aukso spalvos apdaila pavers kitaip paprastus kambarius svajoni\u0173 namais, o harmoninga ir subtili erdv\u0117 panardins savinink\u0105 \u012f palaiming\u0105 atsipalaidavimo b\u016bsen\u0105.<\/p>\n<p>Techninis apra\u0161ymas:<br \/>\n\u2013 Baldai standartin\u0117s spalvos Nr. 36 \u2013 balk\u0161va<br \/>\n\u2013 Korpusas ir priekin\u0117 dalis pagaminti i\u0161 MDF plok\u0161t\u0117s, lakuotos i\u0161 abiej\u0173 pusi\u0173<br \/>\n\u2013 Baldo pagrindas \u2013 aukso spalvos metalin\u0117 koja<br \/>\n\u2013 Rankena \u2013 aukso spalvos aliuminis<br \/>\n\u2013 Komodos su stal\u010diais \u2013 balta laminuota plok\u0161t\u0117<br \/>\n\u2013 Stikliniai fasadai \u2013 aukso spalvos aliuminio r\u0117mas, skaidrus stiklas<\/p>","protected":false},"excerpt":{"rendered":"<p>Produkto matmenys:<br \/>\nPlotis: 160,00 cm<br \/>\nAuk\u0161tis: 62,00 cm<br \/>\nGylis: 41,00 cm<\/p>","protected":false},"featured_media":198159,"comment_status":"open","ping_status":"open","template":"","meta":[],"product_brand":[],"product_cat":[9666,5571],"product_tag":[],"class_list":{"0":"post-198158","1":"product","2":"type-product","3":"status-publish","4":"has-post-thumbnail","6":"product_cat-furniture-system-carmen-art-futuro-art-futuro","7":"product_cat-art-futuro","9":"first","10":"instock","11":"product-type-simple"},"_links":{"self":[{"href":"https:\/\/baldumarket.lt\/lt\/wp-json\/wp\/v2\/product\/198158","targetHints":{"allow":["GET"]}}],"collection":[{"href":"https:\/\/baldumarket.lt\/lt\/wp-json\/wp\/v2\/product"}],"about":[{"href":"https:\/\/baldumarket.lt\/lt\/wp-json\/wp\/v2\/types\/product"}],"replies":[{"embeddable":true,"href":"https:\/\/baldumarket.lt\/lt\/wp-json\/wp\/v2\/comments?post=198158"}],"wp:featuredmedia":[{"embeddable":true,"href":"https:\/\/baldumarket.lt\/lt\/wp-json\/wp\/v2\/media\/198159"}],"wp:attachment":[{"href":"https:\/\/baldumarket.lt\/lt\/wp-json\/wp\/v2\/media?parent=198158"}],"wp:term":[{"taxonomy":"product_brand","embeddable":true,"href":"https:\/\/baldumarket.lt\/lt\/wp-json\/wp\/v2\/product_brand?post=198158"},{"taxonomy":"product_cat","embeddable":true,"href":"https:\/\/baldumarket.lt\/lt\/wp-json\/wp\/v2\/product_cat?post=198158"},{"taxonomy":"product_tag","embeddable":true,"href":"https:\/\/baldumarket.lt\/lt\/wp-json\/wp\/v2\/product_tag?post=198158"}],"curies":[{"name":"wp","href":"https:\/\/api.w.org\/{rel}","templated":true}]}}