{"id":198152,"date":"2025-12-24T04:01:09","date_gmt":"2025-12-24T01:01:09","guid":{"rendered":"https:\/\/baldumarket.lt\/product\/szafka-tv-caren-c03\/"},"modified":"2026-02-19T11:37:05","modified_gmt":"2026-02-19T08:37:05","slug":"szafka-tv-caren-c03","status":"publish","type":"product","link":"https:\/\/baldumarket.lt\/lt\/product\/szafka-tv-caren-c03\/","title":{"rendered":"CAREN C03 TV spintel\u0117"},"content":{"rendered":"<p>\u201eCaren\u201c sistema \u2013 tai klasikin\u0117 sistema, skirta tiems, kurie vertina nesenstant\u012f stili\u0173. Dekoratyviniai akcentai, rankenos ir frezos papildo baldo i\u0161vaizd\u0105, pabr\u0117\u017edamos jo gro\u017e\u012f. Pastorintos \u0161onin\u0117s dalys ir kar\u016bn\u0117l\u0117s, b\u016bdingos \u201eCaren\u201c sistemai, garantuoja ilgaam\u017ei\u0161kum\u0105 ir komfort\u0105. Visos i\u0161lenktos fasadin\u0117s formos suteikia kolekcijai eleganti\u0161k\u0105 ir prabang\u0173 poj\u016bt\u012f.<\/p>\n<p>Techninis apra\u0161ymas:<br \/>\n\u2013 korpusas ir priekin\u0117 dalis viduje ir i\u0161or\u0117je pagaminti i\u0161 \u0105\u017euolo faneros,<br \/>\n\u2013 kar\u016bnos elementai pagaminti i\u0161 tvirtos alksnio medienos,<br \/>\n\u2013 baldai standartin\u0117s 17 spalvos arba kitos pasirinktos spalvos pagal pageidavim\u0105,<br \/>\n\u2013 rankenos: sendinto aukso spalvos aliuminis,<br \/>\n\u2013 komodos su stal\u010diais: laminuota plok\u0161t\u0117.<\/p>","protected":false},"excerpt":{"rendered":"<p>Produkto matmenys:<br \/>\nPlotis: 136,00 cm<br \/>\nAuk\u0161tis: 63,00 cm<br \/>\nGylis: 50,00 cm<\/p>","protected":false},"featured_media":198153,"comment_status":"open","ping_status":"open","template":"","meta":[],"product_brand":[],"product_cat":[9665,5571],"product_tag":[],"class_list":{"0":"post-198152","1":"product","2":"type-product","3":"status-publish","4":"has-post-thumbnail","6":"product_cat-furniture-system-carmen-art-futuro","7":"product_cat-art-futuro","9":"first","10":"instock","11":"product-type-simple"},"_links":{"self":[{"href":"https:\/\/baldumarket.lt\/lt\/wp-json\/wp\/v2\/product\/198152","targetHints":{"allow":["GET"]}}],"collection":[{"href":"https:\/\/baldumarket.lt\/lt\/wp-json\/wp\/v2\/product"}],"about":[{"href":"https:\/\/baldumarket.lt\/lt\/wp-json\/wp\/v2\/types\/product"}],"replies":[{"embeddable":true,"href":"https:\/\/baldumarket.lt\/lt\/wp-json\/wp\/v2\/comments?post=198152"}],"wp:featuredmedia":[{"embeddable":true,"href":"https:\/\/baldumarket.lt\/lt\/wp-json\/wp\/v2\/media\/198153"}],"wp:attachment":[{"href":"https:\/\/baldumarket.lt\/lt\/wp-json\/wp\/v2\/media?parent=198152"}],"wp:term":[{"taxonomy":"product_brand","embeddable":true,"href":"https:\/\/baldumarket.lt\/lt\/wp-json\/wp\/v2\/product_brand?post=198152"},{"taxonomy":"product_cat","embeddable":true,"href":"https:\/\/baldumarket.lt\/lt\/wp-json\/wp\/v2\/product_cat?post=198152"},{"taxonomy":"product_tag","embeddable":true,"href":"https:\/\/baldumarket.lt\/lt\/wp-json\/wp\/v2\/product_tag?post=198152"}],"curies":[{"name":"wp","href":"https:\/\/api.w.org\/{rel}","templated":true}]}}