{"id":198132,"date":"2025-12-24T04:00:20","date_gmt":"2025-12-24T01:00:20","guid":{"rendered":"https:\/\/baldumarket.lt\/product\/szafka-tv-brooklyn-by02\/"},"modified":"2026-02-11T01:35:12","modified_gmt":"2026-02-10T22:35:12","slug":"szafka-tv-brooklyn-by02","status":"publish","type":"product","link":"https:\/\/baldumarket.lt\/lt\/product\/szafka-tv-brooklyn-by02\/","title":{"rendered":"BROOKLYN BY02 TV SPINTEL\u0116"},"content":{"rendered":"<p>\u201eBrooklyn\u201c kolekcija pasi\u017eymi moderniu dizainu, kuris bet kokiam interjerui suteikia nauj\u0105 dimensij\u0105. Bald\u0173 fasadai padengti blizgiu laku, tod\u0117l juos daug lengviau valyti. Vir\u0161uje padengta \u201eLacobel\u201c danga ne tik atlieka funkcin\u0119 funkcij\u0105, bet ir puikiai atrodo. Moderniai i\u0161d\u0117styta stiklin\u0117 plok\u0161t\u0117 atspindi \u0161vies\u0105, sukurdama kambaryje stulbinan\u010di\u0105 aur\u0105. Lentyn\u0173 ap\u0161vietimas puikiai i\u0161sklaido \u0161vies\u0105 ir skland\u017eiai dera prie bendro dizaino. Priekyje sumontuotos ranken\u0117l\u0117s sukuria subtili\u0105, horizontali\u0105 linij\u0105, kuri d\u0117l chromo apdailos efektyviai atspindi \u0161vies\u0105. Funkcionalios \u0161velniai u\u017esidaran\u010dios durel\u0117s ir savaime u\u017esidarantys stal\u010diai padidina naudojimo komfort\u0105. Chromuotos kojel\u0117s, pasi\u017eymin\u010dios paprasta forma ir klasikine apdaila, puikiai papildo vis\u0105 kolekcij\u0105.<\/p>","protected":false},"excerpt":{"rendered":"<p>Produkto matmenys:<br \/>\nPlotis: 150,00 cm<br \/>\nAuk\u0161tis: 34,00 cm<br \/>\nGylis: 45,00 cm<\/p>","protected":false},"featured_media":198133,"comment_status":"open","ping_status":"open","template":"","meta":[],"product_brand":[],"product_cat":[5571,1175],"product_tag":[],"class_list":{"0":"post-198132","1":"product","2":"type-product","3":"status-publish","4":"has-post-thumbnail","6":"product_cat-art-futuro","7":"product_cat-tv-stands","9":"first","10":"instock","11":"product-type-simple"},"_links":{"self":[{"href":"https:\/\/baldumarket.lt\/lt\/wp-json\/wp\/v2\/product\/198132","targetHints":{"allow":["GET"]}}],"collection":[{"href":"https:\/\/baldumarket.lt\/lt\/wp-json\/wp\/v2\/product"}],"about":[{"href":"https:\/\/baldumarket.lt\/lt\/wp-json\/wp\/v2\/types\/product"}],"replies":[{"embeddable":true,"href":"https:\/\/baldumarket.lt\/lt\/wp-json\/wp\/v2\/comments?post=198132"}],"wp:featuredmedia":[{"embeddable":true,"href":"https:\/\/baldumarket.lt\/lt\/wp-json\/wp\/v2\/media\/198133"}],"wp:attachment":[{"href":"https:\/\/baldumarket.lt\/lt\/wp-json\/wp\/v2\/media?parent=198132"}],"wp:term":[{"taxonomy":"product_brand","embeddable":true,"href":"https:\/\/baldumarket.lt\/lt\/wp-json\/wp\/v2\/product_brand?post=198132"},{"taxonomy":"product_cat","embeddable":true,"href":"https:\/\/baldumarket.lt\/lt\/wp-json\/wp\/v2\/product_cat?post=198132"},{"taxonomy":"product_tag","embeddable":true,"href":"https:\/\/baldumarket.lt\/lt\/wp-json\/wp\/v2\/product_tag?post=198132"}],"curies":[{"name":"wp","href":"https:\/\/api.w.org\/{rel}","templated":true}]}}