{"id":198100,"date":"2025-12-24T03:58:59","date_gmt":"2025-12-24T00:58:59","guid":{"rendered":"https:\/\/baldumarket.lt\/product\/szafka-tv-bawaria-b11\/"},"modified":"2026-02-19T11:11:58","modified_gmt":"2026-02-19T08:11:58","slug":"szafka-tv-bawaria-b11","status":"publish","type":"product","link":"https:\/\/baldumarket.lt\/lt\/product\/szafka-tv-bawaria-b11\/","title":{"rendered":"BAVARIJOS TV SPINTEL\u0116 B11"},"content":{"rendered":"<p>\u201eBawaria\u201c \u2013 tai auk\u0161\u010diausio lygio meistri\u0161kumo kolekcija, atspindinti naujausias pasaulinio dizaino tendencijas. \u201eBawaria\u201c bald\u0173 stiliui b\u016bdinga gryna forma, harmoningos proporcijos ir nat\u016bralios medienos bei faneruot\u0117s gro\u017eis. Unikalus kolekcijos \u012fvaizdis \u2013 tai didinga elegancija ir i\u0161skirtinis modernumas. \u201eBawaria\u201c \u2013 tai d\u0117mesys detal\u0117ms, kilnus gro\u017eis ir estetiniai potyriai. \u012ekv\u0117pkite, susikurkite savo erdv\u0119 ir gyvenkite prabangiai!<\/p>\n<p>Techninis apra\u0161ymas:<br \/>\n\u2013 korpusas ir priekin\u0117 dalis, tiek viduje, tiek i\u0161or\u0117je, pagaminti i\u0161 \u0105\u017euolo faneros<br \/>\n\u2013 kar\u016bnos elementai pagaminti i\u0161 tvirtos alksnio medienos<br \/>\n\u2013 baldai gali b\u016bti standartin\u0117s 13 spalvos arba kitos J\u016bs\u0173 pasirinktos spalvos pagal pageidavim\u0105<br \/>\n\u2013 rankenos: sendinto aukso spalvos aliuminis<br \/>\n\u2013 komodos su stal\u010diais: laminuota plok\u0161t\u0117.<\/p>","protected":false},"excerpt":{"rendered":"<p>Produkto matmenys:<br \/>\nPlotis: 102,00 cm<br \/>\nAuk\u0161tis: 63,00 cm<br \/>\nGylis: 50,00 cm<\/p>","protected":false},"featured_media":198101,"comment_status":"open","ping_status":"open","template":"","meta":[],"product_brand":[],"product_cat":[9664,5571],"product_tag":[],"class_list":{"0":"post-198100","1":"product","2":"type-product","3":"status-publish","4":"has-post-thumbnail","6":"product_cat-furniture-system-bawaria-art-futuro","7":"product_cat-art-futuro","9":"first","10":"instock","11":"product-type-simple"},"_links":{"self":[{"href":"https:\/\/baldumarket.lt\/lt\/wp-json\/wp\/v2\/product\/198100","targetHints":{"allow":["GET"]}}],"collection":[{"href":"https:\/\/baldumarket.lt\/lt\/wp-json\/wp\/v2\/product"}],"about":[{"href":"https:\/\/baldumarket.lt\/lt\/wp-json\/wp\/v2\/types\/product"}],"replies":[{"embeddable":true,"href":"https:\/\/baldumarket.lt\/lt\/wp-json\/wp\/v2\/comments?post=198100"}],"wp:featuredmedia":[{"embeddable":true,"href":"https:\/\/baldumarket.lt\/lt\/wp-json\/wp\/v2\/media\/198101"}],"wp:attachment":[{"href":"https:\/\/baldumarket.lt\/lt\/wp-json\/wp\/v2\/media?parent=198100"}],"wp:term":[{"taxonomy":"product_brand","embeddable":true,"href":"https:\/\/baldumarket.lt\/lt\/wp-json\/wp\/v2\/product_brand?post=198100"},{"taxonomy":"product_cat","embeddable":true,"href":"https:\/\/baldumarket.lt\/lt\/wp-json\/wp\/v2\/product_cat?post=198100"},{"taxonomy":"product_tag","embeddable":true,"href":"https:\/\/baldumarket.lt\/lt\/wp-json\/wp\/v2\/product_tag?post=198100"}],"curies":[{"name":"wp","href":"https:\/\/api.w.org\/{rel}","templated":true}]}}