{"id":198094,"date":"2025-12-24T03:58:42","date_gmt":"2025-12-24T00:58:42","guid":{"rendered":"https:\/\/baldumarket.lt\/product\/szafka-tv-barocco-new-bn01\/"},"modified":"2026-02-19T11:13:50","modified_gmt":"2026-02-19T08:13:50","slug":"szafka-tv-barocco-new-bn01","status":"publish","type":"product","link":"https:\/\/baldumarket.lt\/lt\/product\/szafka-tv-barocco-new-bn01\/","title":{"rendered":"BAROCCO NAUJAS TV SPINTEL\u0116 BN01"},"content":{"rendered":"<p>\u201eBarocco New\u201c kolekcijas galima apib\u016bdinti keliais \u017eod\u017eiais: elegancija, stilius, pra\u0161matnumas ir prabanga. M\u016bs\u0173 naujoji kolekcija \u2013 tai prabangos ir prabangos, derinamos su geru skoniu, kvintesencija. Ji pasi\u017eymi spindin\u010dia balta spalva, mink\u0161tais apmu\u0161alais ir i\u0161skirtin\u0117mis formomis. \u201eBarocco New\u201c leis Jums sukurti tobul\u0105 kompozicij\u0105 su moteri\u0161ku, subtiliu charakteriu\u2026<br \/>\nTechninis apra\u0161ymas:<br \/>\n\u2013 Korpusas ir priekin\u0117 dalis i\u0161 MDF, padengti auk\u0161tos kokyb\u0117s, blizgiu laku<br \/>\n\u2013 Atraminiai elementai pagaminti i\u0161 tvirtos medienos korpuso spalvos<br \/>\n\u2013 Aliuminio rankenos<br \/>\n\u2013 Stal\u010di\u0173 d\u0117\u017e\u0117s pagamintos i\u0161 laminuotos plok\u0161t\u0117s<\/p>","protected":false},"excerpt":{"rendered":"<p>Produkto matmenys:<br \/>\nPlotis: 143,00 cm<br \/>\nAuk\u0161tis: 64,00 cm<br \/>\nGylis: 45,00 cm<\/p>","protected":false},"featured_media":198095,"comment_status":"open","ping_status":"open","template":"","meta":[],"product_brand":[],"product_cat":[9662,5571],"product_tag":[],"class_list":{"0":"post-198094","1":"product","2":"type-product","3":"status-publish","4":"has-post-thumbnail","6":"product_cat-furniture-system-barocco-new-art-futuro","7":"product_cat-art-futuro","9":"first","10":"instock","11":"product-type-simple"},"_links":{"self":[{"href":"https:\/\/baldumarket.lt\/lt\/wp-json\/wp\/v2\/product\/198094","targetHints":{"allow":["GET"]}}],"collection":[{"href":"https:\/\/baldumarket.lt\/lt\/wp-json\/wp\/v2\/product"}],"about":[{"href":"https:\/\/baldumarket.lt\/lt\/wp-json\/wp\/v2\/types\/product"}],"replies":[{"embeddable":true,"href":"https:\/\/baldumarket.lt\/lt\/wp-json\/wp\/v2\/comments?post=198094"}],"wp:featuredmedia":[{"embeddable":true,"href":"https:\/\/baldumarket.lt\/lt\/wp-json\/wp\/v2\/media\/198095"}],"wp:attachment":[{"href":"https:\/\/baldumarket.lt\/lt\/wp-json\/wp\/v2\/media?parent=198094"}],"wp:term":[{"taxonomy":"product_brand","embeddable":true,"href":"https:\/\/baldumarket.lt\/lt\/wp-json\/wp\/v2\/product_brand?post=198094"},{"taxonomy":"product_cat","embeddable":true,"href":"https:\/\/baldumarket.lt\/lt\/wp-json\/wp\/v2\/product_cat?post=198094"},{"taxonomy":"product_tag","embeddable":true,"href":"https:\/\/baldumarket.lt\/lt\/wp-json\/wp\/v2\/product_tag?post=198094"}],"curies":[{"name":"wp","href":"https:\/\/api.w.org\/{rel}","templated":true}]}}